{"id":113780,"date":"2025-04-11T14:25:43","date_gmt":"2025-04-11T14:25:43","guid":{"rendered":"https:\/\/lovephone.store\/?post_type=product&#038;p=113780"},"modified":"2025-04-29T14:21:48","modified_gmt":"2025-04-29T14:21:48","slug":"nfc-projection-screen-case-color-ink-screen-is-suitable-for-iphone13-16-series-personality-ai-projection-screen-case","status":"publish","type":"product","link":"https:\/\/lovephone.store\/pt\/product\/nfc-projection-screen-case-color-ink-screen-is-suitable-for-iphone13-16-series-personality-ai-projection-screen-case\/","title":{"rendered":"Estojo para ecr\u00e3 de proje\u00e7\u00e3o NFC O ecr\u00e3 de tinta a cores \u00e9 adequado para o iPhone13-16 Estojo para ecr\u00e3 de proje\u00e7\u00e3o AI de personalidade"},"content":{"rendered":"<div style=\"width: 544px;\" class=\"wp-video\"><!--[if lt IE 9]><script>document.createElement('video');<\/script><![endif]-->\n<video class=\"wp-video-shortcode\" id=\"video-113780-1\" width=\"544\" height=\"960\" loop=\"1\" preload=\"metadata\" controls=\"controls\"><source type=\"video\/mp4\" src=\"https:\/\/lovephone.store\/wp-content\/uploads\/2025\/04\/\u56db\u8272\u82f1\u6587\u89c6\u9891.mp4?_=1\" \/><a href=\"https:\/\/lovephone.store\/wp-content\/uploads\/2025\/04\/\u56db\u8272\u82f1\u6587\u89c6\u9891.mp4\">https:\/\/lovephone.store\/wp-content\/uploads\/2025\/04\/\u56db\u8272\u82f1\u6587\u89c6\u9891.mp4<\/a><\/video><\/div>","protected":false},"excerpt":{"rendered":"","protected":false},"featured_media":113781,"comment_status":"open","ping_status":"closed","template":"","meta":{"_acf_changed":false},"product_cat":[1566],"product_tag":[],"giftcard-category":[],"class_list":{"0":"post-113780","1":"product","2":"type-product","3":"status-publish","4":"has-post-thumbnail","6":"product_cat-all-product","8":"first","9":"instock","10":"sale","11":"taxable","12":"shipping-taxable","13":"purchasable","14":"product-type-simple"},"acf":[],"_links":{"self":[{"href":"https:\/\/lovephone.store\/pt\/wp-json\/wp\/v2\/product\/113780","targetHints":{"allow":["GET"]}}],"collection":[{"href":"https:\/\/lovephone.store\/pt\/wp-json\/wp\/v2\/product"}],"about":[{"href":"https:\/\/lovephone.store\/pt\/wp-json\/wp\/v2\/types\/product"}],"replies":[{"embeddable":true,"href":"https:\/\/lovephone.store\/pt\/wp-json\/wp\/v2\/comments?post=113780"}],"version-history":[{"count":4,"href":"https:\/\/lovephone.store\/pt\/wp-json\/wp\/v2\/product\/113780\/revisions"}],"predecessor-version":[{"id":113851,"href":"https:\/\/lovephone.store\/pt\/wp-json\/wp\/v2\/product\/113780\/revisions\/113851"}],"wp:featuredmedia":[{"embeddable":true,"href":"https:\/\/lovephone.store\/pt\/wp-json\/wp\/v2\/media\/113781"}],"wp:attachment":[{"href":"https:\/\/lovephone.store\/pt\/wp-json\/wp\/v2\/media?parent=113780"}],"wp:term":[{"taxonomy":"product_cat","embeddable":true,"href":"https:\/\/lovephone.store\/pt\/wp-json\/wp\/v2\/product_cat?post=113780"},{"taxonomy":"product_tag","embeddable":true,"href":"https:\/\/lovephone.store\/pt\/wp-json\/wp\/v2\/product_tag?post=113780"},{"taxonomy":"giftcard-category","embeddable":true,"href":"https:\/\/lovephone.store\/pt\/wp-json\/wp\/v2\/giftcard-category?post=113780"}],"curies":[{"name":"wp","href":"https:\/\/api.w.org\/{rel}","templated":true}]}}