{"id":24870,"date":"2024-11-18T17:36:11","date_gmt":"2024-11-18T17:36:11","guid":{"rendered":"https:\/\/lovephone.store\/?page_id=24870"},"modified":"2024-12-16T14:04:30","modified_gmt":"2024-12-16T14:04:30","slug":"billing-terms-conditions","status":"publish","type":"page","link":"https:\/\/lovephone.store\/pt\/billing-terms-conditions\/","title":{"rendered":"Billing Terms &#038; Conditions"},"content":{"rendered":"<p>Atualmente, a worldsoccerweb aceita os seguintes cart\u00f5es de cr\u00e9dito<\/p>\n<ul class=\"wp-block-list\">\n<li>Visto<\/li>\n<li>Mastercard<\/li>\n<li>Amex<\/li>\n<li>JCb<\/li>\n<\/ul>\n<p>Asseguramos que todas as transac\u00e7\u00f5es com cart\u00e3o de cr\u00e9dito ocorrem num ambiente seguro. O sistema de pagamento tem uma encripta\u00e7\u00e3o de seguran\u00e7a SSL de 128 bits. Poder\u00e1 ver que a transa\u00e7\u00e3o \u00e9 segura se vir um cadeado no canto inferior direito do seu browser. N\u00e3o retemos as informa\u00e7\u00f5es do seu cart\u00e3o de cr\u00e9dito ap\u00f3s a conclus\u00e3o da sua encomenda. Em vez disso, s\u00e3o enviadas diretamente para os nossos bancos. Pode ter a certeza de que, em cada compra, as informa\u00e7\u00f5es do seu cart\u00e3o de cr\u00e9dito ou da sua conta banc\u00e1ria estar\u00e3o seguras.<\/p>\n<p>Ainda assim, tem d\u00favidas? Por favor\u00a0<strong><a href=\"https:\/\/lovephone.store\/pt\/contact-us\/\" data-type=\"link\" data-id=\"https:\/\/spendexo.com\/contact-us\/\">Contactar-nos.<\/a><\/strong><\/p>","protected":false},"excerpt":{"rendered":"<p>worldsoccerweb currently, accepts the following credit cards: Visa Mastercard Amex JCb We ensure that every credit card transaction occurs within<\/p>","protected":false},"author":3,"featured_media":0,"parent":0,"menu_order":0,"comment_status":"closed","ping_status":"closed","template":"","meta":{"_acf_changed":false,"footnotes":""},"class_list":["post-24870","page","type-page","status-publish","hentry"],"acf":[],"_links":{"self":[{"href":"https:\/\/lovephone.store\/pt\/wp-json\/wp\/v2\/pages\/24870","targetHints":{"allow":["GET"]}}],"collection":[{"href":"https:\/\/lovephone.store\/pt\/wp-json\/wp\/v2\/pages"}],"about":[{"href":"https:\/\/lovephone.store\/pt\/wp-json\/wp\/v2\/types\/page"}],"author":[{"embeddable":true,"href":"https:\/\/lovephone.store\/pt\/wp-json\/wp\/v2\/users\/3"}],"replies":[{"embeddable":true,"href":"https:\/\/lovephone.store\/pt\/wp-json\/wp\/v2\/comments?post=24870"}],"version-history":[{"count":0,"href":"https:\/\/lovephone.store\/pt\/wp-json\/wp\/v2\/pages\/24870\/revisions"}],"wp:attachment":[{"href":"https:\/\/lovephone.store\/pt\/wp-json\/wp\/v2\/media?parent=24870"}],"curies":[{"name":"wp","href":"https:\/\/api.w.org\/{rel}","templated":true}]}}