{"id":24858,"date":"2024-11-18T17:28:22","date_gmt":"2024-11-18T17:28:22","guid":{"rendered":"https:\/\/lovephone.store\/?page_id=24858"},"modified":"2025-04-12T03:23:36","modified_gmt":"2025-04-12T03:23:36","slug":"shipping-delivery","status":"publish","type":"page","link":"https:\/\/lovephone.store\/pt\/shipping-delivery\/","title":{"rendered":"Shipping &#038; Delivery"},"content":{"rendered":"<div data-elementor-type=\"wp-page\" data-elementor-id=\"24858\" class=\"elementor elementor-24858\" data-elementor-post-type=\"page\">\n\t\t\t\t<div class=\"wd-negative-gap elementor-element elementor-element-73f637a8 e-flex e-con-boxed e-con e-parent\" data-id=\"73f637a8\" data-element_type=\"container\">\n\t\t\t\t\t<div class=\"e-con-inner\">\n\t\t\t\t<div class=\"elementor-element elementor-element-6cb23c50 color-scheme-inherit text-left elementor-widget elementor-widget-text-editor\" data-id=\"6cb23c50\" data-element_type=\"widget\" data-widget_type=\"text-editor.default\">\n\t\t\t\t<div class=\"elementor-widget-container\">\n\t\t\t\t\t\t\t\t\t<p>Obrigado pela sua visita&nbsp;<strong>Loja LovePhone<\/strong>. Esta p\u00e1gina detalha os termos e condi\u00e7\u00f5es da nossa pol\u00edtica de envio. Concentramo-nos muito em garantir que os artigos s\u00e3o entregues aos nossos clientes o mais rapidamente poss\u00edvel.<\/p>\n<figure class=\"wp-block-table\">\n<table class=\"has-fixed-layout\">\n<tbody>\n<tr>\n<td>Pa\u00eds<\/td>\n<td>Tempo de trabalho<\/td>\n<td>Hora de fecho da encomenda<\/td>\n<td>Tempo de tratamento da encomenda<\/td>\n<td>Tempo de envio<\/td>\n<td>Taxas de envio<\/td>\n<\/tr>\n<tr>\n<td>Em todo o mundo<\/td>\n<td>Segunda-feira a sexta-feira<\/td>\n<td>9:00 AM GMT-8 Hora padr\u00e3o do Pac\u00edfico (Los Angeles)<\/td>\n<td>1-3 dias \u00fateis<\/td>\n<td>8-15 dias \u00fateis<\/td>\n<td>10,00 USD&nbsp;<\/td>\n<\/tr>\n<tr>\n<td>Em todo o mundo<\/td>\n<td>Segunda-feira a sexta-feira<\/td>\n<td>9:00 AM GMT-8 Hora padr\u00e3o do Pac\u00edfico (Los Angeles)<\/td>\n<td>1-3 dias \u00fateis<\/td>\n<td>5-10 dias \u00fateis<\/td>\n<td>22,00 USD&nbsp;<\/td>\n<\/tr>\n<\/tbody>\n<\/table>\n<\/figure>\n<p><strong>Informa\u00e7\u00f5es de rastreio:<\/strong><\/p>\n<p>O n\u00famero de rastreio ser\u00e1 comunicado por correio eletr\u00f3nico ou por conta banc\u00e1ria assim que o produto for enviado. Pode utilizar este n\u00famero de seguimento para acompanhar a evolu\u00e7\u00e3o da sua encomenda. Pode demorar algum tempo ap\u00f3s a rece\u00e7\u00e3o do n\u00famero de seguimento para que as informa\u00e7\u00f5es de seguimento sejam actualizadas.<\/p>\n<h4 class=\"wp-block-heading\"><strong>30 dias de devolu\u00e7\u00e3o<\/strong><\/h4>\n<p>Garantimos a qualidade dos nossos produtos e queremos que fique completamente satisfeito com a sua compra. Se os seus produtos tiverem algum problema ou n\u00e3o corresponderem \u00e0s suas expectativas, pode devolv\u00ea-los no prazo de 30 dias para obter um reembolso total ou uma troca. A sua satisfa\u00e7\u00e3o \u00e9 a nossa prioridade e estamos empenhados em tornar o processo de devolu\u00e7\u00e3o o mais simples e c\u00f3modo poss\u00edvel para si.<\/p>\n<h4 class=\"wp-block-heading\"><strong>Pagamento seguro<\/strong><\/h4>\n<p>Compre com confian\u00e7a, sabendo que as suas informa\u00e7\u00f5es de pagamento est\u00e3o seguras e protegidas connosco. Utilizamos medidas de seguran\u00e7a padr\u00e3o da ind\u00fastria para proteger os seus dados sens\u00edveis e garantir um processo de pagamento seguro e sem problemas. A sua privacidade e seguran\u00e7a s\u00e3o da maior import\u00e2ncia para n\u00f3s e tomamos todas as precau\u00e7\u00f5es para salvaguardar as suas informa\u00e7\u00f5es.<\/p>\n<h4 class=\"wp-block-heading\"><strong>Suporte 24\/7<\/strong><\/h4>\n<p>A nossa equipa de apoio dedicada est\u00e1 dispon\u00edvel 24 horas por dia para o ajudar com quaisquer quest\u00f5es ou preocupa\u00e7\u00f5es que possa ter. Quer necessite de assist\u00eancia para efetuar uma encomenda, acompanhar um envio ou resolver um problema, a nossa equipa de apoio experiente e simp\u00e1tica est\u00e1 aqui para o ajudar. Estamos empenhados em fornecer um servi\u00e7o de apoio ao cliente excecional em cada etapa da sua viagem de compras.<\/p>\n<p>Obrigado por escolher a LovePhone-shop. Agradecemos a sua confian\u00e7a e lealdade, e esperamos continuar a servi-lo com excel\u00eancia. Se tiver alguma d\u00favida ou precisar de mais assist\u00eancia, n\u00e3o hesite em contactar-nos. A sua satisfa\u00e7\u00e3o \u00e9 a nossa prioridade, e estamos aqui para garantir que a sua experi\u00eancia connosco seja excecional.<\/p>\n<p>Se tiver mais perguntas ou precisar de ajuda com a nossa pol\u00edtica de envio, por favor&nbsp;<a href=\"https:\/\/lovephone.store\/pt\/contact-us\/\">contacto<\/a>&nbsp;o nosso servi\u00e7o ao cliente. Estamos aqui para prestar um excelente apoio e garantir um envio sem problemas.<\/p>\n<p>Obrigado por escolher <strong>Loja LovePhone<\/strong><strong>!<\/strong>&nbsp;Boas compras!<\/p>\t\t\t\t\t\t\t\t<\/div>\n\t\t\t\t<\/div>\n\t\t\t\t\t<\/div>\n\t\t\t\t<\/div>\n\t\t\t\t<\/div>","protected":false},"excerpt":{"rendered":"<p>Thank you for visiting&nbsp;LovePhone-Shop. This page details the terms of conditions of our shipping policy. We have put a lot<\/p>","protected":false},"author":3,"featured_media":0,"parent":0,"menu_order":0,"comment_status":"closed","ping_status":"closed","template":"","meta":{"_acf_changed":false,"footnotes":""},"class_list":["post-24858","page","type-page","status-publish","hentry"],"acf":[],"_links":{"self":[{"href":"https:\/\/lovephone.store\/pt\/wp-json\/wp\/v2\/pages\/24858","targetHints":{"allow":["GET"]}}],"collection":[{"href":"https:\/\/lovephone.store\/pt\/wp-json\/wp\/v2\/pages"}],"about":[{"href":"https:\/\/lovephone.store\/pt\/wp-json\/wp\/v2\/types\/page"}],"author":[{"embeddable":true,"href":"https:\/\/lovephone.store\/pt\/wp-json\/wp\/v2\/users\/3"}],"replies":[{"embeddable":true,"href":"https:\/\/lovephone.store\/pt\/wp-json\/wp\/v2\/comments?post=24858"}],"version-history":[{"count":4,"href":"https:\/\/lovephone.store\/pt\/wp-json\/wp\/v2\/pages\/24858\/revisions"}],"predecessor-version":[{"id":113859,"href":"https:\/\/lovephone.store\/pt\/wp-json\/wp\/v2\/pages\/24858\/revisions\/113859"}],"wp:attachment":[{"href":"https:\/\/lovephone.store\/pt\/wp-json\/wp\/v2\/media?parent=24858"}],"curies":[{"name":"wp","href":"https:\/\/api.w.org\/{rel}","templated":true}]}}