{"id":24846,"date":"2024-11-18T17:19:37","date_gmt":"2024-11-18T17:19:37","guid":{"rendered":"https:\/\/lovephone.store\/?page_id=24846"},"modified":"2024-11-18T17:26:29","modified_gmt":"2024-11-18T17:26:29","slug":"drop-shipping","status":"publish","type":"page","link":"https:\/\/lovephone.store\/pt\/drop-shipping\/","title":{"rendered":"Envio direto"},"content":{"rendered":"<div data-elementor-type=\"wp-page\" data-elementor-id=\"24846\" class=\"elementor elementor-24846\" data-elementor-post-type=\"page\">\n\t\t\t\t<div class=\"wd-negative-gap elementor-element elementor-element-73f637a8 e-flex e-con-boxed e-con e-parent\" data-id=\"73f637a8\" data-element_type=\"container\">\n\t\t\t\t\t<div class=\"e-con-inner\">\n\t\t\t\t<div class=\"elementor-element elementor-element-0f87453 elementor-widget elementor-widget-heading\" data-id=\"0f87453\" data-element_type=\"widget\" data-widget_type=\"heading.default\">\n\t\t\t\t<div class=\"elementor-widget-container\">\n\t\t\t\t\t<h2 class=\"elementor-heading-title elementor-size-default\">Envio direto<\/h2>\t\t\t\t<\/div>\n\t\t\t\t<\/div>\n\t\t\t\t<div class=\"elementor-element elementor-element-6cb23c50 color-scheme-inherit text-left elementor-widget elementor-widget-text-editor\" data-id=\"6cb23c50\" data-element_type=\"widget\" data-widget_type=\"text-editor.default\">\n\t\t\t\t<div class=\"elementor-widget-container\">\n\t\t\t\t\t\t\t\t\t<div><h2><b>O que \u00e9 o dropshipping?<\/b><\/h2><\/div><div><div data-zone-id=\"0\" data-line-index=\"0\" data-line=\"true\">O Dropshipping \u00e9 um m\u00e9todo de satisfa\u00e7\u00e3o de encomendas em que uma empresa n\u00e3o mant\u00e9m os produtos que vende em stock. Ao vender um produto, o retalhista compra o artigo atrav\u00e9s de um vendedor externo, que o envia diretamente para o cliente.<\/div><\/div><div><p>O Dropshipping elimina efetivamente o processo de receber primeiro as entregas dos fornecedores \u00e0 sua empresa e, em vez disso, providencia simplesmente que estes entreguem o artigo diretamente ao cliente.<\/p><\/div><div><p>Este m\u00e9todo elimina as tarefas desnecess\u00e1rias de rece\u00e7\u00e3o de encomendas, armazenamento e triagem de produtos, e posterior envio. Poupa dinheiro em portes de correio, espa\u00e7o de armazenamento, stock e m\u00e3o de obra necess\u00e1ria para processar as encomendas.<\/p><\/div><div><p>Fornecemos servi\u00e7o de envio direto! Por favor, registe-se e fa\u00e7a as encomendas diretamente, depois deixe o endere\u00e7o do seu cliente.<\/p><\/div><div><p><strong>Fique descansado, prometemos n\u00e3o expor qualquer informa\u00e7\u00e3o sobre a nossa empresa aos seus clientes!<\/strong><\/p><\/div><p><img fetchpriority=\"high\" decoding=\"async\" title=\"1712823701565381.jpg\" src=\"https:\/\/www.gogoalshopcloud.com\/upload\/20240411\/1712823945834253.jpg\" alt=\"\u4ee3\u53d1\u8d27\u6a21\u5f0f.jpg\" width=\"722\" height=\"494\" \/><\/p><h2><b>Porqu\u00ea aderir ao nosso Programa Dropshipping?<\/b><\/h2><div><div data-zone-id=\"0\" data-line-index=\"0\" data-line=\"true\">1. Recebe um servi\u00e7o de apoio ao cliente priorit\u00e1rio. Sempre que contactar o nosso departamento de apoio ao cliente, o seu representante de vendas dedicado ajud\u00e1-lo-\u00e1 prontamente!<\/div><\/div><div><p>2. Podemos fornecer um servi\u00e7o de envio em 24 horas, \u00e9 mais f\u00e1cil e r\u00e1pido para os seus clientes receberem as encomendas.<\/p><\/div><div><p>3. Quando o total de encomendas mensais for superior a $500, pode obter um desconto de 15% e envio gratuito em todas as encomendas.<\/p><\/div><div><h2><b>Como \u00e9 que posso aderir ao Programa Dropshipping?<\/b><\/h2><\/div><div><div data-zone-id=\"0\" data-line-index=\"0\" data-line=\"true\">1. Registar uma conta no s\u00edtio Web da gogoalshop.<\/div><\/div><div><p>2. Contacte-nos e informe-nos sobre a forma como ir\u00e1 trabalhar connosco e forne\u00e7a uma estimativa das suas vendas mensais. Por exemplo, inclua o n\u00famero total de encomendas e o montante da transa\u00e7\u00e3o. Em seguida, forneceremos os pre\u00e7os e descontos de dropshipping com base na sua estimativa.<\/p><\/div><div><p>3. Quando receber a encomenda e o pagamento do seu comprador, tem de ir ao nosso site, iniciar sess\u00e3o, efetuar a encomenda, introduzir o endere\u00e7o de envio do seu comprador, pagar a encomenda e, em seguida, enviaremos a encomenda ao seu comprador.<\/p><\/div><div><p>4. Quando recebermos a sua encomenda, envi\u00e1-la-emos no prazo de 2-3 dias. Ap\u00f3s o envio da encomenda, actualizaremos as informa\u00e7\u00f5es de envio da sua encomenda e poder\u00e1 iniciar sess\u00e3o para verificar as informa\u00e7\u00f5es de envio desta encomenda.<\/p><\/div><div><p>5. Se a encomenda tiver algum problema de qualidade ou de envio, contacte-nos, e ofereceremos um reenvio gratuito.<\/p><\/div><p><img decoding=\"async\" title=\"1712823859416197.jpg\" src=\"https:\/\/www.gogoalshopcloud.com\/upload\/20240411\/1712823945253868.jpg\" alt=\"\u4ee3\u53d1\u8d27\u6d41\u7a0b.jpg\" width=\"719\" height=\"508\" \/><\/p><div><div data-zone-id=\"0\" data-line-index=\"0\" data-line=\"true\">Quer esteja interessado em encontrar uma atividade secund\u00e1ria, iniciar uma nova empresa a tempo inteiro ou alterar o modelo de neg\u00f3cio da sua loja online existente, o dropshipping pode ser a resposta que procura. N\u00e3o hesite em aderir ao nosso programa de envio direto.<\/div><\/div>\t\t\t\t\t\t\t\t<\/div>\n\t\t\t\t<\/div>\n\t\t\t\t\t<\/div>\n\t\t\t\t<\/div>\n\t\t\t\t<\/div>","protected":false},"excerpt":{"rendered":"<p>Drop Shipping What is dropshipping? Dropshipping is an order fulfillment method where a business doesn&#8217;t keep the products it sells<\/p>","protected":false},"author":3,"featured_media":0,"parent":0,"menu_order":0,"comment_status":"closed","ping_status":"closed","template":"","meta":{"_acf_changed":false,"footnotes":""},"class_list":["post-24846","page","type-page","status-publish","hentry"],"acf":[],"_links":{"self":[{"href":"https:\/\/lovephone.store\/pt\/wp-json\/wp\/v2\/pages\/24846","targetHints":{"allow":["GET"]}}],"collection":[{"href":"https:\/\/lovephone.store\/pt\/wp-json\/wp\/v2\/pages"}],"about":[{"href":"https:\/\/lovephone.store\/pt\/wp-json\/wp\/v2\/types\/page"}],"author":[{"embeddable":true,"href":"https:\/\/lovephone.store\/pt\/wp-json\/wp\/v2\/users\/3"}],"replies":[{"embeddable":true,"href":"https:\/\/lovephone.store\/pt\/wp-json\/wp\/v2\/comments?post=24846"}],"version-history":[{"count":0,"href":"https:\/\/lovephone.store\/pt\/wp-json\/wp\/v2\/pages\/24846\/revisions"}],"wp:attachment":[{"href":"https:\/\/lovephone.store\/pt\/wp-json\/wp\/v2\/media?parent=24846"}],"curies":[{"name":"wp","href":"https:\/\/api.w.org\/{rel}","templated":true}]}}