{"id":24799,"date":"2024-11-18T14:10:04","date_gmt":"2024-11-18T14:10:04","guid":{"rendered":"https:\/\/lovephone.store\/?page_id=24799"},"modified":"2024-12-31T15:16:40","modified_gmt":"2024-12-31T15:16:40","slug":"shipping-guide","status":"publish","type":"page","link":"https:\/\/lovephone.store\/pt\/shipping-guide\/","title":{"rendered":"Guia de transporte"},"content":{"rendered":"<div data-elementor-type=\"wp-page\" data-elementor-id=\"24799\" class=\"elementor elementor-24799\" data-elementor-post-type=\"page\">\n\t\t\t\t<div class=\"wd-negative-gap elementor-element elementor-element-38d1e6f e-flex e-con-boxed e-con e-parent\" data-id=\"38d1e6f\" data-element_type=\"container\">\n\t\t\t\t\t<div class=\"e-con-inner\">\n\t\t\t\t<div class=\"elementor-element elementor-element-fce173d color-scheme-inherit text-left elementor-widget elementor-widget-text-editor\" data-id=\"fce173d\" data-element_type=\"widget\" data-widget_type=\"text-editor.default\">\n\t\t\t\t<div class=\"elementor-widget-container\">\n\t\t\t\t\t\t\t\t\t<p>Boas not\u00edcias: Envio gratuito para encomendas superiores a $120.<\/p>\t\t\t\t\t\t\t\t<\/div>\n\t\t\t\t<\/div>\n\t\t\t\t<div class=\"elementor-element elementor-element-7a70aae elementor-widget elementor-widget-heading\" data-id=\"7a70aae\" data-element_type=\"widget\" data-widget_type=\"heading.default\">\n\t\t\t\t<div class=\"elementor-widget-container\">\n\t\t\t\t\t<h2 class=\"elementor-heading-title elementor-size-default\">Informa\u00e7\u00f5es de envio<\/h2>\t\t\t\t<\/div>\n\t\t\t\t<\/div>\n\t\t\t\t\t<\/div>\n\t\t\t\t<\/div>\n\t\t<div class=\"wd-negative-gap elementor-element elementor-element-eea7c69 e-flex e-con-boxed e-con e-parent\" data-id=\"eea7c69\" data-element_type=\"container\">\n\t\t\t\t\t<div class=\"e-con-inner\">\n\t\t\t\t<div class=\"elementor-element elementor-element-68d7833 elementor-widget elementor-widget-heading\" data-id=\"68d7833\" data-element_type=\"widget\" data-widget_type=\"heading.default\">\n\t\t\t\t<div class=\"elementor-widget-container\">\n\t\t\t\t\t<h2 class=\"elementor-heading-title elementor-size-default\">Servimos mais de 100 pa\u00edses:<\/h2>\t\t\t\t<\/div>\n\t\t\t\t<\/div>\n\t\t\t\t<div class=\"elementor-element elementor-element-6ad70c7 color-scheme-inherit text-left elementor-widget elementor-widget-text-editor\" data-id=\"6ad70c7\" data-element_type=\"widget\" data-widget_type=\"text-editor.default\">\n\t\t\t\t<div class=\"elementor-widget-container\">\n\t\t\t\t\t\t\t\t\t<div class=\"shipping_list__gggCx flex-x-start flex-wrap\"><div class=\"shipping_item__MMZrL\">Estados Unidos<\/div><div class=\"shipping_item__MMZrL\">Canad\u00e1<\/div><div class=\"shipping_item__MMZrL\">\u00c1ustria<\/div><div class=\"shipping_item__MMZrL\">Reino Unido<\/div><div class=\"shipping_item__MMZrL\">Portugal<\/div><div class=\"shipping_item__MMZrL\">Alb\u00e2nia<\/div><div class=\"shipping_item__MMZrL\">Anguila<\/div><div class=\"shipping_item__MMZrL\">Argentina<\/div><div class=\"shipping_item__MMZrL\">Arm\u00e9nia<\/div><div class=\"shipping_item__MMZrL\">Austr\u00e1lia<\/div><div class=\"shipping_item__MMZrL\">Bar\u00e9m<\/div><div class=\"shipping_item__MMZrL\">Bangladesh<\/div><div class=\"shipping_item__MMZrL\">Barbados<\/div><div class=\"shipping_item__MMZrL\">B\u00e9lgica<\/div><div class=\"shipping_item__MMZrL\">But\u00e3o<\/div><div class=\"shipping_item__MMZrL\">B\u00f3snia e Herzegovina<\/div><div class=\"shipping_item__MMZrL\">Botsuana<\/div><div class=\"shipping_item__MMZrL\">Brasil<\/div><div class=\"shipping_item__MMZrL\">Bulg\u00e1ria<\/div><div class=\"shipping_item__MMZrL\">Camboja<\/div><div class=\"shipping_item__MMZrL\">Ilhas Caim\u00e3o<\/div><div class=\"shipping_item__MMZrL\">Chile<\/div><div class=\"shipping_item__MMZrL\">Col\u00f4mbia<\/div><div class=\"shipping_item__MMZrL\">Costa Rica<\/div><div class=\"shipping_item__MMZrL\">Cro\u00e1cia<\/div><div class=\"shipping_item__MMZrL\">Chipre<\/div><div class=\"shipping_item__MMZrL\">Rep\u00fablica Checa<\/div><div class=\"shipping_item__MMZrL\">Dinamarca<\/div><div class=\"shipping_item__MMZrL\">Rep\u00fablica Dominicana<\/div><div class=\"shipping_item__MMZrL\">Equador<\/div><div class=\"shipping_item__MMZrL\">Egito<\/div><div class=\"shipping_item__MMZrL\">El Salvador<\/div><div class=\"shipping_item__MMZrL\">Est\u00f3nia<\/div><div class=\"shipping_item__MMZrL\">Fiji<\/div><div class=\"shipping_item__MMZrL\">Finl\u00e2ndia<\/div><div class=\"shipping_item__MMZrL\">Fran\u00e7a<\/div><div class=\"shipping_item__MMZrL\">Guiana Francesa<\/div><div class=\"shipping_item__MMZrL\">Polin\u00e9sia Francesa<\/div><div class=\"shipping_item__MMZrL\">Ge\u00f3rgia<\/div><div class=\"shipping_item__MMZrL\">Alemanha<\/div><div class=\"shipping_item__MMZrL\">Gana<\/div><div class=\"shipping_item__MMZrL\">Gibraltar<\/div><div class=\"shipping_item__MMZrL\">Gr\u00e9cia<\/div><div class=\"shipping_item__MMZrL\">Gronel\u00e2ndia<\/div><div class=\"shipping_item__MMZrL\">Guame<\/div><div class=\"shipping_item__MMZrL\">Guatemala<\/div><div class=\"shipping_item__MMZrL\">Honduras<\/div><div class=\"shipping_item__MMZrL\">Hungria<\/div><div class=\"shipping_item__MMZrL\">Isl\u00e2ndia<\/div><div class=\"shipping_item__MMZrL\">\u00cdndia<\/div><div class=\"shipping_item__MMZrL\">Indon\u00e9sia<\/div><div class=\"shipping_item__MMZrL\">Irlanda<\/div><div class=\"shipping_item__MMZrL\">Israel<\/div><div class=\"shipping_item__MMZrL\">It\u00e1lia<\/div><div class=\"shipping_item__MMZrL\">Jap\u00e3o<\/div><div class=\"shipping_item__MMZrL\">Jord\u00e2nia<\/div><div class=\"shipping_item__MMZrL\">Cazaquist\u00e3o<\/div><div class=\"shipping_item__MMZrL\">Qu\u00e9nia<\/div><div class=\"shipping_item__MMZrL\">Kiribati<\/div><div class=\"shipping_item__MMZrL\">Kuwait<\/div><div class=\"shipping_item__MMZrL\">Let\u00f3nia<\/div><div class=\"shipping_item__MMZrL\">Litu\u00e2nia<\/div><div class=\"shipping_item__MMZrL\">Luxemburgo<\/div><div class=\"shipping_item__MMZrL\">Macau<\/div><div class=\"shipping_item__MMZrL\">Mal\u00e1sia<\/div><div class=\"shipping_item__MMZrL\">Maldivas<\/div><div class=\"shipping_item__MMZrL\">Malta<\/div><div class=\"shipping_item__MMZrL\">Maur\u00edcia<\/div><div class=\"shipping_item__MMZrL\">M\u00e9xico<\/div><div class=\"shipping_item__MMZrL\">Micron\u00e9sia<\/div><div class=\"shipping_item__MMZrL\">Mold\u00e1via<\/div><div class=\"shipping_item__MMZrL\">Montserrat<\/div><div class=\"shipping_item__MMZrL\">Marrocos<\/div><div class=\"shipping_item__MMZrL\">Nepal<\/div><div class=\"shipping_item__MMZrL\">Pa\u00edses Baixos<\/div><div class=\"shipping_item__MMZrL\">Antilhas Neerlandesas<\/div><div class=\"shipping_item__MMZrL\">Nova Zel\u00e2ndia<\/div><div class=\"shipping_item__MMZrL\">Nicar\u00e1gua<\/div><div class=\"shipping_item__MMZrL\">Nig\u00e9ria<\/div><div class=\"shipping_item__MMZrL\">Niue<\/div><div class=\"shipping_item__MMZrL\">Noruega<\/div><div class=\"shipping_item__MMZrL\">Om\u00e3<\/div><div class=\"shipping_item__MMZrL\">Paquist\u00e3o<\/div><div class=\"shipping_item__MMZrL\">Panam\u00e1<\/div><div class=\"shipping_item__MMZrL\">Papua-Nova Guin\u00e9<\/div><div class=\"shipping_item__MMZrL\">Paraguai<\/div><div class=\"shipping_item__MMZrL\">Peru<\/div><div class=\"shipping_item__MMZrL\">Filipinas<\/div><div class=\"shipping_item__MMZrL\">Pol\u00f3nia<\/div><div class=\"shipping_item__MMZrL\">Porto Rico<\/div><div class=\"shipping_item__MMZrL\">Qatar<\/div><div class=\"shipping_item__MMZrL\">Ilha da Reuni\u00e3o<\/div><div class=\"shipping_item__MMZrL\">Rom\u00e9nia<\/div><div class=\"shipping_item__MMZrL\">S\u00e3o Bartolomeu<\/div><div class=\"shipping_item__MMZrL\">S\u00e3o Crist\u00f3v\u00e3o e Nevis<\/div><div class=\"shipping_item__MMZrL\">Ar\u00e1bia Saudita<\/div><div class=\"shipping_item__MMZrL\">Senegal<\/div><div class=\"shipping_item__MMZrL\">S\u00e9rvia<\/div><div class=\"shipping_item__MMZrL\">Singapura<\/div><div class=\"shipping_item__MMZrL\">Eslov\u00e1quia<\/div><div class=\"shipping_item__MMZrL\">Eslov\u00e9nia<\/div><div class=\"shipping_item__MMZrL\">Ilhas Salom\u00e3o<\/div><div class=\"shipping_item__MMZrL\">\u00c1frica do Sul<\/div><div class=\"shipping_item__MMZrL\">Coreia do Sul<\/div><div class=\"shipping_item__MMZrL\">Espanha<\/div><div class=\"shipping_item__MMZrL\">Sri Lanka<\/div><div class=\"shipping_item__MMZrL\">Su\u00e9cia<\/div><div class=\"shipping_item__MMZrL\">Su\u00ed\u00e7a<\/div><div class=\"shipping_item__MMZrL\">Taiwan<\/div><div class=\"shipping_item__MMZrL\">Tajiquist\u00e3o<\/div><div class=\"shipping_item__MMZrL\">Tail\u00e2ndia<\/div><div class=\"shipping_item__MMZrL\">Trinidad e Tobago<\/div><div class=\"shipping_item__MMZrL\">Tun\u00edsia<\/div><div class=\"shipping_item__MMZrL\">Turquia<\/div><div class=\"shipping_item__MMZrL\">Turquemenist\u00e3o<\/div><div class=\"shipping_item__MMZrL\">Ilhas Turcas e Caicos<\/div><div class=\"shipping_item__MMZrL\">Tuvalu<\/div><div class=\"shipping_item__MMZrL\">Ucr\u00e2nia<\/div><div class=\"shipping_item__MMZrL\">Emirados \u00c1rabes Unidos<\/div><div class=\"shipping_item__MMZrL\">Uruguai<\/div><div class=\"shipping_item__MMZrL\">Uzbequist\u00e3o<\/div><div class=\"shipping_item__MMZrL\">Venezuela<\/div><div class=\"shipping_item__MMZrL\">Vietname<\/div><div class=\"shipping_item__MMZrL\">Ilhas Virgens (Brit\u00e2nicas)<\/div><div class=\"shipping_item__MMZrL\">Z\u00e2mbia<\/div><\/div>\t\t\t\t\t\t\t\t<\/div>\n\t\t\t\t<\/div>\n\t\t\t\t\t<\/div>\n\t\t\t\t<\/div>\n\t\t<div class=\"wd-negative-gap elementor-element elementor-element-c70f2d1 e-flex e-con-boxed e-con e-parent\" data-id=\"c70f2d1\" data-element_type=\"container\">\n\t\t\t\t\t<div class=\"e-con-inner\">\n\t\t\t\t<div class=\"elementor-element elementor-element-6e8e315 elementor-widget elementor-widget-heading\" data-id=\"6e8e315\" data-element_type=\"widget\" data-widget_type=\"heading.default\">\n\t\t\t\t<div class=\"elementor-widget-container\">\n\t\t\t\t\t<h5 class=\"elementor-heading-title elementor-size-default\">Se o seu pa\u00eds n\u00e3o constar da lista acima, contacte o servi\u00e7o de apoio ao cliente para obter ajuda.<\/h5>\t\t\t\t<\/div>\n\t\t\t\t<\/div>\n\t\t\t\t<div class=\"elementor-element elementor-element-0023dc8 elementor-widget elementor-widget-heading\" data-id=\"0023dc8\" data-element_type=\"widget\" data-widget_type=\"heading.default\">\n\t\t\t\t<div class=\"elementor-widget-container\">\n\t\t\t\t\t<h2 class=\"elementor-heading-title elementor-size-default\">FAQS:<\/h2>\t\t\t\t<\/div>\n\t\t\t\t<\/div>\n\t\t\t\t<div class=\"elementor-element elementor-element-6b09cf2 elementor-widget elementor-widget-wd_accordion\" data-id=\"6b09cf2\" data-element_type=\"widget\" data-widget_type=\"wd_accordion.default\">\n\t\t\t\t<div class=\"elementor-widget-container\">\n\t\t\t\t\t\n\t\t<div class=\"wd-accordion wd-style-default\" data-state=\"all_closed\">\n\t\t\t\t\t\t\t\n\t\t\t\t<div class=\"wd-accordion-item\">\n\t\t\t\t\t<div class=\"wd-accordion-title text-left wd-opener-pos-right\" data-accordion-index=\"0\">\n\t\t\t\t\t\t<div class=\"wd-accordion-title-text\">\n\t\t\t\t\t\t\t\t\t\t\t\t\t\t<span>\n\t\t\t\t\t\t\t\tQuando \u00e9 que vou receber a minha encomenda?\t\t\t\t\t\t\t<\/span>\n\t\t\t\t\t\t<\/div>\n\t\t\t\t\t\t<span class=\"wd-accordion-opener wd-opener-style-arrow\"><\/span>\n\t\t\t\t\t<\/div>\n\n\t\t\t\t\t<div class=\"wd-accordion-content reset-last-child\" data-accordion-index=\"0\">\n\t\t\t\t\t\t\t\t\t\t\t\t\t\n\t\t\t\t\t\t\t<div><p>A sua data de entrega estimada ser\u00e1 indicada durante o checkout e baseia-se nos produtos selecionados, no endere\u00e7o de envio e no m\u00e9todo de envio.<\/p><\/div><div><p>Com base na experi\u00eancia de muitos dos nossos clientes, a entrega para a maioria dos endere\u00e7os f\u00edsicos ocorre num prazo de 5 a 25 dias \u00fateis. Os dias \u00fateis s\u00e3o de segunda a sexta-feira.<\/p><\/div>\n\t\t\t\t\t\t\t\t\t\t\t\t\t\t\t\t\t\t<\/div>\n\t\t\t\t<\/div>\n\t\t\t\t\t\t\t\n\t\t\t\t<div class=\"wd-accordion-item\">\n\t\t\t\t\t<div class=\"wd-accordion-title text-left wd-opener-pos-right\" data-accordion-index=\"1\">\n\t\t\t\t\t\t<div class=\"wd-accordion-title-text\">\n\t\t\t\t\t\t\t\t\t\t\t\t\t\t<span>\n\t\t\t\t\t\t\t\tCobram impostos?\t\t\t\t\t\t\t<\/span>\n\t\t\t\t\t\t<\/div>\n\t\t\t\t\t\t<span class=\"wd-accordion-opener wd-opener-style-arrow\"><\/span>\n\t\t\t\t\t<\/div>\n\n\t\t\t\t\t<div class=\"wd-accordion-content reset-last-child\" data-accordion-index=\"1\">\n\t\t\t\t\t\t\t\t\t\t\t\t\t\n\t\t\t\t\t\t\t<div><p>N\u00e3o cobramos impostos. No entanto, as alf\u00e2ndegas locais podem impor impostos \u00e0 chegada. A transportadora pagar\u00e1 normalmente estas taxas em seu nome e cobr\u00e1-las-\u00e1 no momento da entrega.<\/p><\/div><div><p>Para os pa\u00edses da UE, os servi\u00e7os aduaneiros cobram normalmente 20% ou mais em impostos. Cobriremos este imposto e s\u00f3 lhe cobraremos 8% do pagamento da encomenda quando efetuar o check-out.<\/p><\/div>\n\t\t\t\t\t\t\t\t\t\t\t\t\t\t\t\t\t\t<\/div>\n\t\t\t\t<\/div>\n\t\t\t\t\t\t\t\n\t\t\t\t<div class=\"wd-accordion-item\">\n\t\t\t\t\t<div class=\"wd-accordion-title text-left wd-opener-pos-right\" data-accordion-index=\"2\">\n\t\t\t\t\t\t<div class=\"wd-accordion-title-text\">\n\t\t\t\t\t\t\t\t\t\t\t\t\t\t<span>\n\t\t\t\t\t\t\t\tComo posso acompanhar a minha expedi\u00e7\u00e3o?\t\t\t\t\t\t\t<\/span>\n\t\t\t\t\t\t<\/div>\n\t\t\t\t\t\t<span class=\"wd-accordion-opener wd-opener-style-arrow\"><\/span>\n\t\t\t\t\t<\/div>\n\n\t\t\t\t\t<div class=\"wd-accordion-content reset-last-child\" data-accordion-index=\"2\">\n\t\t\t\t\t\t\t\t\t\t\t\t\t\n\t\t\t\t\t\t\t<p>Pode ver o estado do seu envio visitando a nossa p\u00e1gina Seguir encomenda ou utilizando a comunica\u00e7\u00e3o recebida por correio eletr\u00f3nico. Tenha em aten\u00e7\u00e3o que pode demorar at\u00e9 uma semana para que a transportadora digitalize a sua encomenda no sistema de seguimento.<\/p>\n\t\t\t\t\t\t\t\t\t\t\t\t\t\t\t\t\t\t<\/div>\n\t\t\t\t<\/div>\n\t\t\t\t\t\t\t\n\t\t\t\t<div class=\"wd-accordion-item\">\n\t\t\t\t\t<div class=\"wd-accordion-title text-left wd-opener-pos-right\" data-accordion-index=\"3\">\n\t\t\t\t\t\t<div class=\"wd-accordion-title-text\">\n\t\t\t\t\t\t\t\t\t\t\t\t\t\t<span>\n\t\t\t\t\t\t\t\tPosso alterar as minhas informa\u00e7\u00f5es de envio?\t\t\t\t\t\t\t<\/span>\n\t\t\t\t\t\t<\/div>\n\t\t\t\t\t\t<span class=\"wd-accordion-opener wd-opener-style-arrow\"><\/span>\n\t\t\t\t\t<\/div>\n\n\t\t\t\t\t<div class=\"wd-accordion-content reset-last-child\" data-accordion-index=\"3\">\n\t\t\t\t\t\t\t\t\t\t\t\t\t\n\t\t\t\t\t\t\t<div><p>Pode alterar as suas informa\u00e7\u00f5es de envio em qualquer altura antes de estas entrarem no processo de envio.<\/p><\/div><div><p>Se pretender alterar as suas informa\u00e7\u00f5es de envio, contacte o nosso servi\u00e7o de apoio ao cliente o mais rapidamente poss\u00edvel.<\/p><\/div><div><p>N\u00e3o podemos alterar as suas informa\u00e7\u00f5es de envio de forma alguma depois de estas terem entrado no nosso processo de envio.<\/p><\/div><div><p>Para garantir a entrega atempada da sua encomenda, forne\u00e7a o endere\u00e7o de entrega e as informa\u00e7\u00f5es de contacto corretos ao efetuar a sua encomenda.<\/p><\/div>\n\t\t\t\t\t\t\t\t\t\t\t\t\t\t\t\t\t\t<\/div>\n\t\t\t\t<\/div>\n\t\t\t\t\t\t\t\n\t\t\t\t<div class=\"wd-accordion-item\">\n\t\t\t\t\t<div class=\"wd-accordion-title text-left wd-opener-pos-right\" data-accordion-index=\"4\">\n\t\t\t\t\t\t<div class=\"wd-accordion-title-text\">\n\t\t\t\t\t\t\t\t\t\t\t\t\t\t<span>\n\t\t\t\t\t\t\t\tE se eu n\u00e3o receber a minha encomenda?\t\t\t\t\t\t\t<\/span>\n\t\t\t\t\t\t<\/div>\n\t\t\t\t\t\t<span class=\"wd-accordion-opener wd-opener-style-arrow\"><\/span>\n\t\t\t\t\t<\/div>\n\n\t\t\t\t\t<div class=\"wd-accordion-content reset-last-child\" data-accordion-index=\"4\">\n\t\t\t\t\t\t\t\t\t\t\t\t\t\n\t\t\t\t\t\t\t<div><p>Se a sua encomenda n\u00e3o chegar como previsto, pode ter-se perdido em tr\u00e2nsito. Pode contactar o nosso servi\u00e7o de apoio ao cliente para que a encomenda lhe seja reenviada.<\/p><\/div><div><p>Mas antes de contactar o nosso servi\u00e7o de apoio ao cliente, informe-se junto dos seus familiares ou vizinhos se receberam a encomenda em seu nome, ou verifique junto da transportadora local se a encomenda foi entregue.<\/p><\/div>\n\t\t\t\t\t\t\t\t\t\t\t\t\t\t\t\t\t\t<\/div>\n\t\t\t\t<\/div>\n\t\t\t\t\t\t\t\n\t\t\t\t<div class=\"wd-accordion-item\">\n\t\t\t\t\t<div class=\"wd-accordion-title text-left wd-opener-pos-right\" data-accordion-index=\"5\">\n\t\t\t\t\t\t<div class=\"wd-accordion-title-text\">\n\t\t\t\t\t\t\t\t\t\t\t\t\t\t<span>\n\t\t\t\t\t\t\t\tPosso devolver ou trocar um artigo?\t\t\t\t\t\t\t<\/span>\n\t\t\t\t\t\t<\/div>\n\t\t\t\t\t\t<span class=\"wd-accordion-opener wd-opener-style-arrow\"><\/span>\n\t\t\t\t\t<\/div>\n\n\t\t\t\t\t<div class=\"wd-accordion-content reset-last-child\" data-accordion-index=\"5\">\n\t\t\t\t\t\t\t\t\t\t\t\t\t\n\t\t\t\t\t\t\t<div><p>Se n\u00e3o ficar 100% satisfeito com a sua compra, pode devolver-nos o artigo no prazo de 30 dias ap\u00f3s a rece\u00e7\u00e3o da encomenda para receber um reembolso total ou trocar por um novo artigo.<\/p><\/div><div><p>Independentemente do motivo da sua insatisfa\u00e7\u00e3o.<\/p><\/div><div><p>N\u00e3o hesite em contactar-nos primeiro e enviar o artigo para o endere\u00e7o correto em condi\u00e7\u00f5es de comercializa\u00e7\u00e3o.<\/p><\/div><div><p>(S\u00f3 aceitamos a devolu\u00e7\u00e3o de camisolas sem emblemas, nomes ou n\u00fameros personalizados)<\/p><\/div>\n\t\t\t\t\t\t\t\t\t\t\t\t\t\t\t\t\t\t<\/div>\n\t\t\t\t<\/div>\n\t\t\t\t\t\t\t\n\t\t\t\t<div class=\"wd-accordion-item\">\n\t\t\t\t\t<div class=\"wd-accordion-title text-left wd-opener-pos-right\" data-accordion-index=\"6\">\n\t\t\t\t\t\t<div class=\"wd-accordion-title-text\">\n\t\t\t\t\t\t\t\t\t\t\t\t\t\t<span>\n\t\t\t\t\t\t\t\tComo contactar o nosso servi\u00e7o de apoio ao cliente?\t\t\t\t\t\t\t<\/span>\n\t\t\t\t\t\t<\/div>\n\t\t\t\t\t\t<span class=\"wd-accordion-opener wd-opener-style-arrow\"><\/span>\n\t\t\t\t\t<\/div>\n\n\t\t\t\t\t<div class=\"wd-accordion-content reset-last-child\" data-accordion-index=\"6\">\n\t\t\t\t\t\t\t\t\t\t\t\t\t\n\t\t\t\t\t\t\t<div><p>Contacte-nos atrav\u00e9s do chat online durante o hor\u00e1rio de expediente e contacte o nosso servi\u00e7o de apoio ao cliente por correio eletr\u00f3nico ou WhatsApp fora do hor\u00e1rio de expediente para receber uma resposta mais r\u00e1pida.<\/p><\/div><div><p>O nosso hor\u00e1rio de trabalho \u00e9 das 20:00 \u00e0s 17:00 (hora de Leste) todos os dias.<\/p><p>Correio eletr\u00f3nico: contact@lovephone.store<\/p><\/div>\n\t\t\t\t\t\t\t\t\t\t\t\t\t\t\t\t\t\t<\/div>\n\t\t\t\t<\/div>\n\t\t\t\t\t<\/div>\n\t\t\t\t\t\t<\/div>\n\t\t\t\t<\/div>\n\t\t\t\t\t<\/div>\n\t\t\t\t<\/div>\n\t\t\t\t<\/div>","protected":false},"excerpt":{"rendered":"<p>Good news: Free Shipping On Orders Over $120. Shipping Info We serve over 100 countries: United StatesCanadaAustriaUnited KingdomPortugalAlbaniaAnguillaArgentinaArmeniaAustraliaBahrainBangladeshBarbadosBelgiumBhutanBosnia and HerzegovinaBotswanaBrazilBulgariaCambodiaCayman<\/p>","protected":false},"author":3,"featured_media":0,"parent":0,"menu_order":0,"comment_status":"closed","ping_status":"closed","template":"","meta":{"_acf_changed":false,"footnotes":""},"class_list":["post-24799","page","type-page","status-publish","hentry"],"acf":[],"_links":{"self":[{"href":"https:\/\/lovephone.store\/pt\/wp-json\/wp\/v2\/pages\/24799","targetHints":{"allow":["GET"]}}],"collection":[{"href":"https:\/\/lovephone.store\/pt\/wp-json\/wp\/v2\/pages"}],"about":[{"href":"https:\/\/lovephone.store\/pt\/wp-json\/wp\/v2\/types\/page"}],"author":[{"embeddable":true,"href":"https:\/\/lovephone.store\/pt\/wp-json\/wp\/v2\/users\/3"}],"replies":[{"embeddable":true,"href":"https:\/\/lovephone.store\/pt\/wp-json\/wp\/v2\/comments?post=24799"}],"version-history":[{"count":1,"href":"https:\/\/lovephone.store\/pt\/wp-json\/wp\/v2\/pages\/24799\/revisions"}],"predecessor-version":[{"id":87668,"href":"https:\/\/lovephone.store\/pt\/wp-json\/wp\/v2\/pages\/24799\/revisions\/87668"}],"wp:attachment":[{"href":"https:\/\/lovephone.store\/pt\/wp-json\/wp\/v2\/media?parent=24799"}],"curies":[{"name":"wp","href":"https:\/\/api.w.org\/{rel}","templated":true}]}}