{"id":14,"date":"2023-06-15T12:33:10","date_gmt":"2023-06-15T12:33:10","guid":{"rendered":"https:\/\/dummy.xtemos.com\/woodmart2\/kids-elementor\/?page_id=14"},"modified":"2025-04-12T03:35:24","modified_gmt":"2025-04-12T03:35:24","slug":"about-us","status":"publish","type":"page","link":"https:\/\/lovephone.store\/pt\/about-us\/","title":{"rendered":"About us"},"content":{"rendered":"<div data-elementor-type=\"wp-page\" data-elementor-id=\"14\" class=\"elementor elementor-14\" data-elementor-post-type=\"page\">\n\t\t\t\t<div class=\"wd-negative-gap elementor-element elementor-element-38d1e6f e-flex e-con-boxed e-con e-parent\" data-id=\"38d1e6f\" data-element_type=\"container\">\n\t\t\t\t\t<div class=\"e-con-inner\">\n\t\t\t\t<div class=\"elementor-element elementor-element-e4fce59 color-scheme-inherit text-left elementor-widget elementor-widget-text-editor\" data-id=\"e4fce59\" data-element_type=\"widget\" data-widget_type=\"text-editor.default\">\n\t\t\t\t<div class=\"elementor-widget-container\">\n\t\t\t\t\t\t\t\t\t<p>Bem-vindo ao&nbsp;<span style=\"font-family: Cabin, Arial, Helvetica, sans-serif; font-size: 18px; font-style: normal; font-variant-ligatures: normal; font-variant-caps: normal; font-weight: 400;\">Loja LovePhone<\/span><strong>!<\/strong><\/p>\n<p>Na LovePhone-Shop, somos apaixonados por futebol e estamos empenhados em oferecer-lhe a melhor sele\u00e7\u00e3o de camisolas de futebol para homem, mulher e crian\u00e7a. Quer seja um adepto dedicado de uma equipa de topo ou esteja apenas \u00e0 procura de uma camisola com estilo para mostrar o seu amor pelo jogo, temos tudo o que precisa.<\/p>\n<h3>A nossa hist\u00f3ria<\/h3>\n<p>Fundada com um profundo amor pelo desporto,&nbsp;<span style=\"font-family: Cabin, Arial, Helvetica, sans-serif; font-size: 18px; font-style: normal; font-variant-ligatures: normal; font-variant-caps: normal; font-weight: 400;\">Loja LovePhone&nbsp;<\/span>come\u00e7ou com uma miss\u00e3o simples: fornecer camisolas de futebol aut\u00eanticas e de alta qualidade que celebram o belo jogo. Compreendemos a emo\u00e7\u00e3o de vestir as cores da sua equipa e a alegria que isso traz aos adeptos de todas as idades. O nosso objetivo \u00e9 oferecer uma gama diversificada de camisolas que satisfa\u00e7am todos os entusiastas do futebol, desde os adeptos casuais at\u00e9 aos adeptos mais obstinados.<\/p>\n<h3>O que nos distingue<\/h3>\n<ul>\n<li><strong>A qualidade em primeiro lugar:<\/strong>&nbsp;As nossas camisolas s\u00e3o fornecidas por fabricantes de confian\u00e7a para garantir que recebe produtos dur\u00e1veis e confort\u00e1veis.<\/li>\n<li><strong>Ampla sele\u00e7\u00e3o:<\/strong>&nbsp;Desde os designs cl\u00e1ssicos aos \u00faltimos lan\u00e7amentos, a nossa cole\u00e7\u00e3o abrange camisolas de todas as equipas e ligas principais. Oferecemos op\u00e7\u00f5es para homens, mulheres e crian\u00e7as, para que toda a fam\u00edlia possa apoiar as suas equipas favoritas.<\/li>\n<li><strong>Centrado no cliente:<\/strong>&nbsp;A sua satisfa\u00e7\u00e3o \u00e9 a nossa principal prioridade. A nossa equipa dedica-se a prestar um servi\u00e7o de apoio ao cliente excecional e a garantir uma experi\u00eancia de compra perfeita do in\u00edcio ao fim.<\/li>\n<\/ul>\n<h3>O nosso compromisso<\/h3>\n<p>Em&nbsp;<span style=\"font-family: Cabin, Arial, Helvetica, sans-serif; font-size: 18px; font-style: normal; font-variant-ligatures: normal; font-variant-caps: normal; font-weight: 400;\">Loja LovePhone<\/span>A nossa loja \u00e9 mais do que apenas uma loja - somos uma comunidade de f\u00e3s de futebol. Esfor\u00e7amo-nos por manter os nossos pre\u00e7os competitivos e oferecemos promo\u00e7\u00f5es e ofertas especiais para tornar a sua experi\u00eancia de compra ainda melhor.<\/p>\n<p>Tamb\u00e9m acreditamos em retribuir \u00e0 comunidade que nos apoia. \u00c9 por isso que nos envolvemos regularmente em iniciativas que apoiam programas de futebol juvenil e equipas locais.<\/p>\n<h3>Entrar em contacto<\/h3>\n<p>Tem d\u00favidas ou precisa de ajuda? A nossa simp\u00e1tica equipa de apoio est\u00e1 aqui para ajudar! Pode contactar-nos atrav\u00e9s de support@lovephone.store ou atrav\u00e9s das redes sociais.<\/p>\n<p>Obrigado por escolher&nbsp;<span style=\"font-family: Cabin, Arial, Helvetica, sans-serif; font-size: 18px; font-style: normal; font-variant-ligatures: normal; font-variant-caps: normal; font-weight: 400;\">Loja LovePhone<\/span>. Estamos entusiasmados por fazer parte do seu percurso futebol\u00edstico e esperamos servi-lo com as melhores camisolas e equipamento para adeptos.<\/p>\n<p>Mantenham a paix\u00e3o viva e divirtam-se com o jogo!<\/p>\n<p><strong>A loja LovePhone<\/strong><strong style=\"font-size: 18px; text-align: var(--text-align); background-color: var(--wd-main-bgcolor); color: var(--wd-text-color);\">&nbsp;Equipa<\/strong><\/p>\t\t\t\t\t\t\t\t<\/div>\n\t\t\t\t<\/div>\n\t\t\t\t\t<\/div>\n\t\t\t\t<\/div>\n\t\t\t\t<\/div>","protected":false},"excerpt":{"rendered":"<p>Welcome to&nbsp;LovePhone-Shop! At LovePhone-Shop, we\u2019re passionate about football and committed to bringing you the finest selection of football jerseys for<\/p>","protected":false},"author":3,"featured_media":0,"parent":0,"menu_order":0,"comment_status":"closed","ping_status":"closed","template":"","meta":{"_acf_changed":false,"footnotes":""},"class_list":["post-14","page","type-page","status-publish","hentry"],"acf":[],"_links":{"self":[{"href":"https:\/\/lovephone.store\/pt\/wp-json\/wp\/v2\/pages\/14","targetHints":{"allow":["GET"]}}],"collection":[{"href":"https:\/\/lovephone.store\/pt\/wp-json\/wp\/v2\/pages"}],"about":[{"href":"https:\/\/lovephone.store\/pt\/wp-json\/wp\/v2\/types\/page"}],"author":[{"embeddable":true,"href":"https:\/\/lovephone.store\/pt\/wp-json\/wp\/v2\/users\/3"}],"replies":[{"embeddable":true,"href":"https:\/\/lovephone.store\/pt\/wp-json\/wp\/v2\/comments?post=14"}],"version-history":[{"count":4,"href":"https:\/\/lovephone.store\/pt\/wp-json\/wp\/v2\/pages\/14\/revisions"}],"predecessor-version":[{"id":113866,"href":"https:\/\/lovephone.store\/pt\/wp-json\/wp\/v2\/pages\/14\/revisions\/113866"}],"wp:attachment":[{"href":"https:\/\/lovephone.store\/pt\/wp-json\/wp\/v2\/media?parent=14"}],"curies":[{"name":"wp","href":"https:\/\/api.w.org\/{rel}","templated":true}]}}