{"id":113815,"date":"2025-04-11T16:05:25","date_gmt":"2025-04-11T16:05:25","guid":{"rendered":"https:\/\/lovephone.store\/?post_type=product&#038;p=113815"},"modified":"2025-04-29T14:20:20","modified_gmt":"2025-04-29T14:20:20","slug":"new-ink-screen-magnetic-card-bag-bracket-diy-projection-screen-magnetic-leather-card-bag-multi-functional-bracket-portable","status":"publish","type":"product","link":"https:\/\/lovephone.store\/fr\/product\/new-ink-screen-magnetic-card-bag-bracket-diy-projection-screen-magnetic-leather-card-bag-multi-functional-bracket-portable\/","title":{"rendered":"Nouveau support de pochette magn\u00e9tique pour \u00e9cran d'encre diy \u00e9cran de projection pochette magn\u00e9tique en cuir pour carte multifonctionnelle support portable"},"content":{"rendered":"<div style=\"width: 1280px;\" class=\"wp-video\"><!--[if lt IE 9]><script>document.createElement('video');<\/script><![endif]-->\n<video class=\"wp-video-shortcode\" id=\"video-113815-1\" width=\"1280\" height=\"720\" preload=\"metadata\" controls=\"controls\"><source type=\"video\/mp4\" src=\"https:\/\/lovephone.store\/wp-content\/uploads\/2025\/04\/\u82f1\u6587\u89c6\u9891.mp4?_=1\" \/><a href=\"https:\/\/lovephone.store\/wp-content\/uploads\/2025\/04\/\u82f1\u6587\u89c6\u9891.mp4\">https:\/\/lovephone.store\/wp-content\/uploads\/2025\/04\/\u82f1\u6587\u89c6\u9891.mp4<\/a><\/video><\/div>","protected":false},"excerpt":{"rendered":"","protected":false},"featured_media":113819,"comment_status":"open","ping_status":"closed","template":"","meta":{"_acf_changed":false},"product_cat":[1566],"product_tag":[],"giftcard-category":[],"class_list":{"0":"post-113815","1":"product","2":"type-product","3":"status-publish","4":"has-post-thumbnail","6":"product_cat-all-product","8":"first","9":"instock","10":"sale","11":"taxable","12":"shipping-taxable","13":"purchasable","14":"product-type-simple"},"acf":[],"_links":{"self":[{"href":"https:\/\/lovephone.store\/fr\/wp-json\/wp\/v2\/product\/113815","targetHints":{"allow":["GET"]}}],"collection":[{"href":"https:\/\/lovephone.store\/fr\/wp-json\/wp\/v2\/product"}],"about":[{"href":"https:\/\/lovephone.store\/fr\/wp-json\/wp\/v2\/types\/product"}],"replies":[{"embeddable":true,"href":"https:\/\/lovephone.store\/fr\/wp-json\/wp\/v2\/comments?post=113815"}],"version-history":[{"count":1,"href":"https:\/\/lovephone.store\/fr\/wp-json\/wp\/v2\/product\/113815\/revisions"}],"predecessor-version":[{"id":113822,"href":"https:\/\/lovephone.store\/fr\/wp-json\/wp\/v2\/product\/113815\/revisions\/113822"}],"wp:featuredmedia":[{"embeddable":true,"href":"https:\/\/lovephone.store\/fr\/wp-json\/wp\/v2\/media\/113819"}],"wp:attachment":[{"href":"https:\/\/lovephone.store\/fr\/wp-json\/wp\/v2\/media?parent=113815"}],"wp:term":[{"taxonomy":"product_cat","embeddable":true,"href":"https:\/\/lovephone.store\/fr\/wp-json\/wp\/v2\/product_cat?post=113815"},{"taxonomy":"product_tag","embeddable":true,"href":"https:\/\/lovephone.store\/fr\/wp-json\/wp\/v2\/product_tag?post=113815"},{"taxonomy":"giftcard-category","embeddable":true,"href":"https:\/\/lovephone.store\/fr\/wp-json\/wp\/v2\/giftcard-category?post=113815"}],"curies":[{"name":"wp","href":"https:\/\/api.w.org\/{rel}","templated":true}]}}