{"id":24870,"date":"2024-11-18T17:36:11","date_gmt":"2024-11-18T17:36:11","guid":{"rendered":"https:\/\/lovephone.store\/?page_id=24870"},"modified":"2024-12-16T14:04:30","modified_gmt":"2024-12-16T14:04:30","slug":"billing-terms-conditions","status":"publish","type":"page","link":"https:\/\/lovephone.store\/fr\/billing-terms-conditions\/","title":{"rendered":"Billing Terms &#038; Conditions"},"content":{"rendered":"<p>worldsoccerweb accepte actuellement les cartes de cr\u00e9dit suivantes :<\/p>\n<ul class=\"wp-block-list\">\n<li>Visa<\/li>\n<li>Carte Mastercard<\/li>\n<li>Amex<\/li>\n<li>JCb<\/li>\n<\/ul>\n<p>Nous veillons \u00e0 ce que chaque transaction par carte de cr\u00e9dit soit effectu\u00e9e dans un environnement s\u00e9curis\u00e9. Le syst\u00e8me de paiement est dot\u00e9 d'un cryptage de s\u00e9curit\u00e9 SSL 128 bits. Vous pouvez constater que la transaction est s\u00e9curis\u00e9e si vous voyez un cadenas en bas \u00e0 droite de votre navigateur web. Nous ne conservons pas les informations relatives \u00e0 votre carte de cr\u00e9dit une fois votre commande termin\u00e9e. Elles sont directement transmises \u00e0 nos banques. Vous pouvez \u00eatre assur\u00e9 qu'\u00e0 chaque achat, les informations relatives \u00e0 votre carte de cr\u00e9dit ou \u00e0 votre compte bancaire sont s\u00e9curis\u00e9es.<\/p>\n<p>Vous avez encore des questions ? N'h\u00e9sitez pas \u00e0 nous contacter\u00a0<strong><a href=\"https:\/\/lovephone.store\/fr\/contact-us\/\" data-type=\"link\" data-id=\"https:\/\/spendexo.com\/contact-us\/\">Contactez nous.<\/a><\/strong><\/p>","protected":false},"excerpt":{"rendered":"<p>worldsoccerweb currently, accepts the following credit cards: Visa Mastercard Amex JCb We ensure that every credit card transaction occurs within<\/p>","protected":false},"author":3,"featured_media":0,"parent":0,"menu_order":0,"comment_status":"closed","ping_status":"closed","template":"","meta":{"_acf_changed":false,"footnotes":""},"class_list":["post-24870","page","type-page","status-publish","hentry"],"acf":[],"_links":{"self":[{"href":"https:\/\/lovephone.store\/fr\/wp-json\/wp\/v2\/pages\/24870","targetHints":{"allow":["GET"]}}],"collection":[{"href":"https:\/\/lovephone.store\/fr\/wp-json\/wp\/v2\/pages"}],"about":[{"href":"https:\/\/lovephone.store\/fr\/wp-json\/wp\/v2\/types\/page"}],"author":[{"embeddable":true,"href":"https:\/\/lovephone.store\/fr\/wp-json\/wp\/v2\/users\/3"}],"replies":[{"embeddable":true,"href":"https:\/\/lovephone.store\/fr\/wp-json\/wp\/v2\/comments?post=24870"}],"version-history":[{"count":0,"href":"https:\/\/lovephone.store\/fr\/wp-json\/wp\/v2\/pages\/24870\/revisions"}],"wp:attachment":[{"href":"https:\/\/lovephone.store\/fr\/wp-json\/wp\/v2\/media?parent=24870"}],"curies":[{"name":"wp","href":"https:\/\/api.w.org\/{rel}","templated":true}]}}