{"id":24858,"date":"2024-11-18T17:28:22","date_gmt":"2024-11-18T17:28:22","guid":{"rendered":"https:\/\/lovephone.store\/?page_id=24858"},"modified":"2025-04-12T03:23:36","modified_gmt":"2025-04-12T03:23:36","slug":"shipping-delivery","status":"publish","type":"page","link":"https:\/\/lovephone.store\/fr\/shipping-delivery\/","title":{"rendered":"Shipping &#038; Delivery"},"content":{"rendered":"<div data-elementor-type=\"wp-page\" data-elementor-id=\"24858\" class=\"elementor elementor-24858\" data-elementor-post-type=\"page\">\n\t\t\t\t<div class=\"wd-negative-gap elementor-element elementor-element-73f637a8 e-flex e-con-boxed e-con e-parent\" data-id=\"73f637a8\" data-element_type=\"container\">\n\t\t\t\t\t<div class=\"e-con-inner\">\n\t\t\t\t<div class=\"elementor-element elementor-element-6cb23c50 color-scheme-inherit text-left elementor-widget elementor-widget-text-editor\" data-id=\"6cb23c50\" data-element_type=\"widget\" data-widget_type=\"text-editor.default\">\n\t\t\t\t<div class=\"elementor-widget-container\">\n\t\t\t\t\t\t\t\t\t<p>Merci de votre visite&nbsp;<strong>Boutique LovePhone<\/strong>. Cette page d\u00e9taille les conditions de notre politique d'exp\u00e9dition. Nous nous effor\u00e7ons de faire en sorte que les articles soient livr\u00e9s \u00e0 nos clients le plus rapidement possible.<\/p>\n<figure class=\"wp-block-table\">\n<table class=\"has-fixed-layout\">\n<tbody>\n<tr>\n<td>Pays<\/td>\n<td>Temps de travail<\/td>\n<td>Heure limite de commande<\/td>\n<td>D\u00e9lai de traitement des commandes<\/td>\n<td>D\u00e9lai d'exp\u00e9dition<\/td>\n<td>Frais d'exp\u00e9dition<\/td>\n<\/tr>\n<tr>\n<td>Dans le monde entier<\/td>\n<td>Du lundi au vendredi<\/td>\n<td>9:00 AM GMT-8 Pacific Standard Time (Los Angeles)<\/td>\n<td>1-3 jours ouvrables<\/td>\n<td>8-15 jours ouvrables<\/td>\n<td>10,00 USD&nbsp;<\/td>\n<\/tr>\n<tr>\n<td>Dans le monde entier<\/td>\n<td>Du lundi au vendredi<\/td>\n<td>9:00 AM GMT-8 Pacific Standard Time (Los Angeles)<\/td>\n<td>1-3 jours ouvrables<\/td>\n<td>5-10 jours ouvrables<\/td>\n<td>22.00 USD&nbsp;<\/td>\n<\/tr>\n<\/tbody>\n<\/table>\n<\/figure>\n<p><strong>Informations de suivi :<\/strong><\/p>\n<p>Nous vous communiquerons le num\u00e9ro de suivi par courrier \u00e9lectronique ou sur votre compte une fois que votre produit aura \u00e9t\u00e9 envoy\u00e9. Vous pouvez utiliser ce num\u00e9ro de suivi pour suivre l'\u00e9volution de votre colis. La mise \u00e0 jour des informations de suivi peut prendre un certain temps apr\u00e8s la r\u00e9ception du num\u00e9ro de suivi.<\/p>\n<h4 class=\"wp-block-heading\"><strong>Retour sous 30 jours<\/strong><\/h4>\n<p>Nous nous portons garants de la qualit\u00e9 de nos produits et souhaitons que vous soyez enti\u00e8rement satisfait de votre achat. Si vos articles pr\u00e9sentent des probl\u00e8mes ou ne r\u00e9pondent pas \u00e0 vos attentes, vous pouvez les renvoyer dans les 30 jours pour un remboursement int\u00e9gral ou un \u00e9change. Votre satisfaction est notre priorit\u00e9 et nous nous engageons \u00e0 rendre la proc\u00e9dure de retour aussi simple et pratique que possible.<\/p>\n<h4 class=\"wp-block-heading\"><strong>Paiement s\u00e9curis\u00e9<\/strong><\/h4>\n<p>Faites vos achats en toute confiance en sachant que vos informations de paiement sont en s\u00e9curit\u00e9 chez nous. Nous utilisons des mesures de s\u00e9curit\u00e9 conformes aux normes de l'industrie pour prot\u00e9ger vos donn\u00e9es sensibles et garantir un processus de paiement fluide et s\u00e9curis\u00e9. Votre vie priv\u00e9e et votre s\u00e9curit\u00e9 sont de la plus haute importance pour nous, et nous prenons toutes les pr\u00e9cautions n\u00e9cessaires pour prot\u00e9ger vos informations.<\/p>\n<h4 class=\"wp-block-heading\"><strong>Assistance 24\/7<\/strong><\/h4>\n<p>Notre \u00e9quipe d'assistance est disponible 24 heures sur 24 pour r\u00e9pondre \u00e0 toutes vos questions. Que vous ayez besoin d'aide pour passer une commande, suivre un envoi ou r\u00e9soudre un probl\u00e8me, notre personnel d'assistance comp\u00e9tent et amical est l\u00e0 pour vous aider. Nous nous engageons \u00e0 vous fournir un service client exceptionnel \u00e0 chaque \u00e9tape de votre parcours d'achat.<\/p>\n<p>Merci d'avoir choisi LovePhone-shop. Nous appr\u00e9cions votre confiance et votre fid\u00e9lit\u00e9, et nous nous r\u00e9jouissons de continuer \u00e0 vous servir avec excellence. Si vous avez des questions ou si vous avez besoin d'aide, n'h\u00e9sitez pas \u00e0 nous contacter. Votre satisfaction est notre priorit\u00e9, et nous sommes l\u00e0 pour nous assurer que votre exp\u00e9rience avec nous n'est rien de moins qu'exceptionnelle.<\/p>\n<p>Si vous avez d'autres questions ou si vous avez besoin d'aide concernant notre politique d'exp\u00e9dition, veuillez vous adresser \u00e0&nbsp;<a href=\"https:\/\/lovephone.store\/fr\/contact-us\/\">contact<\/a>&nbsp;notre service client\u00e8le. Nous sommes l\u00e0 pour fournir une excellente assistance et assurer une livraison sans probl\u00e8me.<\/p>\n<p>Merci d'avoir choisi <strong>Boutique LovePhone<\/strong><strong>!<\/strong>&nbsp;Bon shopping !<\/p>\t\t\t\t\t\t\t\t<\/div>\n\t\t\t\t<\/div>\n\t\t\t\t\t<\/div>\n\t\t\t\t<\/div>\n\t\t\t\t<\/div>","protected":false},"excerpt":{"rendered":"<p>Thank you for visiting&nbsp;LovePhone-Shop. This page details the terms of conditions of our shipping policy. We have put a lot<\/p>","protected":false},"author":3,"featured_media":0,"parent":0,"menu_order":0,"comment_status":"closed","ping_status":"closed","template":"","meta":{"_acf_changed":false,"footnotes":""},"class_list":["post-24858","page","type-page","status-publish","hentry"],"acf":[],"_links":{"self":[{"href":"https:\/\/lovephone.store\/fr\/wp-json\/wp\/v2\/pages\/24858","targetHints":{"allow":["GET"]}}],"collection":[{"href":"https:\/\/lovephone.store\/fr\/wp-json\/wp\/v2\/pages"}],"about":[{"href":"https:\/\/lovephone.store\/fr\/wp-json\/wp\/v2\/types\/page"}],"author":[{"embeddable":true,"href":"https:\/\/lovephone.store\/fr\/wp-json\/wp\/v2\/users\/3"}],"replies":[{"embeddable":true,"href":"https:\/\/lovephone.store\/fr\/wp-json\/wp\/v2\/comments?post=24858"}],"version-history":[{"count":4,"href":"https:\/\/lovephone.store\/fr\/wp-json\/wp\/v2\/pages\/24858\/revisions"}],"predecessor-version":[{"id":113859,"href":"https:\/\/lovephone.store\/fr\/wp-json\/wp\/v2\/pages\/24858\/revisions\/113859"}],"wp:attachment":[{"href":"https:\/\/lovephone.store\/fr\/wp-json\/wp\/v2\/media?parent=24858"}],"curies":[{"name":"wp","href":"https:\/\/api.w.org\/{rel}","templated":true}]}}