{"id":24846,"date":"2024-11-18T17:19:37","date_gmt":"2024-11-18T17:19:37","guid":{"rendered":"https:\/\/lovephone.store\/?page_id=24846"},"modified":"2024-11-18T17:26:29","modified_gmt":"2024-11-18T17:26:29","slug":"drop-shipping","status":"publish","type":"page","link":"https:\/\/lovephone.store\/fr\/drop-shipping\/","title":{"rendered":"Exp\u00e9dition directe"},"content":{"rendered":"<div data-elementor-type=\"wp-page\" data-elementor-id=\"24846\" class=\"elementor elementor-24846\" data-elementor-post-type=\"page\">\n\t\t\t\t<div class=\"wd-negative-gap elementor-element elementor-element-73f637a8 e-flex e-con-boxed e-con e-parent\" data-id=\"73f637a8\" data-element_type=\"container\">\n\t\t\t\t\t<div class=\"e-con-inner\">\n\t\t\t\t<div class=\"elementor-element elementor-element-0f87453 elementor-widget elementor-widget-heading\" data-id=\"0f87453\" data-element_type=\"widget\" data-widget_type=\"heading.default\">\n\t\t\t\t<div class=\"elementor-widget-container\">\n\t\t\t\t\t<h2 class=\"elementor-heading-title elementor-size-default\">Exp\u00e9dition directe<\/h2>\t\t\t\t<\/div>\n\t\t\t\t<\/div>\n\t\t\t\t<div class=\"elementor-element elementor-element-6cb23c50 color-scheme-inherit text-left elementor-widget elementor-widget-text-editor\" data-id=\"6cb23c50\" data-element_type=\"widget\" data-widget_type=\"text-editor.default\">\n\t\t\t\t<div class=\"elementor-widget-container\">\n\t\t\t\t\t\t\t\t\t<div><h2><b>Qu'est-ce que le dropshipping ?<\/b><\/h2><\/div><div><div data-zone-id=\"0\" data-line-index=\"0\" data-line=\"true\">Le dropshipping est une m\u00e9thode d'ex\u00e9cution des commandes dans laquelle une entreprise ne garde pas les produits qu'elle vend en stock. Lors de la vente d'un produit, le d\u00e9taillant ach\u00e8te l'article par l'interm\u00e9diaire d'un vendeur tiers, qui l'envoie ensuite directement au client.<\/div><\/div><div><p>Le dropshipping \u00e9limine en effet le processus de r\u00e9ception des livraisons des fournisseurs \u00e0 votre entreprise et se contente d'organiser la livraison de l'article directement au client.<\/p><\/div><div><p>Cette m\u00e9thode \u00e9limine les t\u00e2ches inutiles de r\u00e9ception des commandes, de stockage et de tri des produits, puis d'envoi. Elle permet d'\u00e9conomiser de l'argent sur l'affranchissement, l'espace de stockage, les stocks et la main-d'\u0153uvre n\u00e9cessaire au traitement des commandes.<\/p><\/div><div><p>Nous offrons un service de livraison directe ! Veuillez vous inscrire et passer vos commandes directement, puis laisser l'adresse de votre client.<\/p><\/div><div><p><strong>Soyez assur\u00e9s que nous nous engageons \u00e0 ne pas divulguer d'informations sur notre entreprise \u00e0 vos clients !<\/strong><\/p><\/div><p><img fetchpriority=\"high\" decoding=\"async\" title=\"1712823701565381.jpg\" src=\"https:\/\/www.gogoalshopcloud.com\/upload\/20240411\/1712823945834253.jpg\" alt=\"\u4ee3\u53d1\u8d27\u6a21\u5f0f.jpg\" width=\"722\" height=\"494\" \/><\/p><h2><b>Pourquoi rejoindre notre programme de Dropshipping ?<\/b><\/h2><div><div data-zone-id=\"0\" data-line-index=\"0\" data-line=\"true\">1. Vous b\u00e9n\u00e9ficiez d'un service client prioritaire. Chaque fois que vous vous adressez \u00e0 notre service client\u00e8le, votre repr\u00e9sentant commercial attitr\u00e9 vous assiste rapidement !<\/div><\/div><div><p>2. Nous pouvons fournir un service d'exp\u00e9dition dans les 24 heures, ce qui permet \u00e0 vos clients de recevoir les colis plus facilement et plus rapidement.<\/p><\/div><div><p>3. Lorsque le total de vos commandes mensuelles d\u00e9passe $500, vous pouvez b\u00e9n\u00e9ficier d'une remise de 15% et de la livraison gratuite pour chaque commande.<\/p><\/div><div><h2><b>Comment puis-je adh\u00e9rer au programme de Dropshipping ?<\/b><\/h2><\/div><div><div data-zone-id=\"0\" data-line-index=\"0\" data-line=\"true\">1. Cr\u00e9ez un compte sur le site de gogoalshop.<\/div><\/div><div><p>2. Contactez nous et faites nous savoir comment vous allez travailler avec nous et fournissez une estimation de vos ventes mensuelles. Par exemple, indiquez le nombre total de commandes et le montant de la transaction. Nous vous proposerons alors des prix de dropshipping et des remises sur la base de votre estimation.<\/p><\/div><div><p>3. Lorsque vous recevez la commande et le paiement de votre acheteur, vous devez vous rendre sur notre site, vous connecter, passer la commande, entrer l'adresse de livraison de votre acheteur, payer la commande, puis nous exp\u00e9dierons le colis \u00e0 votre acheteur.<\/p><\/div><div><p>4. Lorsque nous recevons votre commande, nous l'exp\u00e9dions dans un d\u00e9lai de 2 \u00e0 3 jours. Nous mettrons \u00e0 jour les informations d'exp\u00e9dition de votre commande apr\u00e8s l'envoi du colis, et vous pourrez vous connecter pour v\u00e9rifier les informations d'exp\u00e9dition de cette commande.<\/p><\/div><div><p>5. Si la commande pr\u00e9sente des probl\u00e8mes de qualit\u00e9 ou d'exp\u00e9dition, veuillez nous contacter et nous vous proposerons une r\u00e9exp\u00e9dition gratuite.<\/p><\/div><p><img decoding=\"async\" title=\"1712823859416197.jpg\" src=\"https:\/\/www.gogoalshopcloud.com\/upload\/20240411\/1712823945253868.jpg\" alt=\"\u4ee3\u53d1\u8d27\u6d41\u7a0b.jpg\" width=\"719\" height=\"508\" \/><\/p><div><div data-zone-id=\"0\" data-line-index=\"0\" data-line=\"true\">Que vous souhaitiez trouver un compl\u00e9ment d'activit\u00e9, cr\u00e9er une nouvelle entreprise \u00e0 temps plein ou modifier le mod\u00e8le commercial de votre boutique en ligne existante, le dropshipping est peut-\u00eatre la solution que vous recherchez. N'h\u00e9sitez pas \u00e0 rejoindre notre programme de dropshipping.<\/div><\/div>\t\t\t\t\t\t\t\t<\/div>\n\t\t\t\t<\/div>\n\t\t\t\t\t<\/div>\n\t\t\t\t<\/div>\n\t\t\t\t<\/div>","protected":false},"excerpt":{"rendered":"<p>Drop Shipping Qu'est-ce que le dropshipping ? Le dropshipping est une m\u00e9thode d'ex\u00e9cution des commandes dans laquelle une entreprise ne conserve pas les produits qu'elle vend.<\/p>","protected":false},"author":3,"featured_media":0,"parent":0,"menu_order":0,"comment_status":"closed","ping_status":"closed","template":"","meta":{"_acf_changed":false,"footnotes":""},"class_list":["post-24846","page","type-page","status-publish","hentry"],"acf":[],"_links":{"self":[{"href":"https:\/\/lovephone.store\/fr\/wp-json\/wp\/v2\/pages\/24846","targetHints":{"allow":["GET"]}}],"collection":[{"href":"https:\/\/lovephone.store\/fr\/wp-json\/wp\/v2\/pages"}],"about":[{"href":"https:\/\/lovephone.store\/fr\/wp-json\/wp\/v2\/types\/page"}],"author":[{"embeddable":true,"href":"https:\/\/lovephone.store\/fr\/wp-json\/wp\/v2\/users\/3"}],"replies":[{"embeddable":true,"href":"https:\/\/lovephone.store\/fr\/wp-json\/wp\/v2\/comments?post=24846"}],"version-history":[{"count":0,"href":"https:\/\/lovephone.store\/fr\/wp-json\/wp\/v2\/pages\/24846\/revisions"}],"wp:attachment":[{"href":"https:\/\/lovephone.store\/fr\/wp-json\/wp\/v2\/media?parent=24846"}],"curies":[{"name":"wp","href":"https:\/\/api.w.org\/{rel}","templated":true}]}}