{"id":24799,"date":"2024-11-18T14:10:04","date_gmt":"2024-11-18T14:10:04","guid":{"rendered":"https:\/\/lovephone.store\/?page_id=24799"},"modified":"2024-12-31T15:16:40","modified_gmt":"2024-12-31T15:16:40","slug":"shipping-guide","status":"publish","type":"page","link":"https:\/\/lovephone.store\/fr\/shipping-guide\/","title":{"rendered":"Guide d'exp\u00e9dition"},"content":{"rendered":"<div data-elementor-type=\"wp-page\" data-elementor-id=\"24799\" class=\"elementor elementor-24799\" data-elementor-post-type=\"page\">\n\t\t\t\t<div class=\"wd-negative-gap elementor-element elementor-element-38d1e6f e-flex e-con-boxed e-con e-parent\" data-id=\"38d1e6f\" data-element_type=\"container\">\n\t\t\t\t\t<div class=\"e-con-inner\">\n\t\t\t\t<div class=\"elementor-element elementor-element-fce173d color-scheme-inherit text-left elementor-widget elementor-widget-text-editor\" data-id=\"fce173d\" data-element_type=\"widget\" data-widget_type=\"text-editor.default\">\n\t\t\t\t<div class=\"elementor-widget-container\">\n\t\t\t\t\t\t\t\t\t<p>Bonne nouvelle : Livraison gratuite \u00e0 partir de $120.<\/p>\t\t\t\t\t\t\t\t<\/div>\n\t\t\t\t<\/div>\n\t\t\t\t<div class=\"elementor-element elementor-element-7a70aae elementor-widget elementor-widget-heading\" data-id=\"7a70aae\" data-element_type=\"widget\" data-widget_type=\"heading.default\">\n\t\t\t\t<div class=\"elementor-widget-container\">\n\t\t\t\t\t<h2 class=\"elementor-heading-title elementor-size-default\">Informations sur l'exp\u00e9dition<\/h2>\t\t\t\t<\/div>\n\t\t\t\t<\/div>\n\t\t\t\t\t<\/div>\n\t\t\t\t<\/div>\n\t\t<div class=\"wd-negative-gap elementor-element elementor-element-eea7c69 e-flex e-con-boxed e-con e-parent\" data-id=\"eea7c69\" data-element_type=\"container\">\n\t\t\t\t\t<div class=\"e-con-inner\">\n\t\t\t\t<div class=\"elementor-element elementor-element-68d7833 elementor-widget elementor-widget-heading\" data-id=\"68d7833\" data-element_type=\"widget\" data-widget_type=\"heading.default\">\n\t\t\t\t<div class=\"elementor-widget-container\">\n\t\t\t\t\t<h2 class=\"elementor-heading-title elementor-size-default\">Nous desservons plus de 100 pays :<\/h2>\t\t\t\t<\/div>\n\t\t\t\t<\/div>\n\t\t\t\t<div class=\"elementor-element elementor-element-6ad70c7 color-scheme-inherit text-left elementor-widget elementor-widget-text-editor\" data-id=\"6ad70c7\" data-element_type=\"widget\" data-widget_type=\"text-editor.default\">\n\t\t\t\t<div class=\"elementor-widget-container\">\n\t\t\t\t\t\t\t\t\t<div class=\"shipping_list__gggCx flex-x-start flex-wrap\"><div class=\"shipping_item__MMZrL\">\u00c9tats-Unis<\/div><div class=\"shipping_item__MMZrL\">Canada<\/div><div class=\"shipping_item__MMZrL\">Autriche<\/div><div class=\"shipping_item__MMZrL\">Royaume-Uni<\/div><div class=\"shipping_item__MMZrL\">Portugal<\/div><div class=\"shipping_item__MMZrL\">Albanie<\/div><div class=\"shipping_item__MMZrL\">Anguilla<\/div><div class=\"shipping_item__MMZrL\">Argentine<\/div><div class=\"shipping_item__MMZrL\">Arm\u00e9nie<\/div><div class=\"shipping_item__MMZrL\">Australie<\/div><div class=\"shipping_item__MMZrL\">Bahre\u00efn<\/div><div class=\"shipping_item__MMZrL\">Bangladesh<\/div><div class=\"shipping_item__MMZrL\">Barbade<\/div><div class=\"shipping_item__MMZrL\">Belgique<\/div><div class=\"shipping_item__MMZrL\">Bhoutan<\/div><div class=\"shipping_item__MMZrL\">Bosnie et Herz\u00e9govine<\/div><div class=\"shipping_item__MMZrL\">Botswana<\/div><div class=\"shipping_item__MMZrL\">Br\u00e9sil<\/div><div class=\"shipping_item__MMZrL\">Bulgarie<\/div><div class=\"shipping_item__MMZrL\">Cambodge<\/div><div class=\"shipping_item__MMZrL\">\u00celes Ca\u00efmans<\/div><div class=\"shipping_item__MMZrL\">Chili<\/div><div class=\"shipping_item__MMZrL\">Colombie<\/div><div class=\"shipping_item__MMZrL\">Costa Rica<\/div><div class=\"shipping_item__MMZrL\">Croatie<\/div><div class=\"shipping_item__MMZrL\">Chypre<\/div><div class=\"shipping_item__MMZrL\">R\u00e9publique tch\u00e8que<\/div><div class=\"shipping_item__MMZrL\">Danemark<\/div><div class=\"shipping_item__MMZrL\">R\u00e9publique dominicaine<\/div><div class=\"shipping_item__MMZrL\">\u00c9quateur<\/div><div class=\"shipping_item__MMZrL\">\u00c9gypte<\/div><div class=\"shipping_item__MMZrL\">El Salvador<\/div><div class=\"shipping_item__MMZrL\">Estonie<\/div><div class=\"shipping_item__MMZrL\">Fidji<\/div><div class=\"shipping_item__MMZrL\">Finlande<\/div><div class=\"shipping_item__MMZrL\">France<\/div><div class=\"shipping_item__MMZrL\">Guyane fran\u00e7aise<\/div><div class=\"shipping_item__MMZrL\">Polyn\u00e9sie fran\u00e7aise<\/div><div class=\"shipping_item__MMZrL\">G\u00e9orgie<\/div><div class=\"shipping_item__MMZrL\">Allemagne<\/div><div class=\"shipping_item__MMZrL\">Ghana<\/div><div class=\"shipping_item__MMZrL\">Gibraltar<\/div><div class=\"shipping_item__MMZrL\">Gr\u00e8ce<\/div><div class=\"shipping_item__MMZrL\">Groenland<\/div><div class=\"shipping_item__MMZrL\">Guam<\/div><div class=\"shipping_item__MMZrL\">Guatemala<\/div><div class=\"shipping_item__MMZrL\">Honduras<\/div><div class=\"shipping_item__MMZrL\">Hongrie<\/div><div class=\"shipping_item__MMZrL\">Islande<\/div><div class=\"shipping_item__MMZrL\">Inde<\/div><div class=\"shipping_item__MMZrL\">Indon\u00e9sie<\/div><div class=\"shipping_item__MMZrL\">Irlande<\/div><div class=\"shipping_item__MMZrL\">Isra\u00ebl<\/div><div class=\"shipping_item__MMZrL\">Italie<\/div><div class=\"shipping_item__MMZrL\">Japon<\/div><div class=\"shipping_item__MMZrL\">Jordanie<\/div><div class=\"shipping_item__MMZrL\">Kazakhstan<\/div><div class=\"shipping_item__MMZrL\">Kenya<\/div><div class=\"shipping_item__MMZrL\">Kiribati<\/div><div class=\"shipping_item__MMZrL\">Kowe\u00eft<\/div><div class=\"shipping_item__MMZrL\">Lettonie<\/div><div class=\"shipping_item__MMZrL\">Lituanie<\/div><div class=\"shipping_item__MMZrL\">Luxembourg<\/div><div class=\"shipping_item__MMZrL\">Macao<\/div><div class=\"shipping_item__MMZrL\">Malaisie<\/div><div class=\"shipping_item__MMZrL\">Maldives<\/div><div class=\"shipping_item__MMZrL\">Malte<\/div><div class=\"shipping_item__MMZrL\">Maurice<\/div><div class=\"shipping_item__MMZrL\">Mexique<\/div><div class=\"shipping_item__MMZrL\">Micron\u00e9sie<\/div><div class=\"shipping_item__MMZrL\">Moldavie<\/div><div class=\"shipping_item__MMZrL\">Montserrat<\/div><div class=\"shipping_item__MMZrL\">Maroc<\/div><div class=\"shipping_item__MMZrL\">N\u00e9pal<\/div><div class=\"shipping_item__MMZrL\">Pays-Bas<\/div><div class=\"shipping_item__MMZrL\">Antilles n\u00e9erlandaises<\/div><div class=\"shipping_item__MMZrL\">Nouvelle-Z\u00e9lande<\/div><div class=\"shipping_item__MMZrL\">Nicaragua<\/div><div class=\"shipping_item__MMZrL\">Nig\u00e9ria<\/div><div class=\"shipping_item__MMZrL\">Niue<\/div><div class=\"shipping_item__MMZrL\">Norv\u00e8ge<\/div><div class=\"shipping_item__MMZrL\">Oman<\/div><div class=\"shipping_item__MMZrL\">Pakistan<\/div><div class=\"shipping_item__MMZrL\">Panama<\/div><div class=\"shipping_item__MMZrL\">Papouasie-Nouvelle-Guin\u00e9e<\/div><div class=\"shipping_item__MMZrL\">Paraguay<\/div><div class=\"shipping_item__MMZrL\">P\u00e9rou<\/div><div class=\"shipping_item__MMZrL\">Philippines<\/div><div class=\"shipping_item__MMZrL\">Pologne<\/div><div class=\"shipping_item__MMZrL\">Porto Rico<\/div><div class=\"shipping_item__MMZrL\">Qatar<\/div><div class=\"shipping_item__MMZrL\">\u00cele de la R\u00e9union<\/div><div class=\"shipping_item__MMZrL\">Roumanie<\/div><div class=\"shipping_item__MMZrL\">Saint-Barth\u00e9lemy<\/div><div class=\"shipping_item__MMZrL\">Saint-Kitts-et-Nevis<\/div><div class=\"shipping_item__MMZrL\">Arabie Saoudite<\/div><div class=\"shipping_item__MMZrL\">S\u00e9n\u00e9gal<\/div><div class=\"shipping_item__MMZrL\">Serbie<\/div><div class=\"shipping_item__MMZrL\">Singapour<\/div><div class=\"shipping_item__MMZrL\">Slovaquie<\/div><div class=\"shipping_item__MMZrL\">Slov\u00e9nie<\/div><div class=\"shipping_item__MMZrL\">\u00celes Salomon<\/div><div class=\"shipping_item__MMZrL\">Afrique du Sud<\/div><div class=\"shipping_item__MMZrL\">Cor\u00e9e du Sud<\/div><div class=\"shipping_item__MMZrL\">Espagne<\/div><div class=\"shipping_item__MMZrL\">Sri Lanka<\/div><div class=\"shipping_item__MMZrL\">Su\u00e8de<\/div><div class=\"shipping_item__MMZrL\">Suisse<\/div><div class=\"shipping_item__MMZrL\">Ta\u00efwan<\/div><div class=\"shipping_item__MMZrL\">Tadjikistan<\/div><div class=\"shipping_item__MMZrL\">Tha\u00eflande<\/div><div class=\"shipping_item__MMZrL\">Trinit\u00e9-et-Tobago<\/div><div class=\"shipping_item__MMZrL\">Tunisie<\/div><div class=\"shipping_item__MMZrL\">Turquie<\/div><div class=\"shipping_item__MMZrL\">Turkm\u00e9nistan<\/div><div class=\"shipping_item__MMZrL\">\u00celes Turks et Caicos<\/div><div class=\"shipping_item__MMZrL\">Tuvalu<\/div><div class=\"shipping_item__MMZrL\">Ukraine<\/div><div class=\"shipping_item__MMZrL\">\u00c9mirats arabes unis<\/div><div class=\"shipping_item__MMZrL\">Uruguay<\/div><div class=\"shipping_item__MMZrL\">Ouzb\u00e9kistan<\/div><div class=\"shipping_item__MMZrL\">Venezuela<\/div><div class=\"shipping_item__MMZrL\">Vietnam<\/div><div class=\"shipping_item__MMZrL\">\u00celes Vierges (britanniques)<\/div><div class=\"shipping_item__MMZrL\">Zambie<\/div><\/div>\t\t\t\t\t\t\t\t<\/div>\n\t\t\t\t<\/div>\n\t\t\t\t\t<\/div>\n\t\t\t\t<\/div>\n\t\t<div class=\"wd-negative-gap elementor-element elementor-element-c70f2d1 e-flex e-con-boxed e-con e-parent\" data-id=\"c70f2d1\" data-element_type=\"container\">\n\t\t\t\t\t<div class=\"e-con-inner\">\n\t\t\t\t<div class=\"elementor-element elementor-element-6e8e315 elementor-widget elementor-widget-heading\" data-id=\"6e8e315\" data-element_type=\"widget\" data-widget_type=\"heading.default\">\n\t\t\t\t<div class=\"elementor-widget-container\">\n\t\t\t\t\t<h5 class=\"elementor-heading-title elementor-size-default\">Si votre pays ne figure pas dans la liste ci-dessus, veuillez contacter le service client\u00e8le pour obtenir de l'aide.<\/h5>\t\t\t\t<\/div>\n\t\t\t\t<\/div>\n\t\t\t\t<div class=\"elementor-element elementor-element-0023dc8 elementor-widget elementor-widget-heading\" data-id=\"0023dc8\" data-element_type=\"widget\" data-widget_type=\"heading.default\">\n\t\t\t\t<div class=\"elementor-widget-container\">\n\t\t\t\t\t<h2 class=\"elementor-heading-title elementor-size-default\">FAQS :<\/h2>\t\t\t\t<\/div>\n\t\t\t\t<\/div>\n\t\t\t\t<div class=\"elementor-element elementor-element-6b09cf2 elementor-widget elementor-widget-wd_accordion\" data-id=\"6b09cf2\" data-element_type=\"widget\" data-widget_type=\"wd_accordion.default\">\n\t\t\t\t<div class=\"elementor-widget-container\">\n\t\t\t\t\t\n\t\t<div class=\"wd-accordion wd-style-default\" data-state=\"all_closed\">\n\t\t\t\t\t\t\t\n\t\t\t\t<div class=\"wd-accordion-item\">\n\t\t\t\t\t<div class=\"wd-accordion-title text-left wd-opener-pos-right\" data-accordion-index=\"0\">\n\t\t\t\t\t\t<div class=\"wd-accordion-title-text\">\n\t\t\t\t\t\t\t\t\t\t\t\t\t\t<span>\n\t\t\t\t\t\t\t\tQuand recevrai-je ma commande ?\t\t\t\t\t\t\t<\/span>\n\t\t\t\t\t\t<\/div>\n\t\t\t\t\t\t<span class=\"wd-accordion-opener wd-opener-style-arrow\"><\/span>\n\t\t\t\t\t<\/div>\n\n\t\t\t\t\t<div class=\"wd-accordion-content reset-last-child\" data-accordion-index=\"0\">\n\t\t\t\t\t\t\t\t\t\t\t\t\t\n\t\t\t\t\t\t\t<div><p>La date de livraison estim\u00e9e est indiqu\u00e9e lors de la commande et d\u00e9pend des produits s\u00e9lectionn\u00e9s, de l'adresse de livraison et de la m\u00e9thode d'exp\u00e9dition.<\/p><\/div><div><p>D'apr\u00e8s l'exp\u00e9rience d'un grand nombre de nos clients, la livraison \u00e0 la plupart des adresses physiques s'effectue dans un d\u00e9lai de 5 \u00e0 25 jours ouvrables. Les jours ouvrables sont du lundi au vendredi.<\/p><\/div>\n\t\t\t\t\t\t\t\t\t\t\t\t\t\t\t\t\t\t<\/div>\n\t\t\t\t<\/div>\n\t\t\t\t\t\t\t\n\t\t\t\t<div class=\"wd-accordion-item\">\n\t\t\t\t\t<div class=\"wd-accordion-title text-left wd-opener-pos-right\" data-accordion-index=\"1\">\n\t\t\t\t\t\t<div class=\"wd-accordion-title-text\">\n\t\t\t\t\t\t\t\t\t\t\t\t\t\t<span>\n\t\t\t\t\t\t\t\tFacturez-vous des taxes ?\t\t\t\t\t\t\t<\/span>\n\t\t\t\t\t\t<\/div>\n\t\t\t\t\t\t<span class=\"wd-accordion-opener wd-opener-style-arrow\"><\/span>\n\t\t\t\t\t<\/div>\n\n\t\t\t\t\t<div class=\"wd-accordion-content reset-last-child\" data-accordion-index=\"1\">\n\t\t\t\t\t\t\t\t\t\t\t\t\t\n\t\t\t\t\t\t\t<div><p>Nous ne facturons pas de taxes. Toutefois, les douanes locales peuvent imposer des taxes \u00e0 l'arriv\u00e9e. Le transporteur paiera g\u00e9n\u00e9ralement ces frais en votre nom et les percevra au moment de la livraison.<\/p><\/div><div><p>Pour les pays de l'UE, les douanes pr\u00e9l\u00e8vent g\u00e9n\u00e9ralement 20% ou plus de taxes. Nous prenons en charge cette taxe et ne vous facturons que 8% du montant de la commande au moment du paiement.<\/p><\/div>\n\t\t\t\t\t\t\t\t\t\t\t\t\t\t\t\t\t\t<\/div>\n\t\t\t\t<\/div>\n\t\t\t\t\t\t\t\n\t\t\t\t<div class=\"wd-accordion-item\">\n\t\t\t\t\t<div class=\"wd-accordion-title text-left wd-opener-pos-right\" data-accordion-index=\"2\">\n\t\t\t\t\t\t<div class=\"wd-accordion-title-text\">\n\t\t\t\t\t\t\t\t\t\t\t\t\t\t<span>\n\t\t\t\t\t\t\t\tComment puis-je suivre mon envoi ?\t\t\t\t\t\t\t<\/span>\n\t\t\t\t\t\t<\/div>\n\t\t\t\t\t\t<span class=\"wd-accordion-opener wd-opener-style-arrow\"><\/span>\n\t\t\t\t\t<\/div>\n\n\t\t\t\t\t<div class=\"wd-accordion-content reset-last-child\" data-accordion-index=\"2\">\n\t\t\t\t\t\t\t\t\t\t\t\t\t\n\t\t\t\t\t\t\t<p>Vous pouvez consulter l'\u00e9tat de votre envoi en visitant notre page \"Suivi de la commande\" ou en utilisant la communication re\u00e7ue par courrier \u00e9lectronique. Veuillez noter qu'il peut s'\u00e9couler jusqu'\u00e0 une semaine avant que le transporteur ne scanne votre commande dans le syst\u00e8me de suivi.<\/p>\n\t\t\t\t\t\t\t\t\t\t\t\t\t\t\t\t\t\t<\/div>\n\t\t\t\t<\/div>\n\t\t\t\t\t\t\t\n\t\t\t\t<div class=\"wd-accordion-item\">\n\t\t\t\t\t<div class=\"wd-accordion-title text-left wd-opener-pos-right\" data-accordion-index=\"3\">\n\t\t\t\t\t\t<div class=\"wd-accordion-title-text\">\n\t\t\t\t\t\t\t\t\t\t\t\t\t\t<span>\n\t\t\t\t\t\t\t\tPuis-je modifier mes informations d'exp\u00e9dition ?\t\t\t\t\t\t\t<\/span>\n\t\t\t\t\t\t<\/div>\n\t\t\t\t\t\t<span class=\"wd-accordion-opener wd-opener-style-arrow\"><\/span>\n\t\t\t\t\t<\/div>\n\n\t\t\t\t\t<div class=\"wd-accordion-content reset-last-child\" data-accordion-index=\"3\">\n\t\t\t\t\t\t\t\t\t\t\t\t\t\n\t\t\t\t\t\t\t<div><p>Vous pouvez modifier vos informations d'exp\u00e9dition \u00e0 tout moment avant le d\u00e9but du processus d'exp\u00e9dition.<\/p><\/div><div><p>Veuillez contacter notre service client\u00e8le dans les plus brefs d\u00e9lais si vous souhaitez modifier vos informations de livraison.<\/p><\/div><div><p>Nous ne pouvons en aucun cas modifier vos informations d'exp\u00e9dition une fois qu'elles sont entr\u00e9es dans notre processus d'exp\u00e9dition.<\/p><\/div><div><p>Pour garantir une livraison rapide de votre colis, veuillez fournir une adresse de livraison et des informations de contact exactes lorsque vous passez votre commande.<\/p><\/div>\n\t\t\t\t\t\t\t\t\t\t\t\t\t\t\t\t\t\t<\/div>\n\t\t\t\t<\/div>\n\t\t\t\t\t\t\t\n\t\t\t\t<div class=\"wd-accordion-item\">\n\t\t\t\t\t<div class=\"wd-accordion-title text-left wd-opener-pos-right\" data-accordion-index=\"4\">\n\t\t\t\t\t\t<div class=\"wd-accordion-title-text\">\n\t\t\t\t\t\t\t\t\t\t\t\t\t\t<span>\n\t\t\t\t\t\t\t\tQue se passe-t-il si je n'ai pas re\u00e7u ma commande ?\t\t\t\t\t\t\t<\/span>\n\t\t\t\t\t\t<\/div>\n\t\t\t\t\t\t<span class=\"wd-accordion-opener wd-opener-style-arrow\"><\/span>\n\t\t\t\t\t<\/div>\n\n\t\t\t\t\t<div class=\"wd-accordion-content reset-last-child\" data-accordion-index=\"4\">\n\t\t\t\t\t\t\t\t\t\t\t\t\t\n\t\t\t\t\t\t\t<div><p>Si votre commande n'arrive pas comme pr\u00e9vu, il se peut qu'elle ait \u00e9t\u00e9 perdue pendant le transport. Vous pouvez contacter notre service client\u00e8le pour qu'il vous renvoie le colis.<\/p><\/div><div><p>Mais avant de contacter notre service client\u00e8le, veuillez demander \u00e0 votre famille ou \u00e0 vos voisins s'ils ont re\u00e7u le colis en votre nom, ou v\u00e9rifiez aupr\u00e8s du transporteur local si le colis a \u00e9t\u00e9 livr\u00e9.<\/p><\/div>\n\t\t\t\t\t\t\t\t\t\t\t\t\t\t\t\t\t\t<\/div>\n\t\t\t\t<\/div>\n\t\t\t\t\t\t\t\n\t\t\t\t<div class=\"wd-accordion-item\">\n\t\t\t\t\t<div class=\"wd-accordion-title text-left wd-opener-pos-right\" data-accordion-index=\"5\">\n\t\t\t\t\t\t<div class=\"wd-accordion-title-text\">\n\t\t\t\t\t\t\t\t\t\t\t\t\t\t<span>\n\t\t\t\t\t\t\t\tPuis-je retourner ou \u00e9changer un article ?\t\t\t\t\t\t\t<\/span>\n\t\t\t\t\t\t<\/div>\n\t\t\t\t\t\t<span class=\"wd-accordion-opener wd-opener-style-arrow\"><\/span>\n\t\t\t\t\t<\/div>\n\n\t\t\t\t\t<div class=\"wd-accordion-content reset-last-child\" data-accordion-index=\"5\">\n\t\t\t\t\t\t\t\t\t\t\t\t\t\n\t\t\t\t\t\t\t<div><p>Si vous n'\u00eates pas satisfait de votre achat, vous pouvez nous retourner votre article dans les 30 jours suivant la r\u00e9ception du colis pour recevoir un remboursement complet ou un \u00e9change contre un nouvel article.<\/p><\/div><div><p>Quelle que soit la raison de votre insatisfaction.<\/p><\/div><div><p>N'h\u00e9sitez pas \u00e0 nous contacter d'abord et \u00e0 exp\u00e9dier l'article \u00e0 la bonne adresse dans un \u00e9tat commercialisable.<\/p><\/div><div><p>(Nous n'acceptons que les maillots retourn\u00e9s sans badges, noms ou num\u00e9ros personnalis\u00e9s)<\/p><\/div>\n\t\t\t\t\t\t\t\t\t\t\t\t\t\t\t\t\t\t<\/div>\n\t\t\t\t<\/div>\n\t\t\t\t\t\t\t\n\t\t\t\t<div class=\"wd-accordion-item\">\n\t\t\t\t\t<div class=\"wd-accordion-title text-left wd-opener-pos-right\" data-accordion-index=\"6\">\n\t\t\t\t\t\t<div class=\"wd-accordion-title-text\">\n\t\t\t\t\t\t\t\t\t\t\t\t\t\t<span>\n\t\t\t\t\t\t\t\tComment contacter notre service client\u00e8le ?\t\t\t\t\t\t\t<\/span>\n\t\t\t\t\t\t<\/div>\n\t\t\t\t\t\t<span class=\"wd-accordion-opener wd-opener-style-arrow\"><\/span>\n\t\t\t\t\t<\/div>\n\n\t\t\t\t\t<div class=\"wd-accordion-content reset-last-child\" data-accordion-index=\"6\">\n\t\t\t\t\t\t\t\t\t\t\t\t\t\n\t\t\t\t\t\t\t<div><p>Veuillez nous contacter par le biais du chat en ligne pendant les heures de bureau, et veuillez contacter notre service client\u00e8le par e-mail ou WhatsApp en dehors des heures de bureau pour recevoir une r\u00e9ponse plus rapide.<\/p><\/div><div><p>Nos horaires de travail sont de 20h00 \u00e0 17h00 (heure de l'Est) tous les jours.<\/p><p>Courriel : contact@lovephone.store<\/p><\/div>\n\t\t\t\t\t\t\t\t\t\t\t\t\t\t\t\t\t\t<\/div>\n\t\t\t\t<\/div>\n\t\t\t\t\t<\/div>\n\t\t\t\t\t\t<\/div>\n\t\t\t\t<\/div>\n\t\t\t\t\t<\/div>\n\t\t\t\t<\/div>\n\t\t\t\t<\/div>","protected":false},"excerpt":{"rendered":"<p>Bonne nouvelle : Livraison gratuite \u00e0 partir de $120. Informations sur l'exp\u00e9dition Nous desservons plus de 100 pays : \u00c9tats-UnisCanadaAutricheRoyaume-UniPortugalAlbanieAnguillaArgentineArm\u00e9nieAustralieBahre\u00efnBangladeshBarbadeBelgiqueBhoutanBosnie-Herz\u00e9govineBotswanaBr\u00e9silBulgarieCambodgeCa\u00efman<\/p>","protected":false},"author":3,"featured_media":0,"parent":0,"menu_order":0,"comment_status":"closed","ping_status":"closed","template":"","meta":{"_acf_changed":false,"footnotes":""},"class_list":["post-24799","page","type-page","status-publish","hentry"],"acf":[],"_links":{"self":[{"href":"https:\/\/lovephone.store\/fr\/wp-json\/wp\/v2\/pages\/24799","targetHints":{"allow":["GET"]}}],"collection":[{"href":"https:\/\/lovephone.store\/fr\/wp-json\/wp\/v2\/pages"}],"about":[{"href":"https:\/\/lovephone.store\/fr\/wp-json\/wp\/v2\/types\/page"}],"author":[{"embeddable":true,"href":"https:\/\/lovephone.store\/fr\/wp-json\/wp\/v2\/users\/3"}],"replies":[{"embeddable":true,"href":"https:\/\/lovephone.store\/fr\/wp-json\/wp\/v2\/comments?post=24799"}],"version-history":[{"count":1,"href":"https:\/\/lovephone.store\/fr\/wp-json\/wp\/v2\/pages\/24799\/revisions"}],"predecessor-version":[{"id":87668,"href":"https:\/\/lovephone.store\/fr\/wp-json\/wp\/v2\/pages\/24799\/revisions\/87668"}],"wp:attachment":[{"href":"https:\/\/lovephone.store\/fr\/wp-json\/wp\/v2\/media?parent=24799"}],"curies":[{"name":"wp","href":"https:\/\/api.w.org\/{rel}","templated":true}]}}