{"id":14,"date":"2023-06-15T12:33:10","date_gmt":"2023-06-15T12:33:10","guid":{"rendered":"https:\/\/dummy.xtemos.com\/woodmart2\/kids-elementor\/?page_id=14"},"modified":"2025-04-12T03:35:24","modified_gmt":"2025-04-12T03:35:24","slug":"about-us","status":"publish","type":"page","link":"https:\/\/lovephone.store\/fr\/about-us\/","title":{"rendered":"About us"},"content":{"rendered":"<div data-elementor-type=\"wp-page\" data-elementor-id=\"14\" class=\"elementor elementor-14\" data-elementor-post-type=\"page\">\n\t\t\t\t<div class=\"wd-negative-gap elementor-element elementor-element-38d1e6f e-flex e-con-boxed e-con e-parent\" data-id=\"38d1e6f\" data-element_type=\"container\">\n\t\t\t\t\t<div class=\"e-con-inner\">\n\t\t\t\t<div class=\"elementor-element elementor-element-e4fce59 color-scheme-inherit text-left elementor-widget elementor-widget-text-editor\" data-id=\"e4fce59\" data-element_type=\"widget\" data-widget_type=\"text-editor.default\">\n\t\t\t\t<div class=\"elementor-widget-container\">\n\t\t\t\t\t\t\t\t\t<p>Bienvenue \u00e0&nbsp;<span style=\"font-family: Cabin, Arial, Helvetica, sans-serif; font-size: 18px; font-style: normal; font-variant-ligatures: normal; font-variant-caps: normal; font-weight: 400;\">Boutique LovePhone<\/span><strong>!<\/strong><\/p>\n<p>Chez LovePhone-Shop, nous sommes passionn\u00e9s par le football et nous nous engageons \u00e0 vous offrir la meilleure s\u00e9lection de maillots de football pour hommes, femmes et enfants. Que vous soyez un fan inconditionnel d'une \u00e9quipe ou que vous cherchiez simplement un maillot \u00e9l\u00e9gant pour montrer votre amour du jeu, nous avons tout ce qu'il vous faut.<\/p>\n<h3>Notre histoire<\/h3>\n<p>Fond\u00e9e avec un amour profond pour le sport,&nbsp;<span style=\"font-family: Cabin, Arial, Helvetica, sans-serif; font-size: 18px; font-style: normal; font-variant-ligatures: normal; font-variant-caps: normal; font-weight: 400;\">Boutique LovePhone&nbsp;<\/span>a commenc\u00e9 avec une mission simple : fournir des maillots de football authentiques et de haute qualit\u00e9 qui c\u00e9l\u00e8brent le beau jeu. Nous comprenons l'excitation de porter les couleurs de votre \u00e9quipe et la joie qu'elle apporte aux fans de tous \u00e2ges. Notre objectif est de proposer une gamme vari\u00e9e de maillots qui s'adressent \u00e0 tous les passionn\u00e9s de football, qu'il s'agisse d'amateurs occasionnels ou de supporters inconditionnels.<\/p>\n<h3>Ce qui nous distingue<\/h3>\n<ul>\n<li><strong>La qualit\u00e9 d'abord :<\/strong>&nbsp;Nous achetons nos maillots aupr\u00e8s de fabricants de confiance pour vous garantir des produits \u00e0 la fois durables et confortables.<\/li>\n<li><strong>Large choix :<\/strong>&nbsp;Des mod\u00e8les classiques aux derni\u00e8res nouveaut\u00e9s, notre collection comprend des maillots de toutes les grandes \u00e9quipes et de toutes les ligues. Nous proposons des options pour les hommes, les femmes et les enfants, afin que toute la famille puisse soutenir ses \u00e9quipes pr\u00e9f\u00e9r\u00e9es.<\/li>\n<li><strong>Centr\u00e9 sur le client :<\/strong>&nbsp;Votre satisfaction est notre priorit\u00e9 absolue. Notre \u00e9quipe s'attache \u00e0 fournir un service client\u00e8le exceptionnel et \u00e0 garantir une exp\u00e9rience d'achat sans faille du d\u00e9but \u00e0 la fin.<\/li>\n<\/ul>\n<h3>Notre engagement<\/h3>\n<p>Au&nbsp;<span style=\"font-family: Cabin, Arial, Helvetica, sans-serif; font-size: 18px; font-style: normal; font-variant-ligatures: normal; font-variant-caps: normal; font-weight: 400;\">Boutique LovePhone<\/span>Nous sommes plus qu'un simple magasin, nous sommes une communaut\u00e9 de fans de football. Nous nous effor\u00e7ons de maintenir nos prix comp\u00e9titifs et nous proposons des promotions et des offres sp\u00e9ciales pour rendre votre exp\u00e9rience d'achat encore meilleure.<\/p>\n<p>Nous croyons \u00e9galement qu'il est important de rendre \u00e0 la communaut\u00e9 qui nous soutient ce qu'elle nous a donn\u00e9. C'est pourquoi nous nous engageons r\u00e9guli\u00e8rement dans des initiatives qui soutiennent les programmes de football pour les jeunes et les \u00e9quipes locales.<\/p>\n<h3>Prendre contact<\/h3>\n<p>Vous avez des questions ou besoin d'aide ? Notre \u00e9quipe d'assistance est l\u00e0 pour vous aider ! Vous pouvez nous contacter \u00e0 l'adresse support@lovephone.store, ou vous connecter avec nous sur les m\u00e9dias sociaux.<\/p>\n<p>Merci d'avoir choisi&nbsp;<span style=\"font-family: Cabin, Arial, Helvetica, sans-serif; font-size: 18px; font-style: normal; font-variant-ligatures: normal; font-variant-caps: normal; font-weight: 400;\">Boutique LovePhone<\/span>. Nous sommes ravis de faire partie de votre parcours footballistique et sommes impatients de vous servir avec les meilleurs maillots et \u00e9quipements de supporters.<\/p>\n<p>Entretenez la passion et profitez du jeu !<\/p>\n<p><strong>La boutique LovePhone<\/strong><strong style=\"font-size: 18px; text-align: var(--text-align); background-color: var(--wd-main-bgcolor); color: var(--wd-text-color);\">&nbsp;L'\u00e9quipe<\/strong><\/p>\t\t\t\t\t\t\t\t<\/div>\n\t\t\t\t<\/div>\n\t\t\t\t\t<\/div>\n\t\t\t\t<\/div>\n\t\t\t\t<\/div>","protected":false},"excerpt":{"rendered":"<p>Welcome to&nbsp;LovePhone-Shop! At LovePhone-Shop, we\u2019re passionate about football and committed to bringing you the finest selection of football jerseys for<\/p>","protected":false},"author":3,"featured_media":0,"parent":0,"menu_order":0,"comment_status":"closed","ping_status":"closed","template":"","meta":{"_acf_changed":false,"footnotes":""},"class_list":["post-14","page","type-page","status-publish","hentry"],"acf":[],"_links":{"self":[{"href":"https:\/\/lovephone.store\/fr\/wp-json\/wp\/v2\/pages\/14","targetHints":{"allow":["GET"]}}],"collection":[{"href":"https:\/\/lovephone.store\/fr\/wp-json\/wp\/v2\/pages"}],"about":[{"href":"https:\/\/lovephone.store\/fr\/wp-json\/wp\/v2\/types\/page"}],"author":[{"embeddable":true,"href":"https:\/\/lovephone.store\/fr\/wp-json\/wp\/v2\/users\/3"}],"replies":[{"embeddable":true,"href":"https:\/\/lovephone.store\/fr\/wp-json\/wp\/v2\/comments?post=14"}],"version-history":[{"count":4,"href":"https:\/\/lovephone.store\/fr\/wp-json\/wp\/v2\/pages\/14\/revisions"}],"predecessor-version":[{"id":113866,"href":"https:\/\/lovephone.store\/fr\/wp-json\/wp\/v2\/pages\/14\/revisions\/113866"}],"wp:attachment":[{"href":"https:\/\/lovephone.store\/fr\/wp-json\/wp\/v2\/media?parent=14"}],"curies":[{"name":"wp","href":"https:\/\/api.w.org\/{rel}","templated":true}]}}