{"id":12,"date":"2024-11-18T17:11:01","date_gmt":"2024-11-18T17:11:01","guid":{"rendered":"https:\/\/lovephone.store\/?page_id=12"},"modified":"2025-04-12T03:22:05","modified_gmt":"2025-04-12T03:22:05","slug":"refund_returns","status":"publish","type":"page","link":"https:\/\/lovephone.store\/fr\/refund_returns\/","title":{"rendered":"Remboursement et retours"},"content":{"rendered":"<div data-elementor-type=\"wp-page\" data-elementor-id=\"12\" class=\"elementor elementor-12\" data-elementor-post-type=\"page\">\n\t\t\t\t<div class=\"wd-negative-gap elementor-element elementor-element-73f637a8 e-flex e-con-boxed e-con e-parent\" data-id=\"73f637a8\" data-element_type=\"container\">\n\t\t\t\t\t<div class=\"e-con-inner\">\n\t\t\t\t<div class=\"elementor-element elementor-element-6cb23c50 color-scheme-inherit text-left elementor-widget elementor-widget-text-editor\" data-id=\"6cb23c50\" data-element_type=\"widget\" data-widget_type=\"text-editor.default\">\n\t\t\t\t<div class=\"elementor-widget-container\">\n\t\t\t\t\t\t\t\t\t<p>Notre objectif \u00e0&nbsp;<strong>Boutique LovePhone<\/strong>&nbsp;est que vous soyez satisfait de votre achat. Dans les 30 jours suivant l'achat, vous pouvez retourner les articles qui ne vous conviennent pas pour un remboursement complet, sans poser de questions.<\/p>\n<p><strong>Autorisation de retour et de remboursement :<\/strong><\/p>\n<ul class=\"wp-block-list\">\n<li>Les articles peuvent \u00eatre retourn\u00e9s pour remboursement dans les 30 jours suivant la date d'achat.<\/li>\n<li>Les produits doivent \u00eatre dans leur \u00e9tat d'origine, avec toutes les \u00e9tiquettes et tous les emballages intacts.<\/li>\n<li>Les articles qui ont \u00e9t\u00e9 port\u00e9s, nettoy\u00e9s, utilis\u00e9s ou modifi\u00e9s ne peuvent pas \u00eatre retourn\u00e9s.<\/li>\n<li>Les produits personnalis\u00e9s, les produits command\u00e9s \u00e0 l'avance, les offres sp\u00e9ciales ou les cartes-cadeaux ne peuvent \u00eatre retourn\u00e9s ou rembours\u00e9s.<\/li>\n<\/ul>\n<p><strong>Comment retourner l'article :<br><\/strong>Pour retourner un article, veuillez contacter notre service client\u00e8le \u00e0 l'adresse suivante : contact@lovephone.store <strong>&nbsp;<\/strong>dans les 30 jours suivant la r\u00e9ception de votre commande. Nous vous donnerons un num\u00e9ro d'autorisation de retour ainsi que des instructions sur la mani\u00e8re de retourner l'article. N'oubliez pas que les articles doivent \u00eatre retourn\u00e9s dans leur emballage d'origine et dans le m\u00eame \u00e9tat que celui dans lequel vous les avez re\u00e7us.<\/p>\n<p>Si votre demande de retour est accept\u00e9e, nous vous enverrons une \u00e9tiquette de retour et des instructions. Les articles qui nous sont retourn\u00e9s avant d'avoir \u00e9t\u00e9 rembours\u00e9s ne seront pas accept\u00e9s.<\/p>\n<p>Toute demande de retour peut nous \u00eatre adress\u00e9e \u00e0 l'adresse contact@lovephone.store.<\/p>\n<p><strong>Dommages et int\u00e9r\u00eats<\/strong><br>Veuillez v\u00e9rifier votre commande \u00e0 la r\u00e9ception et nous faire savoir imm\u00e9diatement si quelque chose est cass\u00e9, endommag\u00e9 ou d\u00e9fectueux afin que nous puissions l'examiner et y rem\u00e9dier.<\/p>\n<p><strong>Personnalis\u00e9 ou LovePhone-Shop :<br><\/strong>Veuillez noter que les produits personnalis\u00e9s et faits sur mesure ne peuvent \u00eatre retourn\u00e9s ou rembours\u00e9s \u00e0 moins qu'ils ne soient d\u00e9fectueux ou endommag\u00e9s. Nous sommes fiers de cr\u00e9er des articles sur mesure et LovePhone-Shop pour r\u00e9pondre \u00e0 votre style et \u00e0 vos go\u00fbts uniques. Si vous avez des questions sur les produits sur mesure ou personnalis\u00e9s, veuillez contacter notre \u00e9quipe du service client\u00e8le \u00e0 l'adresse support@lovephone.store pour discuter de vos options<\/p>\n<p><strong>Frais de retour :<br><\/strong>Si le produit est d\u00e9fectueux ou si le retour est volontaire, les frais de retour ne seront pas factur\u00e9s au client.<\/p>\n<p><strong>Frais de remise en stock :<br><\/strong>Pas de frais de remise en stock.<\/p>\n<p><strong>\u00c9change :<br><\/strong>Seuls les articles endommag\u00e9s ou d\u00e9fectueux \u00e0 la suite d'une erreur de notre part seront \u00e9chang\u00e9s. Malheureusement, nous ne sommes pas en mesure d'\u00e9changer un article contre une couleur, une taille ou une marque diff\u00e9rente\/nouvelle.<\/p>\n<p><strong>Remboursements<\/strong><br>Nous vous informerons une fois que nous aurons re\u00e7u et inspect\u00e9 votre retour, et vous ferons savoir si le remboursement a \u00e9t\u00e9 approuv\u00e9 ou non. Si le remboursement est approuv\u00e9, vous serez automatiquement rembours\u00e9 sur votre mode de paiement d'origine dans les 10 jours ouvrables. N'oubliez pas que le traitement et l'affichage du remboursement par votre banque ou votre soci\u00e9t\u00e9 de carte de cr\u00e9dit peuvent prendre un certain temps.<br>Si plus de 15 jours ouvrables se sont \u00e9coul\u00e9s depuis que nous avons approuv\u00e9 votre retour, veuillez nous contacter \u00e0 l'adresse suivante&nbsp;<strong>contact@lovephone.store<\/strong><\/p>\t\t\t\t\t\t\t\t<\/div>\n\t\t\t\t<\/div>\n\t\t\t\t\t<\/div>\n\t\t\t\t<\/div>\n\t\t\t\t<\/div>","protected":false},"excerpt":{"rendered":"<p>Notre objectif chez LovePhone-Shop est que vous soyez satisfait de votre achat. Dans les 30 jours suivant l'achat, vous pouvez retourner tout<\/p>","protected":false},"author":3,"featured_media":0,"parent":0,"menu_order":0,"comment_status":"closed","ping_status":"closed","template":"","meta":{"_acf_changed":false,"footnotes":""},"class_list":["post-12","page","type-page","status-publish","hentry"],"acf":[],"_links":{"self":[{"href":"https:\/\/lovephone.store\/fr\/wp-json\/wp\/v2\/pages\/12","targetHints":{"allow":["GET"]}}],"collection":[{"href":"https:\/\/lovephone.store\/fr\/wp-json\/wp\/v2\/pages"}],"about":[{"href":"https:\/\/lovephone.store\/fr\/wp-json\/wp\/v2\/types\/page"}],"author":[{"embeddable":true,"href":"https:\/\/lovephone.store\/fr\/wp-json\/wp\/v2\/users\/3"}],"replies":[{"embeddable":true,"href":"https:\/\/lovephone.store\/fr\/wp-json\/wp\/v2\/comments?post=12"}],"version-history":[{"count":4,"href":"https:\/\/lovephone.store\/fr\/wp-json\/wp\/v2\/pages\/12\/revisions"}],"predecessor-version":[{"id":113856,"href":"https:\/\/lovephone.store\/fr\/wp-json\/wp\/v2\/pages\/12\/revisions\/113856"}],"wp:attachment":[{"href":"https:\/\/lovephone.store\/fr\/wp-json\/wp\/v2\/media?parent=12"}],"curies":[{"name":"wp","href":"https:\/\/api.w.org\/{rel}","templated":true}]}}