{"id":113797,"date":"2025-04-11T15:27:18","date_gmt":"2025-04-11T15:27:18","guid":{"rendered":"https:\/\/lovephone.store\/?post_type=product&#038;p=113797"},"modified":"2025-04-29T14:21:38","modified_gmt":"2025-04-29T14:21:38","slug":"ink-screen-phone-case-nfc-projection-screen-diy-smart-four-color-ink-screen-iphone16-mobile-phone","status":"publish","type":"product","link":"https:\/\/lovephone.store\/es\/product\/ink-screen-phone-case-nfc-projection-screen-diy-smart-four-color-ink-screen-iphone16-mobile-phone\/","title":{"rendered":"Pantalla de tinta caso del tel\u00e9fono NFC pantalla de proyecci\u00f3n DIY inteligente de cuatro colores pantalla de tinta iPhone16 tel\u00e9fono m\u00f3vil"},"content":{"rendered":"<div style=\"width: 544px;\" class=\"wp-video\"><!--[if lt IE 9]><script>document.createElement('video');<\/script><![endif]-->\n<video class=\"wp-video-shortcode\" id=\"video-113797-1\" width=\"544\" height=\"960\" preload=\"metadata\" controls=\"controls\"><source type=\"video\/mp4\" src=\"https:\/\/lovephone.store\/wp-content\/uploads\/2025\/04\/\u56db\u8272\u82f1\u6587\u89c6\u9891.mp4?_=1\" \/><a href=\"https:\/\/lovephone.store\/wp-content\/uploads\/2025\/04\/\u56db\u8272\u82f1\u6587\u89c6\u9891.mp4\">https:\/\/lovephone.store\/wp-content\/uploads\/2025\/04\/\u56db\u8272\u82f1\u6587\u89c6\u9891.mp4<\/a><\/video><\/div>","protected":false},"excerpt":{"rendered":"","protected":false},"featured_media":113802,"comment_status":"open","ping_status":"closed","template":"","meta":{"_acf_changed":false},"product_cat":[1566],"product_tag":[],"giftcard-category":[],"class_list":{"0":"post-113797","1":"product","2":"type-product","3":"status-publish","4":"has-post-thumbnail","6":"product_cat-all-product","8":"first","9":"instock","10":"sale","11":"taxable","12":"shipping-taxable","13":"purchasable","14":"product-type-simple"},"acf":[],"_links":{"self":[{"href":"https:\/\/lovephone.store\/es\/wp-json\/wp\/v2\/product\/113797","targetHints":{"allow":["GET"]}}],"collection":[{"href":"https:\/\/lovephone.store\/es\/wp-json\/wp\/v2\/product"}],"about":[{"href":"https:\/\/lovephone.store\/es\/wp-json\/wp\/v2\/types\/product"}],"replies":[{"embeddable":true,"href":"https:\/\/lovephone.store\/es\/wp-json\/wp\/v2\/comments?post=113797"}],"version-history":[{"count":1,"href":"https:\/\/lovephone.store\/es\/wp-json\/wp\/v2\/product\/113797\/revisions"}],"predecessor-version":[{"id":113803,"href":"https:\/\/lovephone.store\/es\/wp-json\/wp\/v2\/product\/113797\/revisions\/113803"}],"wp:featuredmedia":[{"embeddable":true,"href":"https:\/\/lovephone.store\/es\/wp-json\/wp\/v2\/media\/113802"}],"wp:attachment":[{"href":"https:\/\/lovephone.store\/es\/wp-json\/wp\/v2\/media?parent=113797"}],"wp:term":[{"taxonomy":"product_cat","embeddable":true,"href":"https:\/\/lovephone.store\/es\/wp-json\/wp\/v2\/product_cat?post=113797"},{"taxonomy":"product_tag","embeddable":true,"href":"https:\/\/lovephone.store\/es\/wp-json\/wp\/v2\/product_tag?post=113797"},{"taxonomy":"giftcard-category","embeddable":true,"href":"https:\/\/lovephone.store\/es\/wp-json\/wp\/v2\/giftcard-category?post=113797"}],"curies":[{"name":"wp","href":"https:\/\/api.w.org\/{rel}","templated":true}]}}