{"id":84458,"date":"2024-12-09T15:20:16","date_gmt":"2024-12-09T15:20:16","guid":{"rendered":"https:\/\/lovephone.store\/?page_id=84458"},"modified":"2025-04-11T16:20:02","modified_gmt":"2025-04-11T16:20:02","slug":"home2","status":"publish","type":"page","link":"https:\/\/lovephone.store\/es\/","title":{"rendered":"Inicio2"},"content":{"rendered":"<div data-elementor-type=\"wp-page\" data-elementor-id=\"84458\" class=\"elementor elementor-84458\" data-elementor-post-type=\"page\">\n\t\t\t\t<div class=\"elementor-element elementor-element-50371f48 wd-section-stretch-content e-con-full e-flex e-con e-parent\" data-id=\"50371f48\" data-element_type=\"container\">\n\t\t\t\t<div class=\"elementor-element elementor-element-67097eb9 elementor-hidden-mobile elementor-widget elementor-widget-image\" data-id=\"67097eb9\" data-element_type=\"widget\" data-widget_type=\"image.default\">\n\t\t\t\t<div class=\"elementor-widget-container\">\n\t\t\t\t\t\t\t\t\t\t\t\t\t\t\t<img fetchpriority=\"high\" decoding=\"async\" width=\"1920\" height=\"735\" src=\"https:\/\/lovephone.store\/wp-content\/uploads\/2025\/04\/\u7535\u8111.jpg\" class=\"attachment-full size-full wp-image-113771\" alt=\"\" srcset=\"https:\/\/lovephone.store\/wp-content\/uploads\/2025\/04\/\u7535\u8111.jpg 1920w, https:\/\/lovephone.store\/wp-content\/uploads\/2025\/04\/\u7535\u8111-300x115.jpg 300w, https:\/\/lovephone.store\/wp-content\/uploads\/2025\/04\/\u7535\u8111-1024x392.jpg 1024w, https:\/\/lovephone.store\/wp-content\/uploads\/2025\/04\/\u7535\u8111-768x294.jpg 768w, https:\/\/lovephone.store\/wp-content\/uploads\/2025\/04\/\u7535\u8111-1536x588.jpg 1536w, https:\/\/lovephone.store\/wp-content\/uploads\/2025\/04\/\u7535\u8111-18x7.jpg 18w, https:\/\/lovephone.store\/wp-content\/uploads\/2025\/04\/\u7535\u8111-1200x459.jpg 1200w, https:\/\/lovephone.store\/wp-content\/uploads\/2025\/04\/\u7535\u8111-150x57.jpg 150w\" sizes=\"(max-width: 1920px) 100vw, 1920px\" \/>\t\t\t\t\t\t\t\t\t\t\t\t\t\t\t<\/div>\n\t\t\t\t<\/div>\n\t\t\t\t<div class=\"elementor-element elementor-element-59df5280 elementor-hidden-desktop elementor-hidden-tablet elementor-widget elementor-widget-image\" data-id=\"59df5280\" data-element_type=\"widget\" data-widget_type=\"image.default\">\n\t\t\t\t<div class=\"elementor-widget-container\">\n\t\t\t\t\t\t\t\t\t\t\t\t\t\t\t\t<a href=\"https:\/\/lovephone.store\/es\/product-category\/all-product\/\">\n\t\t\t\t\t\t\t<img decoding=\"async\" width=\"818\" height=\"500\" src=\"https:\/\/lovephone.store\/wp-content\/uploads\/2025\/04\/\u624b\u673a.jpg\" class=\"attachment-full size-full wp-image-113772\" alt=\"\" srcset=\"https:\/\/lovephone.store\/wp-content\/uploads\/2025\/04\/\u624b\u673a.jpg 818w, https:\/\/lovephone.store\/wp-content\/uploads\/2025\/04\/\u624b\u673a-300x183.jpg 300w, https:\/\/lovephone.store\/wp-content\/uploads\/2025\/04\/\u624b\u673a-768x469.jpg 768w, https:\/\/lovephone.store\/wp-content\/uploads\/2025\/04\/\u624b\u673a-18x12.jpg 18w, https:\/\/lovephone.store\/wp-content\/uploads\/2025\/04\/\u624b\u673a-150x92.jpg 150w\" sizes=\"(max-width: 818px) 100vw, 818px\" \/>\t\t\t\t\t\t\t\t<\/a>\n\t\t\t\t\t\t\t\t\t\t\t\t\t\t\t<\/div>\n\t\t\t\t<\/div>\n\t\t\t\t<\/div>\n\t\t<div class=\"elementor-element elementor-element-195ee601 wd-section-stretch-content e-flex e-con-boxed e-con e-parent\" data-id=\"195ee601\" data-element_type=\"container\">\n\t\t\t\t\t<div class=\"e-con-inner\">\n\t\t\t\t<div class=\"elementor-element elementor-element-1bfa58eb elementor-widget-mobile__width-initial elementor-widget elementor-widget-heading\" data-id=\"1bfa58eb\" data-element_type=\"widget\" data-widget_type=\"heading.default\">\n\t\t\t\t<div class=\"elementor-widget-container\">\n\t\t\t\t\t<h2 class=\"elementor-heading-title elementor-size-default\"><a href=\"https:\/\/lovephone.store\/es\/product-tag\/hot-sales\/\">Todos los productos<\/a><\/h2>\t\t\t\t<\/div>\n\t\t\t\t<\/div>\n\t\t\t\t\t<\/div>\n\t\t\t\t<\/div>\n\t\t<div class=\"elementor-element elementor-element-3271978a wd-section-stretch e-flex e-con-boxed e-con e-parent\" data-id=\"3271978a\" data-element_type=\"container\">\n\t\t\t\t\t<div class=\"e-con-inner\">\n\t\t\t\t<div class=\"elementor-element elementor-element-f8242f2 elementor-grid-4 elementor-grid-tablet-3 elementor-grid-mobile-2 elementor-products-grid elementor-wc-products elementor-widget elementor-widget-woocommerce-products\" data-id=\"f8242f2\" data-element_type=\"widget\" data-widget_type=\"woocommerce-products.default\">\n\t\t\t\t<div class=\"elementor-widget-container\">\n\t\t\t\t\t<div class=\"woocommerce columns-4\"><div class=\"wd-products-element\">\t\t\t<div class=\"wd-sticky-loader wd-content-loader\"><span class=\"wd-loader\"><\/span><\/div>\n\t\t\n<div class=\"products wd-products wd-grid-g grid-columns-4 elements-grid pagination-more-btn wd-stretch-cont-lg\" data-source=\"main_loop\" data-min_price=\"\" data-max_price=\"\" data-columns=\"4\" style=\"--wd-col-lg:4;--wd-col-md:4;--wd-col-sm:2;--wd-gap-lg:20px;--wd-gap-sm:10px;\">\n<div class=\"wd-product wd-with-labels wd-hover-icons wd-col product-grid-item product type-product post-113780 status-publish instock product_cat-all-product has-post-thumbnail sale taxable shipping-taxable purchasable product-type-simple\" data-loop=\"1\" data-id=\"113780\">\n\t\n\t<div class=\"product-wrapper\">\n\t<div class=\"product-element-top wd-quick-shop\">\n\t\t<a href=\"https:\/\/lovephone.store\/es\/product\/nfc-projection-screen-case-color-ink-screen-is-suitable-for-iphone13-16-series-personality-ai-projection-screen-case\/\" class=\"product-image-link\">\n\t\t\t<div class=\"product-labels labels-rounded-sm\"><span class=\"onsale product-label\">Venta<\/span><\/div><img decoding=\"async\" width=\"600\" height=\"600\" src=\"https:\/\/lovephone.store\/wp-content\/uploads\/2025\/04\/\u753b\u677f-15-600x600.jpg\" class=\"attachment-woocommerce_thumbnail size-woocommerce_thumbnail\" alt=\"\" srcset=\"https:\/\/lovephone.store\/wp-content\/uploads\/2025\/04\/\u753b\u677f-15-600x600.jpg 600w, https:\/\/lovephone.store\/wp-content\/uploads\/2025\/04\/\u753b\u677f-15-300x300.jpg 300w, https:\/\/lovephone.store\/wp-content\/uploads\/2025\/04\/\u753b\u677f-15-150x150.jpg 150w, https:\/\/lovephone.store\/wp-content\/uploads\/2025\/04\/\u753b\u677f-15-768x768.jpg 768w, https:\/\/lovephone.store\/wp-content\/uploads\/2025\/04\/\u753b\u677f-15-12x12.jpg 12w, https:\/\/lovephone.store\/wp-content\/uploads\/2025\/04\/\u753b\u677f-15.jpg 800w\" sizes=\"(max-width: 600px) 100vw, 600px\" \/>\t\t<\/a>\n\n\t\t\n\t\t<div class=\"wrapp-buttons\">\n\t\t\t<div class=\"wd-buttons\">\n\t\t\t\t<div class=\"wd-add-btn wd-action-btn wd-style-icon wd-add-cart-icon\"><a href=\"https:\/\/lovephone.store\/es\/product\/nfc-projection-screen-case-color-ink-screen-is-suitable-for-iphone13-16-series-personality-ai-projection-screen-case\/\" aria-describedby=\"woocommerce_loop_add_to_cart_link_describedby_113780\" data-quantity=\"1\" class=\"button product_type_simple add_to_cart_button ajax_add_to_cart add-to-cart-loop\" data-product_id=\"113780\" data-product_sku=\"\" aria-label=\"A\u00f1adir al carrito: \u201cNFC projection screen case Color ink screen is suitable for iPhone13-16 series personality AI projection screen case\u201d\" rel=\"nofollow\" data-success_message=\"\u00abNFC projection screen case Color ink screen is suitable for iPhone13-16 series personality AI projection screen case\u00bb se ha a\u00f1adido a tu carrito\" data-no-translation-aria-label=\"\" data-no-translation-data-success_message=\"\"><span>Seleccionar opciones<\/span><\/a>\t<span id=\"woocommerce_loop_add_to_cart_link_describedby_113780\" class=\"screen-reader-text\">\n\t\t\t<\/span>\n<\/div>\n\t\t\t\t\t\t\t\t\t\t\t\t\t\t<div class=\"quick-view wd-action-btn wd-style-icon wd-quick-view-icon\">\n\t\t\t<a\n\t\t\t\thref=\"https:\/\/lovephone.store\/es\/product\/nfc-projection-screen-case-color-ink-screen-is-suitable-for-iphone13-16-series-personality-ai-projection-screen-case\/\"\n\t\t\t\tclass=\"open-quick-view quick-view-button\"\n\t\t\t\trel=\"nofollow\"\n\t\t\t\tdata-id=\"113780\"\n\t\t\t\t>Vista r\u00e1pida<\/a>\n\t\t<\/div>\n\t\t\t\t\t\t\t\t\t\t\t\t\t<\/div> \n\t\t<\/div>\n\t<\/div>\n\t\t<div class=\"product-element-bottom\">\n\t\t\t\t\t<h3 class=\"wd-entities-title\"><a href=\"https:\/\/lovephone.store\/es\/product\/nfc-projection-screen-case-color-ink-screen-is-suitable-for-iphone13-16-series-personality-ai-projection-screen-case\/\">NFC caso de la pantalla de proyecci\u00f3n de tinta de color es adecuado para iPhone13-16 serie personalidad AI caso de la pantalla de proyecci\u00f3n<\/a><\/h3>\t\t\t\t\t\t\n\t<span class=\"price\"><del aria-hidden=\"true\"><span class=\"woocommerce-Price-amount amount\"><bdi><span class=\"woocommerce-Price-currencySymbol\">\u20ac<\/span>69.90<\/bdi><\/span><\/del> <span class=\"screen-reader-text\" data-no-translation=\"\" data-trp-gettext=\"\">El precio original era: &euro;69.90.<\/span><ins aria-hidden=\"true\"><span class=\"woocommerce-Price-amount amount\"><bdi><span class=\"woocommerce-Price-currencySymbol\">\u20ac<\/span>49.90<\/bdi><\/span><\/ins><span class=\"screen-reader-text\" data-no-translation=\"\" data-trp-gettext=\"\">El precio actual es: &euro;49.90.<\/span><\/span>\n\n\t\t\n\t\t\n\t\t\t\t<\/div>\n\t<\/div>\n<\/div>\n<div class=\"wd-product wd-with-labels wd-hover-icons wd-col product-grid-item product type-product post-113797 status-publish instock product_cat-all-product has-post-thumbnail sale taxable shipping-taxable purchasable product-type-simple\" data-loop=\"2\" data-id=\"113797\">\n\t\n\t<div class=\"product-wrapper\">\n\t<div class=\"product-element-top wd-quick-shop\">\n\t\t<a href=\"https:\/\/lovephone.store\/es\/product\/ink-screen-phone-case-nfc-projection-screen-diy-smart-four-color-ink-screen-iphone16-mobile-phone\/\" class=\"product-image-link\">\n\t\t\t<div class=\"product-labels labels-rounded-sm\"><span class=\"onsale product-label\">Venta<\/span><\/div><img loading=\"lazy\" decoding=\"async\" width=\"600\" height=\"600\" src=\"https:\/\/lovephone.store\/wp-content\/uploads\/2025\/04\/\u753b\u677f-6-\u62f7\u8d1d-600x600.png\" class=\"attachment-woocommerce_thumbnail size-woocommerce_thumbnail\" alt=\"\" srcset=\"https:\/\/lovephone.store\/wp-content\/uploads\/2025\/04\/\u753b\u677f-6-\u62f7\u8d1d-600x600.png 600w, https:\/\/lovephone.store\/wp-content\/uploads\/2025\/04\/\u753b\u677f-6-\u62f7\u8d1d-300x300.png 300w, https:\/\/lovephone.store\/wp-content\/uploads\/2025\/04\/\u753b\u677f-6-\u62f7\u8d1d-150x150.png 150w, https:\/\/lovephone.store\/wp-content\/uploads\/2025\/04\/\u753b\u677f-6-\u62f7\u8d1d-768x768.png 768w, https:\/\/lovephone.store\/wp-content\/uploads\/2025\/04\/\u753b\u677f-6-\u62f7\u8d1d-12x12.png 12w, https:\/\/lovephone.store\/wp-content\/uploads\/2025\/04\/\u753b\u677f-6-\u62f7\u8d1d.png 800w\" sizes=\"(max-width: 600px) 100vw, 600px\" \/>\t\t<\/a>\n\n\t\t\n\t\t<div class=\"wrapp-buttons\">\n\t\t\t<div class=\"wd-buttons\">\n\t\t\t\t<div class=\"wd-add-btn wd-action-btn wd-style-icon wd-add-cart-icon\"><a href=\"https:\/\/lovephone.store\/es\/product\/ink-screen-phone-case-nfc-projection-screen-diy-smart-four-color-ink-screen-iphone16-mobile-phone\/\" aria-describedby=\"woocommerce_loop_add_to_cart_link_describedby_113797\" data-quantity=\"1\" class=\"button product_type_simple add_to_cart_button ajax_add_to_cart add-to-cart-loop\" data-product_id=\"113797\" data-product_sku=\"\" aria-label=\"A\u00f1adir al carrito: \u201cInk screen phone case NFC projection screen DIY smart four-color ink screen iPhone16 mobile phone\u201d\" rel=\"nofollow\" data-success_message=\"\u00abInk screen phone case NFC projection screen DIY smart four-color ink screen iPhone16 mobile phone\u00bb se ha a\u00f1adido a tu carrito\" data-no-translation-aria-label=\"\" data-no-translation-data-success_message=\"\"><span>Seleccionar opciones<\/span><\/a>\t<span id=\"woocommerce_loop_add_to_cart_link_describedby_113797\" class=\"screen-reader-text\">\n\t\t\t<\/span>\n<\/div>\n\t\t\t\t\t\t\t\t\t\t\t\t\t\t<div class=\"quick-view wd-action-btn wd-style-icon wd-quick-view-icon\">\n\t\t\t<a\n\t\t\t\thref=\"https:\/\/lovephone.store\/es\/product\/ink-screen-phone-case-nfc-projection-screen-diy-smart-four-color-ink-screen-iphone16-mobile-phone\/\"\n\t\t\t\tclass=\"open-quick-view quick-view-button\"\n\t\t\t\trel=\"nofollow\"\n\t\t\t\tdata-id=\"113797\"\n\t\t\t\t>Vista r\u00e1pida<\/a>\n\t\t<\/div>\n\t\t\t\t\t\t\t\t\t\t\t\t\t<\/div> \n\t\t<\/div>\n\t<\/div>\n\t\t<div class=\"product-element-bottom\">\n\t\t\t\t\t<h3 class=\"wd-entities-title\"><a href=\"https:\/\/lovephone.store\/es\/product\/ink-screen-phone-case-nfc-projection-screen-diy-smart-four-color-ink-screen-iphone16-mobile-phone\/\">Pantalla de tinta caso del tel\u00e9fono NFC pantalla de proyecci\u00f3n DIY inteligente de cuatro colores pantalla de tinta iPhone16 tel\u00e9fono m\u00f3vil<\/a><\/h3>\t\t\t\t\t\t\n\t<span class=\"price\"><del aria-hidden=\"true\"><span class=\"woocommerce-Price-amount amount\"><bdi><span class=\"woocommerce-Price-currencySymbol\">\u20ac<\/span>69.90<\/bdi><\/span><\/del> <span class=\"screen-reader-text\" data-no-translation=\"\" data-trp-gettext=\"\">El precio original era: &euro;69.90.<\/span><ins aria-hidden=\"true\"><span class=\"woocommerce-Price-amount amount\"><bdi><span class=\"woocommerce-Price-currencySymbol\">\u20ac<\/span>49.90<\/bdi><\/span><\/ins><span class=\"screen-reader-text\" data-no-translation=\"\" data-trp-gettext=\"\">El precio actual es: &euro;49.90.<\/span><\/span>\n\n\t\t\n\t\t\n\t\t\t\t<\/div>\n\t<\/div>\n<\/div>\n<div class=\"wd-product wd-with-labels wd-hover-icons wd-col product-grid-item product type-product post-113815 status-publish last instock product_cat-all-product has-post-thumbnail sale taxable shipping-taxable purchasable product-type-simple\" data-loop=\"3\" data-id=\"113815\">\n\t\n\t<div class=\"product-wrapper\">\n\t<div class=\"product-element-top wd-quick-shop\">\n\t\t<a href=\"https:\/\/lovephone.store\/es\/product\/new-ink-screen-magnetic-card-bag-bracket-diy-projection-screen-magnetic-leather-card-bag-multi-functional-bracket-portable\/\" class=\"product-image-link\">\n\t\t\t<div class=\"product-labels labels-rounded-sm\"><span class=\"onsale product-label\">Venta<\/span><\/div><img loading=\"lazy\" decoding=\"async\" width=\"600\" height=\"600\" src=\"https:\/\/lovephone.store\/wp-content\/uploads\/2025\/04\/1-600x600.jpg\" class=\"attachment-woocommerce_thumbnail size-woocommerce_thumbnail\" alt=\"\" srcset=\"https:\/\/lovephone.store\/wp-content\/uploads\/2025\/04\/1-600x600.jpg 600w, https:\/\/lovephone.store\/wp-content\/uploads\/2025\/04\/1-300x300.jpg 300w, https:\/\/lovephone.store\/wp-content\/uploads\/2025\/04\/1-150x150.jpg 150w, https:\/\/lovephone.store\/wp-content\/uploads\/2025\/04\/1-768x768.jpg 768w, https:\/\/lovephone.store\/wp-content\/uploads\/2025\/04\/1-12x12.jpg 12w, https:\/\/lovephone.store\/wp-content\/uploads\/2025\/04\/1.jpg 800w\" sizes=\"(max-width: 600px) 100vw, 600px\" \/>\t\t<\/a>\n\n\t\t\n\t\t<div class=\"wrapp-buttons\">\n\t\t\t<div class=\"wd-buttons\">\n\t\t\t\t<div class=\"wd-add-btn wd-action-btn wd-style-icon wd-add-cart-icon\"><a href=\"https:\/\/lovephone.store\/es\/product\/new-ink-screen-magnetic-card-bag-bracket-diy-projection-screen-magnetic-leather-card-bag-multi-functional-bracket-portable\/\" aria-describedby=\"woocommerce_loop_add_to_cart_link_describedby_113815\" data-quantity=\"1\" class=\"button product_type_simple add_to_cart_button ajax_add_to_cart add-to-cart-loop\" data-product_id=\"113815\" data-product_sku=\"\" aria-label=\"A\u00f1adir al carrito: \u201cNew ink screen magnetic card bag bracket diy projection screen magnetic leather card bag multi-functional bracket portable\u201d\" rel=\"nofollow\" data-success_message=\"\u00abNew ink screen magnetic card bag bracket diy projection screen magnetic leather card bag multi-functional bracket portable\u00bb se ha a\u00f1adido a tu carrito\" data-no-translation-aria-label=\"\" data-no-translation-data-success_message=\"\"><span>Seleccionar opciones<\/span><\/a>\t<span id=\"woocommerce_loop_add_to_cart_link_describedby_113815\" class=\"screen-reader-text\">\n\t\t\t<\/span>\n<\/div>\n\t\t\t\t\t\t\t\t\t\t\t\t\t\t<div class=\"quick-view wd-action-btn wd-style-icon wd-quick-view-icon\">\n\t\t\t<a\n\t\t\t\thref=\"https:\/\/lovephone.store\/es\/product\/new-ink-screen-magnetic-card-bag-bracket-diy-projection-screen-magnetic-leather-card-bag-multi-functional-bracket-portable\/\"\n\t\t\t\tclass=\"open-quick-view quick-view-button\"\n\t\t\t\trel=\"nofollow\"\n\t\t\t\tdata-id=\"113815\"\n\t\t\t\t>Vista r\u00e1pida<\/a>\n\t\t<\/div>\n\t\t\t\t\t\t\t\t\t\t\t\t\t<\/div> \n\t\t<\/div>\n\t<\/div>\n\t\t<div class=\"product-element-bottom\">\n\t\t\t\t\t<h3 class=\"wd-entities-title\"><a href=\"https:\/\/lovephone.store\/es\/product\/new-ink-screen-magnetic-card-bag-bracket-diy-projection-screen-magnetic-leather-card-bag-multi-functional-bracket-portable\/\">Nueva pantalla de tinta magn\u00e9tica tarjeta bolsa soporte diy proyecci\u00f3n pantalla magn\u00e9tica tarjeta de cuero bolsa soporte multifuncional port\u00e1til<\/a><\/h3>\t\t\t\t\t\t\n\t<span class=\"price\"><del aria-hidden=\"true\"><span class=\"woocommerce-Price-amount amount\"><bdi><span class=\"woocommerce-Price-currencySymbol\">\u20ac<\/span>78.90<\/bdi><\/span><\/del> <span class=\"screen-reader-text\" data-no-translation=\"\" data-trp-gettext=\"\">El precio original era: &euro;78.90.<\/span><ins aria-hidden=\"true\"><span class=\"woocommerce-Price-amount amount\"><bdi><span class=\"woocommerce-Price-currencySymbol\">\u20ac<\/span>48.90<\/bdi><\/span><\/ins><span class=\"screen-reader-text\" data-no-translation=\"\" data-trp-gettext=\"\">El precio actual es: &euro;48.90.<\/span><\/span>\n\n\t\t\n\t\t\n\t\t\t\t<\/div>\n\t<\/div>\n<\/div>\n<\/div>\n<\/div><\/div>\t\t\t\t<\/div>\n\t\t\t\t<\/div>\n\t\t\t\t\t<\/div>\n\t\t\t\t<\/div>\n\t\t\t\t<\/div>","protected":false},"excerpt":{"rendered":"<p>Todos los productos<\/p>","protected":false},"author":3,"featured_media":0,"parent":0,"menu_order":0,"comment_status":"closed","ping_status":"closed","template":"elementor_header_footer","meta":{"_acf_changed":false,"footnotes":""},"class_list":["post-84458","page","type-page","status-publish","hentry"],"acf":[],"_links":{"self":[{"href":"https:\/\/lovephone.store\/es\/wp-json\/wp\/v2\/pages\/84458","targetHints":{"allow":["GET"]}}],"collection":[{"href":"https:\/\/lovephone.store\/es\/wp-json\/wp\/v2\/pages"}],"about":[{"href":"https:\/\/lovephone.store\/es\/wp-json\/wp\/v2\/types\/page"}],"author":[{"embeddable":true,"href":"https:\/\/lovephone.store\/es\/wp-json\/wp\/v2\/users\/3"}],"replies":[{"embeddable":true,"href":"https:\/\/lovephone.store\/es\/wp-json\/wp\/v2\/comments?post=84458"}],"version-history":[{"count":64,"href":"https:\/\/lovephone.store\/es\/wp-json\/wp\/v2\/pages\/84458\/revisions"}],"predecessor-version":[{"id":113841,"href":"https:\/\/lovephone.store\/es\/wp-json\/wp\/v2\/pages\/84458\/revisions\/113841"}],"wp:attachment":[{"href":"https:\/\/lovephone.store\/es\/wp-json\/wp\/v2\/media?parent=84458"}],"curies":[{"name":"wp","href":"https:\/\/api.w.org\/{rel}","templated":true}]}}