{"id":24870,"date":"2024-11-18T17:36:11","date_gmt":"2024-11-18T17:36:11","guid":{"rendered":"https:\/\/lovephone.store\/?page_id=24870"},"modified":"2024-12-16T14:04:30","modified_gmt":"2024-12-16T14:04:30","slug":"billing-terms-conditions","status":"publish","type":"page","link":"https:\/\/lovephone.store\/es\/billing-terms-conditions\/","title":{"rendered":"Billing Terms &#038; Conditions"},"content":{"rendered":"<p>worldsoccerweb acepta actualmente las siguientes tarjetas de cr\u00e9dito:<\/p>\n<ul class=\"wp-block-list\">\n<li>Visa<\/li>\n<li>Mastercard<\/li>\n<li>Amex<\/li>\n<li>JCb<\/li>\n<\/ul>\n<p>Nos aseguramos de que todas las transacciones con tarjeta de cr\u00e9dito se realicen en un entorno seguro. El sistema de pago tiene un cifrado de seguridad SSL de 128 bits. Puede comprobar que la transacci\u00f3n es segura si ve un candado en la parte inferior derecha de su navegador. No conservamos los datos de su tarjeta de cr\u00e9dito una vez finalizado el pedido. Por el contrario, se env\u00eda directamente a nuestros bancos. Puede estar seguro de que con cada compra los datos de su tarjeta de cr\u00e9dito o cuenta bancaria estar\u00e1n seguros.<\/p>\n<p>\u00bfTiene alguna pregunta? Por favor,\u00a0<strong><a href=\"https:\/\/lovephone.store\/es\/contact-us\/\" data-type=\"link\" data-id=\"https:\/\/spendexo.com\/contact-us\/\">P\u00f3ngase en contacto con nosotros.<\/a><\/strong><\/p>","protected":false},"excerpt":{"rendered":"<p>worldsoccerweb currently, accepts the following credit cards: Visa Mastercard Amex JCb We ensure that every credit card transaction occurs within<\/p>","protected":false},"author":3,"featured_media":0,"parent":0,"menu_order":0,"comment_status":"closed","ping_status":"closed","template":"","meta":{"_acf_changed":false,"footnotes":""},"class_list":["post-24870","page","type-page","status-publish","hentry"],"acf":[],"_links":{"self":[{"href":"https:\/\/lovephone.store\/es\/wp-json\/wp\/v2\/pages\/24870","targetHints":{"allow":["GET"]}}],"collection":[{"href":"https:\/\/lovephone.store\/es\/wp-json\/wp\/v2\/pages"}],"about":[{"href":"https:\/\/lovephone.store\/es\/wp-json\/wp\/v2\/types\/page"}],"author":[{"embeddable":true,"href":"https:\/\/lovephone.store\/es\/wp-json\/wp\/v2\/users\/3"}],"replies":[{"embeddable":true,"href":"https:\/\/lovephone.store\/es\/wp-json\/wp\/v2\/comments?post=24870"}],"version-history":[{"count":0,"href":"https:\/\/lovephone.store\/es\/wp-json\/wp\/v2\/pages\/24870\/revisions"}],"wp:attachment":[{"href":"https:\/\/lovephone.store\/es\/wp-json\/wp\/v2\/media?parent=24870"}],"curies":[{"name":"wp","href":"https:\/\/api.w.org\/{rel}","templated":true}]}}