{"id":24858,"date":"2024-11-18T17:28:22","date_gmt":"2024-11-18T17:28:22","guid":{"rendered":"https:\/\/lovephone.store\/?page_id=24858"},"modified":"2025-04-12T03:23:36","modified_gmt":"2025-04-12T03:23:36","slug":"shipping-delivery","status":"publish","type":"page","link":"https:\/\/lovephone.store\/es\/shipping-delivery\/","title":{"rendered":"Shipping &#038; Delivery"},"content":{"rendered":"<div data-elementor-type=\"wp-page\" data-elementor-id=\"24858\" class=\"elementor elementor-24858\" data-elementor-post-type=\"page\">\n\t\t\t\t<div class=\"wd-negative-gap elementor-element elementor-element-73f637a8 e-flex e-con-boxed e-con e-parent\" data-id=\"73f637a8\" data-element_type=\"container\">\n\t\t\t\t\t<div class=\"e-con-inner\">\n\t\t\t\t<div class=\"elementor-element elementor-element-6cb23c50 color-scheme-inherit text-left elementor-widget elementor-widget-text-editor\" data-id=\"6cb23c50\" data-element_type=\"widget\" data-widget_type=\"text-editor.default\">\n\t\t\t\t<div class=\"elementor-widget-container\">\n\t\t\t\t\t\t\t\t\t<p>Gracias por su visita&nbsp;<strong>Tienda LovePhone<\/strong>. En esta p\u00e1gina se detallan las condiciones de nuestra pol\u00edtica de env\u00edos. Hemos puesto mucho empe\u00f1o en que los art\u00edculos lleguen a nuestros clientes lo antes posible.<\/p>\n<figure class=\"wp-block-table\">\n<table class=\"has-fixed-layout\">\n<tbody>\n<tr>\n<td>Pa\u00eds<\/td>\n<td>Tiempo de trabajo<\/td>\n<td>Hora l\u00edmite de pedido<\/td>\n<td>Tiempo de tramitaci\u00f3n del pedido<\/td>\n<td>Plazo de entrega<\/td>\n<td>Gastos de env\u00edo<\/td>\n<\/tr>\n<tr>\n<td>En todo el mundo<\/td>\n<td>De lunes a viernes<\/td>\n<td>9:00 AM GMT-8 hora est\u00e1ndar del Pac\u00edfico (Los \u00c1ngeles)<\/td>\n<td>1-3 d\u00edas laborables<\/td>\n<td>8-15 d\u00edas laborables<\/td>\n<td>10.00 USD&nbsp;<\/td>\n<\/tr>\n<tr>\n<td>En todo el mundo<\/td>\n<td>De lunes a viernes<\/td>\n<td>9:00 AM GMT-8 hora est\u00e1ndar del Pac\u00edfico (Los \u00c1ngeles)<\/td>\n<td>1-3 d\u00edas laborables<\/td>\n<td>5-10 d\u00edas laborables<\/td>\n<td>22,00 USD&nbsp;<\/td>\n<\/tr>\n<\/tbody>\n<\/table>\n<\/figure>\n<p><strong>Informaci\u00f3n de seguimiento:<\/strong><\/p>\n<p>Le notificaremos el n\u00famero de seguimiento a trav\u00e9s de correo electr\u00f3nico o cuenta una vez que su producto haya sido enviado. Puede utilizar este n\u00famero de seguimiento para seguir el progreso de su paquete. Tras recibir el n\u00famero de seguimiento, la informaci\u00f3n de seguimiento puede tardar alg\u00fan tiempo en actualizarse.<\/p>\n<h4 class=\"wp-block-heading\"><strong>30 d\u00edas de devoluci\u00f3n<\/strong><\/h4>\n<p>Respaldamos la calidad de nuestros productos y queremos que quede completamente satisfecho con su compra. Si sus productos presentan alg\u00fan problema o no cumplen sus expectativas, puede devolverlos en un plazo de 30 d\u00edas para obtener un reembolso completo o un cambio. Su satisfacci\u00f3n es nuestra prioridad, y nos comprometemos a hacer que el proceso de devoluci\u00f3n sea lo m\u00e1s sencillo y c\u00f3modo posible para usted.<\/p>\n<h4 class=\"wp-block-heading\"><strong>Pago seguro<\/strong><\/h4>\n<p>Compre con confianza sabiendo que su informaci\u00f3n de pago est\u00e1 segura con nosotros. Utilizamos medidas de seguridad est\u00e1ndar del sector para proteger sus datos confidenciales y garantizar un proceso de pago seguro y sin problemas. Su privacidad y seguridad son de suma importancia para nosotros, y tomamos todas las precauciones para salvaguardar su informaci\u00f3n.<\/p>\n<h4 class=\"wp-block-heading\"><strong>Asistencia 24\/7<\/strong><\/h4>\n<p>Nuestro equipo de asistencia est\u00e1 disponible las 24 horas del d\u00eda para ayudarle con cualquier pregunta o duda que pueda tener. Tanto si necesita ayuda para hacer un pedido como para realizar el seguimiento de un env\u00edo o resolver un problema, nuestro amable y experto personal de asistencia est\u00e1 aqu\u00ed para ayudarle. Nos comprometemos a ofrecerle un servicio de atenci\u00f3n al cliente excepcional en cada paso de su proceso de compra.<\/p>\n<p>Gracias por elegir LovePhone-shop. Apreciamos su confianza y lealtad, y esperamos seguir sirvi\u00e9ndole con excelencia. Si tiene alguna pregunta o necesita m\u00e1s ayuda, no dude en ponerse en contacto con nosotros. Su satisfacci\u00f3n es nuestra prioridad y estamos aqu\u00ed para asegurarnos de que su experiencia con nosotros sea excepcional.<\/p>\n<p>Si tiene m\u00e1s preguntas o necesita ayuda con nuestra pol\u00edtica de env\u00edos, por favor&nbsp;<a href=\"https:\/\/lovephone.store\/es\/contact-us\/\">p\u00f3ngase en contacto con<\/a>&nbsp;nuestro servicio de atenci\u00f3n al cliente. Estamos aqu\u00ed para ofrecerle una asistencia excelente y garantizarle un env\u00edo sin complicaciones.<\/p>\n<p>Gracias por elegir <strong>Tienda LovePhone<\/strong><strong>!<\/strong>&nbsp;\u00a1Felices compras!<\/p>\t\t\t\t\t\t\t\t<\/div>\n\t\t\t\t<\/div>\n\t\t\t\t\t<\/div>\n\t\t\t\t<\/div>\n\t\t\t\t<\/div>","protected":false},"excerpt":{"rendered":"<p>Thank you for visiting&nbsp;LovePhone-Shop. This page details the terms of conditions of our shipping policy. We have put a lot<\/p>","protected":false},"author":3,"featured_media":0,"parent":0,"menu_order":0,"comment_status":"closed","ping_status":"closed","template":"","meta":{"_acf_changed":false,"footnotes":""},"class_list":["post-24858","page","type-page","status-publish","hentry"],"acf":[],"_links":{"self":[{"href":"https:\/\/lovephone.store\/es\/wp-json\/wp\/v2\/pages\/24858","targetHints":{"allow":["GET"]}}],"collection":[{"href":"https:\/\/lovephone.store\/es\/wp-json\/wp\/v2\/pages"}],"about":[{"href":"https:\/\/lovephone.store\/es\/wp-json\/wp\/v2\/types\/page"}],"author":[{"embeddable":true,"href":"https:\/\/lovephone.store\/es\/wp-json\/wp\/v2\/users\/3"}],"replies":[{"embeddable":true,"href":"https:\/\/lovephone.store\/es\/wp-json\/wp\/v2\/comments?post=24858"}],"version-history":[{"count":4,"href":"https:\/\/lovephone.store\/es\/wp-json\/wp\/v2\/pages\/24858\/revisions"}],"predecessor-version":[{"id":113859,"href":"https:\/\/lovephone.store\/es\/wp-json\/wp\/v2\/pages\/24858\/revisions\/113859"}],"wp:attachment":[{"href":"https:\/\/lovephone.store\/es\/wp-json\/wp\/v2\/media?parent=24858"}],"curies":[{"name":"wp","href":"https:\/\/api.w.org\/{rel}","templated":true}]}}