{"id":24846,"date":"2024-11-18T17:19:37","date_gmt":"2024-11-18T17:19:37","guid":{"rendered":"https:\/\/lovephone.store\/?page_id=24846"},"modified":"2024-11-18T17:26:29","modified_gmt":"2024-11-18T17:26:29","slug":"drop-shipping","status":"publish","type":"page","link":"https:\/\/lovephone.store\/es\/drop-shipping\/","title":{"rendered":"Env\u00edos directos"},"content":{"rendered":"<div data-elementor-type=\"wp-page\" data-elementor-id=\"24846\" class=\"elementor elementor-24846\" data-elementor-post-type=\"page\">\n\t\t\t\t<div class=\"wd-negative-gap elementor-element elementor-element-73f637a8 e-flex e-con-boxed e-con e-parent\" data-id=\"73f637a8\" data-element_type=\"container\">\n\t\t\t\t\t<div class=\"e-con-inner\">\n\t\t\t\t<div class=\"elementor-element elementor-element-0f87453 elementor-widget elementor-widget-heading\" data-id=\"0f87453\" data-element_type=\"widget\" data-widget_type=\"heading.default\">\n\t\t\t\t<div class=\"elementor-widget-container\">\n\t\t\t\t\t<h2 class=\"elementor-heading-title elementor-size-default\">Env\u00edos directos<\/h2>\t\t\t\t<\/div>\n\t\t\t\t<\/div>\n\t\t\t\t<div class=\"elementor-element elementor-element-6cb23c50 color-scheme-inherit text-left elementor-widget elementor-widget-text-editor\" data-id=\"6cb23c50\" data-element_type=\"widget\" data-widget_type=\"text-editor.default\">\n\t\t\t\t<div class=\"elementor-widget-container\">\n\t\t\t\t\t\t\t\t\t<div><h2><b>\u00bfQu\u00e9 es el dropshipping?<\/b><\/h2><\/div><div><div data-zone-id=\"0\" data-line-index=\"0\" data-line=\"true\">El dropshipping es un m\u00e9todo de realizaci\u00f3n de pedidos en el que una empresa no mantiene en stock los productos que vende. Al vender un producto, el minorista adquiere el art\u00edculo a trav\u00e9s de un vendedor externo, que luego lo env\u00eda directamente al cliente.<\/div><\/div><div><p>En efecto, el dropshipping elimina el proceso de recibir primero las entregas de los proveedores en su empresa y, en su lugar, simplemente se encarga de que \u00e9stos entreguen el art\u00edculo directamente al cliente.<\/p><\/div><div><p>Este m\u00e9todo elimina las tareas innecesarias de recibir pedidos, almacenar y clasificar los productos, y luego enviarlos. Ahorra dinero en franqueo, espacio de almacenamiento, existencias y la mano de obra necesaria para procesar los pedidos.<\/p><\/div><div><p>Ofrecemos servicio de env\u00edo directo. Por favor reg\u00edstrese y haga pedidos directamente, luego deje la direcci\u00f3n de su cliente.<\/p><\/div><div><p><strong>Tenga la seguridad de que nos comprometemos a no revelar ninguna informaci\u00f3n sobre nuestra empresa a sus clientes.<\/strong><\/p><\/div><p><img fetchpriority=\"high\" decoding=\"async\" title=\"1712823701565381.jpg\" src=\"https:\/\/www.gogoalshopcloud.com\/upload\/20240411\/1712823945834253.jpg\" alt=\"\u4ee3\u53d1\u8d27\u6a21\u5f0f.jpg\" width=\"722\" height=\"494\" \/><\/p><h2><b>\u00bfPor qu\u00e9 unirse a nuestro Programa de Dropshipping?<\/b><\/h2><div><div data-zone-id=\"0\" data-line-index=\"0\" data-line=\"true\">1. Recibir\u00e1 un servicio de atenci\u00f3n al cliente prioritario. Siempre que se ponga en contacto con nuestro departamento de atenci\u00f3n al cliente, su representante de ventas especializado le atender\u00e1 con rapidez.<\/div><\/div><div><p>2. Podemos proporcionar el servicio de env\u00edo en 24 horas, es m\u00e1s f\u00e1cil y m\u00e1s r\u00e1pido para sus clientes para obtener los paquetes .<\/p><\/div><div><p>3. Cuando el total de su pedido mensual supere los $500, podr\u00e1 obtener un descuento de 15% y gastos de env\u00edo gratuitos en cada pedido.<\/p><\/div><div><h2><b>\u00bfC\u00f3mo me uno al Programa de Dropshipping?<\/b><\/h2><\/div><div><div data-zone-id=\"0\" data-line-index=\"0\" data-line=\"true\">1. Registre una cuenta en el sitio web de gogoalshop.<\/div><\/div><div><p>2. P\u00f3ngase en contacto con nosotros e ind\u00edquenos c\u00f3mo va a trabajar con nosotros y facil\u00edtenos una estimaci\u00f3n de sus ventas mensuales. Por ejemplo, incluya el n\u00famero total de pedidos y el importe de la transacci\u00f3n. A continuaci\u00f3n, le proporcionaremos los precios y descuentos de dropshipping en funci\u00f3n de su estimaci\u00f3n.<\/p><\/div><div><p>3. Cuando reciba el pedido y el pago de su comprador, deber\u00e1 ir a nuestro sitio web, iniciar sesi\u00f3n, realizar el pedido, introducir la direcci\u00f3n de env\u00edo de su comprador, pagar el pedido y, a continuaci\u00f3n, enviaremos el paquete a su comprador.<\/p><\/div><div><p>4. Cuando recibamos su pedido, se lo enviaremos en un plazo de 2-3 d\u00edas. Actualizaremos la informaci\u00f3n de env\u00edo de su pedido despu\u00e9s de enviar el paquete, y puede iniciar sesi\u00f3n para comprobar la informaci\u00f3n de env\u00edo de este pedido.<\/p><\/div><div><p>5. Si el pedido tiene alg\u00fan problema de calidad o de env\u00edo, p\u00f3ngase en contacto con nosotros y le ofreceremos un reenv\u00edo gratuito.<\/p><\/div><p><img decoding=\"async\" title=\"1712823859416197.jpg\" src=\"https:\/\/www.gogoalshopcloud.com\/upload\/20240411\/1712823945253868.jpg\" alt=\"\u4ee3\u53d1\u8d27\u6d41\u7a0b.jpg\" width=\"719\" height=\"508\" \/><\/p><div><div data-zone-id=\"0\" data-line-index=\"0\" data-line=\"true\">Tanto si est\u00e1s interesado en encontrar un negocio secundario, como si quieres empezar una nueva empresa a tiempo completo o cambiar el modelo de negocio de tu tienda online actual, el dropshipping puede ser la respuesta que est\u00e1s buscando. No dudes en unirte a nuestro programa de dropshipping.<\/div><\/div>\t\t\t\t\t\t\t\t<\/div>\n\t\t\t\t<\/div>\n\t\t\t\t\t<\/div>\n\t\t\t\t<\/div>\n\t\t\t\t<\/div>","protected":false},"excerpt":{"rendered":"<p>Drop Shipping What is dropshipping? Dropshipping is an order fulfillment method where a business doesn&#8217;t keep the products it sells<\/p>","protected":false},"author":3,"featured_media":0,"parent":0,"menu_order":0,"comment_status":"closed","ping_status":"closed","template":"","meta":{"_acf_changed":false,"footnotes":""},"class_list":["post-24846","page","type-page","status-publish","hentry"],"acf":[],"_links":{"self":[{"href":"https:\/\/lovephone.store\/es\/wp-json\/wp\/v2\/pages\/24846","targetHints":{"allow":["GET"]}}],"collection":[{"href":"https:\/\/lovephone.store\/es\/wp-json\/wp\/v2\/pages"}],"about":[{"href":"https:\/\/lovephone.store\/es\/wp-json\/wp\/v2\/types\/page"}],"author":[{"embeddable":true,"href":"https:\/\/lovephone.store\/es\/wp-json\/wp\/v2\/users\/3"}],"replies":[{"embeddable":true,"href":"https:\/\/lovephone.store\/es\/wp-json\/wp\/v2\/comments?post=24846"}],"version-history":[{"count":0,"href":"https:\/\/lovephone.store\/es\/wp-json\/wp\/v2\/pages\/24846\/revisions"}],"wp:attachment":[{"href":"https:\/\/lovephone.store\/es\/wp-json\/wp\/v2\/media?parent=24846"}],"curies":[{"name":"wp","href":"https:\/\/api.w.org\/{rel}","templated":true}]}}