{"id":24799,"date":"2024-11-18T14:10:04","date_gmt":"2024-11-18T14:10:04","guid":{"rendered":"https:\/\/lovephone.store\/?page_id=24799"},"modified":"2024-12-31T15:16:40","modified_gmt":"2024-12-31T15:16:40","slug":"shipping-guide","status":"publish","type":"page","link":"https:\/\/lovephone.store\/es\/shipping-guide\/","title":{"rendered":"Gu\u00eda de env\u00edo"},"content":{"rendered":"<div data-elementor-type=\"wp-page\" data-elementor-id=\"24799\" class=\"elementor elementor-24799\" data-elementor-post-type=\"page\">\n\t\t\t\t<div class=\"wd-negative-gap elementor-element elementor-element-38d1e6f e-flex e-con-boxed e-con e-parent\" data-id=\"38d1e6f\" data-element_type=\"container\">\n\t\t\t\t\t<div class=\"e-con-inner\">\n\t\t\t\t<div class=\"elementor-element elementor-element-fce173d color-scheme-inherit text-left elementor-widget elementor-widget-text-editor\" data-id=\"fce173d\" data-element_type=\"widget\" data-widget_type=\"text-editor.default\">\n\t\t\t\t<div class=\"elementor-widget-container\">\n\t\t\t\t\t\t\t\t\t<p>Buenas noticias: Env\u00edo gratuito en pedidos superiores a $120.<\/p>\t\t\t\t\t\t\t\t<\/div>\n\t\t\t\t<\/div>\n\t\t\t\t<div class=\"elementor-element elementor-element-7a70aae elementor-widget elementor-widget-heading\" data-id=\"7a70aae\" data-element_type=\"widget\" data-widget_type=\"heading.default\">\n\t\t\t\t<div class=\"elementor-widget-container\">\n\t\t\t\t\t<h2 class=\"elementor-heading-title elementor-size-default\">Informaci\u00f3n de env\u00edo<\/h2>\t\t\t\t<\/div>\n\t\t\t\t<\/div>\n\t\t\t\t\t<\/div>\n\t\t\t\t<\/div>\n\t\t<div class=\"wd-negative-gap elementor-element elementor-element-eea7c69 e-flex e-con-boxed e-con e-parent\" data-id=\"eea7c69\" data-element_type=\"container\">\n\t\t\t\t\t<div class=\"e-con-inner\">\n\t\t\t\t<div class=\"elementor-element elementor-element-68d7833 elementor-widget elementor-widget-heading\" data-id=\"68d7833\" data-element_type=\"widget\" data-widget_type=\"heading.default\">\n\t\t\t\t<div class=\"elementor-widget-container\">\n\t\t\t\t\t<h2 class=\"elementor-heading-title elementor-size-default\">Servimos a m\u00e1s de 100 pa\u00edses:<\/h2>\t\t\t\t<\/div>\n\t\t\t\t<\/div>\n\t\t\t\t<div class=\"elementor-element elementor-element-6ad70c7 color-scheme-inherit text-left elementor-widget elementor-widget-text-editor\" data-id=\"6ad70c7\" data-element_type=\"widget\" data-widget_type=\"text-editor.default\">\n\t\t\t\t<div class=\"elementor-widget-container\">\n\t\t\t\t\t\t\t\t\t<div class=\"shipping_list__gggCx flex-x-start flex-wrap\"><div class=\"shipping_item__MMZrL\">Estados Unidos<\/div><div class=\"shipping_item__MMZrL\">Canad\u00e1<\/div><div class=\"shipping_item__MMZrL\">Austria<\/div><div class=\"shipping_item__MMZrL\">Reino Unido<\/div><div class=\"shipping_item__MMZrL\">Portugal<\/div><div class=\"shipping_item__MMZrL\">Albania<\/div><div class=\"shipping_item__MMZrL\">Anguila<\/div><div class=\"shipping_item__MMZrL\">Argentina<\/div><div class=\"shipping_item__MMZrL\">Armenia<\/div><div class=\"shipping_item__MMZrL\">Australia<\/div><div class=\"shipping_item__MMZrL\">Bahr\u00e9in<\/div><div class=\"shipping_item__MMZrL\">Bangladesh<\/div><div class=\"shipping_item__MMZrL\">Barbados<\/div><div class=\"shipping_item__MMZrL\">B\u00e9lgica<\/div><div class=\"shipping_item__MMZrL\">But\u00e1n<\/div><div class=\"shipping_item__MMZrL\">Bosnia y Herzegovina<\/div><div class=\"shipping_item__MMZrL\">Botsuana<\/div><div class=\"shipping_item__MMZrL\">Brasil<\/div><div class=\"shipping_item__MMZrL\">Bulgaria<\/div><div class=\"shipping_item__MMZrL\">Camboya<\/div><div class=\"shipping_item__MMZrL\">Islas Caim\u00e1n<\/div><div class=\"shipping_item__MMZrL\">Chile<\/div><div class=\"shipping_item__MMZrL\">Colombia<\/div><div class=\"shipping_item__MMZrL\">Costa Rica<\/div><div class=\"shipping_item__MMZrL\">Croacia<\/div><div class=\"shipping_item__MMZrL\">Chipre<\/div><div class=\"shipping_item__MMZrL\">Rep\u00fablica Checa<\/div><div class=\"shipping_item__MMZrL\">Dinamarca<\/div><div class=\"shipping_item__MMZrL\">Rep\u00fablica Dominicana<\/div><div class=\"shipping_item__MMZrL\">Ecuador<\/div><div class=\"shipping_item__MMZrL\">Egipto<\/div><div class=\"shipping_item__MMZrL\">El Salvador<\/div><div class=\"shipping_item__MMZrL\">Estonia<\/div><div class=\"shipping_item__MMZrL\">Fiyi<\/div><div class=\"shipping_item__MMZrL\">Finlandia<\/div><div class=\"shipping_item__MMZrL\">Francia<\/div><div class=\"shipping_item__MMZrL\">Guayana Francesa<\/div><div class=\"shipping_item__MMZrL\">Polinesia Francesa<\/div><div class=\"shipping_item__MMZrL\">Georgia<\/div><div class=\"shipping_item__MMZrL\">Alemania<\/div><div class=\"shipping_item__MMZrL\">Ghana<\/div><div class=\"shipping_item__MMZrL\">Gibraltar<\/div><div class=\"shipping_item__MMZrL\">Grecia<\/div><div class=\"shipping_item__MMZrL\">Groenlandia<\/div><div class=\"shipping_item__MMZrL\">Guam<\/div><div class=\"shipping_item__MMZrL\">Guatemala<\/div><div class=\"shipping_item__MMZrL\">Honduras<\/div><div class=\"shipping_item__MMZrL\">Hungr\u00eda<\/div><div class=\"shipping_item__MMZrL\">Islandia<\/div><div class=\"shipping_item__MMZrL\">India<\/div><div class=\"shipping_item__MMZrL\">Indonesia<\/div><div class=\"shipping_item__MMZrL\">Irlanda<\/div><div class=\"shipping_item__MMZrL\">Israel<\/div><div class=\"shipping_item__MMZrL\">Italia<\/div><div class=\"shipping_item__MMZrL\">Jap\u00f3n<\/div><div class=\"shipping_item__MMZrL\">Jordan<\/div><div class=\"shipping_item__MMZrL\">Kazajst\u00e1n<\/div><div class=\"shipping_item__MMZrL\">Kenia<\/div><div class=\"shipping_item__MMZrL\">Kiribati<\/div><div class=\"shipping_item__MMZrL\">Kuwait<\/div><div class=\"shipping_item__MMZrL\">Letonia<\/div><div class=\"shipping_item__MMZrL\">Lituania<\/div><div class=\"shipping_item__MMZrL\">Luxemburgo<\/div><div class=\"shipping_item__MMZrL\">Macao<\/div><div class=\"shipping_item__MMZrL\">Malasia<\/div><div class=\"shipping_item__MMZrL\">Maldivas<\/div><div class=\"shipping_item__MMZrL\">Malta<\/div><div class=\"shipping_item__MMZrL\">Mauricio<\/div><div class=\"shipping_item__MMZrL\">M\u00e9xico<\/div><div class=\"shipping_item__MMZrL\">Micronesia<\/div><div class=\"shipping_item__MMZrL\">Moldavia<\/div><div class=\"shipping_item__MMZrL\">Montserrat<\/div><div class=\"shipping_item__MMZrL\">Marruecos<\/div><div class=\"shipping_item__MMZrL\">Nepal<\/div><div class=\"shipping_item__MMZrL\">Pa\u00edses Bajos<\/div><div class=\"shipping_item__MMZrL\">Antillas Neerlandesas<\/div><div class=\"shipping_item__MMZrL\">Nueva Zelanda<\/div><div class=\"shipping_item__MMZrL\">Nicaragua<\/div><div class=\"shipping_item__MMZrL\">Nigeria<\/div><div class=\"shipping_item__MMZrL\">Niue<\/div><div class=\"shipping_item__MMZrL\">Noruega<\/div><div class=\"shipping_item__MMZrL\">Om\u00e1n<\/div><div class=\"shipping_item__MMZrL\">Pakist\u00e1n<\/div><div class=\"shipping_item__MMZrL\">Panam\u00e1<\/div><div class=\"shipping_item__MMZrL\">Pap\u00faa Nueva Guinea<\/div><div class=\"shipping_item__MMZrL\">Paraguay<\/div><div class=\"shipping_item__MMZrL\">Per\u00fa<\/div><div class=\"shipping_item__MMZrL\">Filipinas<\/div><div class=\"shipping_item__MMZrL\">Polonia<\/div><div class=\"shipping_item__MMZrL\">Puerto Rico<\/div><div class=\"shipping_item__MMZrL\">Qatar<\/div><div class=\"shipping_item__MMZrL\">Isla Reuni\u00f3n<\/div><div class=\"shipping_item__MMZrL\">Ruman\u00eda<\/div><div class=\"shipping_item__MMZrL\">San Bartolom\u00e9<\/div><div class=\"shipping_item__MMZrL\">San Crist\u00f3bal y Nieves<\/div><div class=\"shipping_item__MMZrL\">Arabia Saud\u00ed<\/div><div class=\"shipping_item__MMZrL\">Senegal<\/div><div class=\"shipping_item__MMZrL\">Serbia<\/div><div class=\"shipping_item__MMZrL\">Singapur<\/div><div class=\"shipping_item__MMZrL\">Eslovaquia<\/div><div class=\"shipping_item__MMZrL\">Eslovenia<\/div><div class=\"shipping_item__MMZrL\">Islas Salom\u00f3n<\/div><div class=\"shipping_item__MMZrL\">Sud\u00e1frica<\/div><div class=\"shipping_item__MMZrL\">Corea del Sur<\/div><div class=\"shipping_item__MMZrL\">Espa\u00f1a<\/div><div class=\"shipping_item__MMZrL\">Sri Lanka<\/div><div class=\"shipping_item__MMZrL\">Suecia<\/div><div class=\"shipping_item__MMZrL\">Suiza<\/div><div class=\"shipping_item__MMZrL\">Taiw\u00e1n<\/div><div class=\"shipping_item__MMZrL\">Tayikist\u00e1n<\/div><div class=\"shipping_item__MMZrL\">Tailandia<\/div><div class=\"shipping_item__MMZrL\">Trinidad y Tobago<\/div><div class=\"shipping_item__MMZrL\">T\u00fanez<\/div><div class=\"shipping_item__MMZrL\">Turqu\u00eda<\/div><div class=\"shipping_item__MMZrL\">Turkmenist\u00e1n<\/div><div class=\"shipping_item__MMZrL\">Islas Turcas y Caicos<\/div><div class=\"shipping_item__MMZrL\">Tuvalu<\/div><div class=\"shipping_item__MMZrL\">Ucrania<\/div><div class=\"shipping_item__MMZrL\">Emiratos \u00c1rabes Unidos<\/div><div class=\"shipping_item__MMZrL\">Uruguay<\/div><div class=\"shipping_item__MMZrL\">Uzbekist\u00e1n<\/div><div class=\"shipping_item__MMZrL\">Venezuela<\/div><div class=\"shipping_item__MMZrL\">Vietnam<\/div><div class=\"shipping_item__MMZrL\">Islas V\u00edrgenes Brit\u00e1nicas<\/div><div class=\"shipping_item__MMZrL\">Zambia<\/div><\/div>\t\t\t\t\t\t\t\t<\/div>\n\t\t\t\t<\/div>\n\t\t\t\t\t<\/div>\n\t\t\t\t<\/div>\n\t\t<div class=\"wd-negative-gap elementor-element elementor-element-c70f2d1 e-flex e-con-boxed e-con e-parent\" data-id=\"c70f2d1\" data-element_type=\"container\">\n\t\t\t\t\t<div class=\"e-con-inner\">\n\t\t\t\t<div class=\"elementor-element elementor-element-6e8e315 elementor-widget elementor-widget-heading\" data-id=\"6e8e315\" data-element_type=\"widget\" data-widget_type=\"heading.default\">\n\t\t\t\t<div class=\"elementor-widget-container\">\n\t\t\t\t\t<h5 class=\"elementor-heading-title elementor-size-default\">Si su pa\u00eds no figura en la lista, p\u00f3ngase en contacto con el servicio de atenci\u00f3n al cliente.<\/h5>\t\t\t\t<\/div>\n\t\t\t\t<\/div>\n\t\t\t\t<div class=\"elementor-element elementor-element-0023dc8 elementor-widget elementor-widget-heading\" data-id=\"0023dc8\" data-element_type=\"widget\" data-widget_type=\"heading.default\">\n\t\t\t\t<div class=\"elementor-widget-container\">\n\t\t\t\t\t<h2 class=\"elementor-heading-title elementor-size-default\">PREGUNTAS FRECUENTES:<\/h2>\t\t\t\t<\/div>\n\t\t\t\t<\/div>\n\t\t\t\t<div class=\"elementor-element elementor-element-6b09cf2 elementor-widget elementor-widget-wd_accordion\" data-id=\"6b09cf2\" data-element_type=\"widget\" data-widget_type=\"wd_accordion.default\">\n\t\t\t\t<div class=\"elementor-widget-container\">\n\t\t\t\t\t\n\t\t<div class=\"wd-accordion wd-style-default\" data-state=\"all_closed\">\n\t\t\t\t\t\t\t\n\t\t\t\t<div class=\"wd-accordion-item\">\n\t\t\t\t\t<div class=\"wd-accordion-title text-left wd-opener-pos-right\" data-accordion-index=\"0\">\n\t\t\t\t\t\t<div class=\"wd-accordion-title-text\">\n\t\t\t\t\t\t\t\t\t\t\t\t\t\t<span>\n\t\t\t\t\t\t\t\t\u00bfCu\u00e1ndo recibir\u00e9 mi pedido?\t\t\t\t\t\t\t<\/span>\n\t\t\t\t\t\t<\/div>\n\t\t\t\t\t\t<span class=\"wd-accordion-opener wd-opener-style-arrow\"><\/span>\n\t\t\t\t\t<\/div>\n\n\t\t\t\t\t<div class=\"wd-accordion-content reset-last-child\" data-accordion-index=\"0\">\n\t\t\t\t\t\t\t\t\t\t\t\t\t\n\t\t\t\t\t\t\t<div><p>La fecha estimada de entrega se indicar\u00e1 durante el proceso de compra y se basa en los productos seleccionados, la direcci\u00f3n de env\u00edo y el m\u00e9todo de env\u00edo.<\/p><\/div><div><p>Seg\u00fan la experiencia de muchos de nuestros clientes, la entrega en la mayor\u00eda de las direcciones f\u00edsicas se produce en un plazo de 5 a 25 d\u00edas laborables. Los d\u00edas laborables son de lunes a viernes.<\/p><\/div>\n\t\t\t\t\t\t\t\t\t\t\t\t\t\t\t\t\t\t<\/div>\n\t\t\t\t<\/div>\n\t\t\t\t\t\t\t\n\t\t\t\t<div class=\"wd-accordion-item\">\n\t\t\t\t\t<div class=\"wd-accordion-title text-left wd-opener-pos-right\" data-accordion-index=\"1\">\n\t\t\t\t\t\t<div class=\"wd-accordion-title-text\">\n\t\t\t\t\t\t\t\t\t\t\t\t\t\t<span>\n\t\t\t\t\t\t\t\t\u00bfCobran impuestos?\t\t\t\t\t\t\t<\/span>\n\t\t\t\t\t\t<\/div>\n\t\t\t\t\t\t<span class=\"wd-accordion-opener wd-opener-style-arrow\"><\/span>\n\t\t\t\t\t<\/div>\n\n\t\t\t\t\t<div class=\"wd-accordion-content reset-last-child\" data-accordion-index=\"1\">\n\t\t\t\t\t\t\t\t\t\t\t\t\t\n\t\t\t\t\t\t\t<div><p>No cobramos impuestos. Sin embargo, las aduanas locales pueden imponer impuestos a la llegada. Por lo general, el transportista pagar\u00e1 estas tasas en su nombre y se las cobrar\u00e1 en el momento de la entrega.<\/p><\/div><div><p>Para los pa\u00edses de la UE, las aduanas suelen cobrar 20% o m\u00e1s en impuestos. Nosotros cubriremos este impuesto y solo te cobraremos 8% del pago del pedido cuando realices el pago.<\/p><\/div>\n\t\t\t\t\t\t\t\t\t\t\t\t\t\t\t\t\t\t<\/div>\n\t\t\t\t<\/div>\n\t\t\t\t\t\t\t\n\t\t\t\t<div class=\"wd-accordion-item\">\n\t\t\t\t\t<div class=\"wd-accordion-title text-left wd-opener-pos-right\" data-accordion-index=\"2\">\n\t\t\t\t\t\t<div class=\"wd-accordion-title-text\">\n\t\t\t\t\t\t\t\t\t\t\t\t\t\t<span>\n\t\t\t\t\t\t\t\t\u00bfC\u00f3mo puedo seguir mi env\u00edo?\t\t\t\t\t\t\t<\/span>\n\t\t\t\t\t\t<\/div>\n\t\t\t\t\t\t<span class=\"wd-accordion-opener wd-opener-style-arrow\"><\/span>\n\t\t\t\t\t<\/div>\n\n\t\t\t\t\t<div class=\"wd-accordion-content reset-last-child\" data-accordion-index=\"2\">\n\t\t\t\t\t\t\t\t\t\t\t\t\t\n\t\t\t\t\t\t\t<p>Puede consultar el estado de su env\u00edo visitando nuestra p\u00e1gina Seguimiento de pedidos o utilizando la comunicaci\u00f3n recibida por correo electr\u00f3nico. Tenga en cuenta que el transportista puede tardar hasta una semana en escanear su pedido en el sistema de seguimiento.<\/p>\n\t\t\t\t\t\t\t\t\t\t\t\t\t\t\t\t\t\t<\/div>\n\t\t\t\t<\/div>\n\t\t\t\t\t\t\t\n\t\t\t\t<div class=\"wd-accordion-item\">\n\t\t\t\t\t<div class=\"wd-accordion-title text-left wd-opener-pos-right\" data-accordion-index=\"3\">\n\t\t\t\t\t\t<div class=\"wd-accordion-title-text\">\n\t\t\t\t\t\t\t\t\t\t\t\t\t\t<span>\n\t\t\t\t\t\t\t\t\u00bfPuedo cambiar mis datos de env\u00edo?\t\t\t\t\t\t\t<\/span>\n\t\t\t\t\t\t<\/div>\n\t\t\t\t\t\t<span class=\"wd-accordion-opener wd-opener-style-arrow\"><\/span>\n\t\t\t\t\t<\/div>\n\n\t\t\t\t\t<div class=\"wd-accordion-content reset-last-child\" data-accordion-index=\"3\">\n\t\t\t\t\t\t\t\t\t\t\t\t\t\n\t\t\t\t\t\t\t<div><p>Puede cambiar su informaci\u00f3n de env\u00edo en cualquier momento antes de que entre en el proceso de env\u00edo.<\/p><\/div><div><p>P\u00f3ngase en contacto con nuestro servicio de atenci\u00f3n al cliente lo antes posible si desea modificar sus datos de env\u00edo.<\/p><\/div><div><p>No podemos cambiar su informaci\u00f3n de env\u00edo de ninguna manera despu\u00e9s de que haya entrado en nuestro proceso de env\u00edo.<\/p><\/div><div><p>Para garantizar la entrega puntual de su paquete, facilite una direcci\u00f3n de env\u00edo y unos datos de contacto precisos al realizar el pedido.<\/p><\/div>\n\t\t\t\t\t\t\t\t\t\t\t\t\t\t\t\t\t\t<\/div>\n\t\t\t\t<\/div>\n\t\t\t\t\t\t\t\n\t\t\t\t<div class=\"wd-accordion-item\">\n\t\t\t\t\t<div class=\"wd-accordion-title text-left wd-opener-pos-right\" data-accordion-index=\"4\">\n\t\t\t\t\t\t<div class=\"wd-accordion-title-text\">\n\t\t\t\t\t\t\t\t\t\t\t\t\t\t<span>\n\t\t\t\t\t\t\t\t\u00bfQu\u00e9 ocurre si no recibo mi pedido?\t\t\t\t\t\t\t<\/span>\n\t\t\t\t\t\t<\/div>\n\t\t\t\t\t\t<span class=\"wd-accordion-opener wd-opener-style-arrow\"><\/span>\n\t\t\t\t\t<\/div>\n\n\t\t\t\t\t<div class=\"wd-accordion-content reset-last-child\" data-accordion-index=\"4\">\n\t\t\t\t\t\t\t\t\t\t\t\t\t\n\t\t\t\t\t\t\t<div><p>Si su pedido no llega como esperaba, es posible que se haya perdido durante el transporte. Puede ponerse en contacto con nuestro servicio de atenci\u00f3n al cliente para que le reenv\u00eden el paquete.<\/p><\/div><div><p>Pero antes de ponerse en contacto con nuestro servicio de atenci\u00f3n al cliente, pregunte a sus familiares o vecinos si han recibido el paquete en su nombre, o compruebe con el transportista local si el paquete ha sido entregado.<\/p><\/div>\n\t\t\t\t\t\t\t\t\t\t\t\t\t\t\t\t\t\t<\/div>\n\t\t\t\t<\/div>\n\t\t\t\t\t\t\t\n\t\t\t\t<div class=\"wd-accordion-item\">\n\t\t\t\t\t<div class=\"wd-accordion-title text-left wd-opener-pos-right\" data-accordion-index=\"5\">\n\t\t\t\t\t\t<div class=\"wd-accordion-title-text\">\n\t\t\t\t\t\t\t\t\t\t\t\t\t\t<span>\n\t\t\t\t\t\t\t\t\u00bfPuedo devolver o cambiar un art\u00edculo?\t\t\t\t\t\t\t<\/span>\n\t\t\t\t\t\t<\/div>\n\t\t\t\t\t\t<span class=\"wd-accordion-opener wd-opener-style-arrow\"><\/span>\n\t\t\t\t\t<\/div>\n\n\t\t\t\t\t<div class=\"wd-accordion-content reset-last-child\" data-accordion-index=\"5\">\n\t\t\t\t\t\t\t\t\t\t\t\t\t\n\t\t\t\t\t\t\t<div><p>Si no est\u00e1 100% satisfecho con su compra, puede devolvernos el art\u00edculo en un plazo de 30 d\u00edas a partir de la recepci\u00f3n del paquete para recibir un reembolso completo o un cambio por un art\u00edculo nuevo.<\/p><\/div><div><p>No importa el motivo de su insatisfacci\u00f3n.<\/p><\/div><div><p>Por favor, no dude en ponerse en contacto con nosotros primero y enviar el art\u00edculo a la direcci\u00f3n correcta en condiciones comercializables.<\/p><\/div><div><p>(S\u00f3lo aceptamos camisetas devueltas sin insignias, nombres o n\u00fameros personalizados)<\/p><\/div>\n\t\t\t\t\t\t\t\t\t\t\t\t\t\t\t\t\t\t<\/div>\n\t\t\t\t<\/div>\n\t\t\t\t\t\t\t\n\t\t\t\t<div class=\"wd-accordion-item\">\n\t\t\t\t\t<div class=\"wd-accordion-title text-left wd-opener-pos-right\" data-accordion-index=\"6\">\n\t\t\t\t\t\t<div class=\"wd-accordion-title-text\">\n\t\t\t\t\t\t\t\t\t\t\t\t\t\t<span>\n\t\t\t\t\t\t\t\t\u00bfC\u00f3mo ponerse en contacto con nuestro servicio de atenci\u00f3n al cliente?\t\t\t\t\t\t\t<\/span>\n\t\t\t\t\t\t<\/div>\n\t\t\t\t\t\t<span class=\"wd-accordion-opener wd-opener-style-arrow\"><\/span>\n\t\t\t\t\t<\/div>\n\n\t\t\t\t\t<div class=\"wd-accordion-content reset-last-child\" data-accordion-index=\"6\">\n\t\t\t\t\t\t\t\t\t\t\t\t\t\n\t\t\t\t\t\t\t<div><p>P\u00f3ngase en contacto con nosotros a trav\u00e9s del chat en l\u00ednea durante el horario comercial, y p\u00f3ngase en contacto con nuestro servicio de atenci\u00f3n al cliente por correo electr\u00f3nico o WhatsApp en horario no comercial para recibir una respuesta m\u00e1s r\u00e1pida.<\/p><\/div><div><p>Nuestro horario de trabajo es de 20:00 a 17:00 (hora del Este) todos los d\u00edas.<\/p><p>Correo electr\u00f3nico: contact@lovephone.store<\/p><\/div>\n\t\t\t\t\t\t\t\t\t\t\t\t\t\t\t\t\t\t<\/div>\n\t\t\t\t<\/div>\n\t\t\t\t\t<\/div>\n\t\t\t\t\t\t<\/div>\n\t\t\t\t<\/div>\n\t\t\t\t\t<\/div>\n\t\t\t\t<\/div>\n\t\t\t\t<\/div>","protected":false},"excerpt":{"rendered":"<p>Good news: Free Shipping On Orders Over $120. Shipping Info We serve over 100 countries: United StatesCanadaAustriaUnited KingdomPortugalAlbaniaAnguillaArgentinaArmeniaAustraliaBahrainBangladeshBarbadosBelgiumBhutanBosnia and HerzegovinaBotswanaBrazilBulgariaCambodiaCayman<\/p>","protected":false},"author":3,"featured_media":0,"parent":0,"menu_order":0,"comment_status":"closed","ping_status":"closed","template":"","meta":{"_acf_changed":false,"footnotes":""},"class_list":["post-24799","page","type-page","status-publish","hentry"],"acf":[],"_links":{"self":[{"href":"https:\/\/lovephone.store\/es\/wp-json\/wp\/v2\/pages\/24799","targetHints":{"allow":["GET"]}}],"collection":[{"href":"https:\/\/lovephone.store\/es\/wp-json\/wp\/v2\/pages"}],"about":[{"href":"https:\/\/lovephone.store\/es\/wp-json\/wp\/v2\/types\/page"}],"author":[{"embeddable":true,"href":"https:\/\/lovephone.store\/es\/wp-json\/wp\/v2\/users\/3"}],"replies":[{"embeddable":true,"href":"https:\/\/lovephone.store\/es\/wp-json\/wp\/v2\/comments?post=24799"}],"version-history":[{"count":1,"href":"https:\/\/lovephone.store\/es\/wp-json\/wp\/v2\/pages\/24799\/revisions"}],"predecessor-version":[{"id":87668,"href":"https:\/\/lovephone.store\/es\/wp-json\/wp\/v2\/pages\/24799\/revisions\/87668"}],"wp:attachment":[{"href":"https:\/\/lovephone.store\/es\/wp-json\/wp\/v2\/media?parent=24799"}],"curies":[{"name":"wp","href":"https:\/\/api.w.org\/{rel}","templated":true}]}}