{"id":14,"date":"2023-06-15T12:33:10","date_gmt":"2023-06-15T12:33:10","guid":{"rendered":"https:\/\/dummy.xtemos.com\/woodmart2\/kids-elementor\/?page_id=14"},"modified":"2025-04-12T03:35:24","modified_gmt":"2025-04-12T03:35:24","slug":"about-us","status":"publish","type":"page","link":"https:\/\/lovephone.store\/es\/about-us\/","title":{"rendered":"About us"},"content":{"rendered":"<div data-elementor-type=\"wp-page\" data-elementor-id=\"14\" class=\"elementor elementor-14\" data-elementor-post-type=\"page\">\n\t\t\t\t<div class=\"wd-negative-gap elementor-element elementor-element-38d1e6f e-flex e-con-boxed e-con e-parent\" data-id=\"38d1e6f\" data-element_type=\"container\">\n\t\t\t\t\t<div class=\"e-con-inner\">\n\t\t\t\t<div class=\"elementor-element elementor-element-e4fce59 color-scheme-inherit text-left elementor-widget elementor-widget-text-editor\" data-id=\"e4fce59\" data-element_type=\"widget\" data-widget_type=\"text-editor.default\">\n\t\t\t\t<div class=\"elementor-widget-container\">\n\t\t\t\t\t\t\t\t\t<p>Bienvenido a&nbsp;<span style=\"font-family: Cabin, Arial, Helvetica, sans-serif; font-size: 18px; font-style: normal; font-variant-ligatures: normal; font-variant-caps: normal; font-weight: 400;\">Tienda LovePhone<\/span><strong>!<\/strong><\/p>\n<p>En LovePhone-Shop, nos apasiona el f\u00fatbol y nos comprometemos a ofrecerte la mejor selecci\u00f3n de camisetas de f\u00fatbol para hombre, mujer y ni\u00f1o. Tanto si eres un fan incondicional de un equipo de primera como si solo buscas una camiseta con estilo para mostrar tu amor por el f\u00fatbol, tenemos todo lo que necesitas.<\/p>\n<h3>Nuestra historia<\/h3>\n<p>Fundada con un profundo amor por el deporte,&nbsp;<span style=\"font-family: Cabin, Arial, Helvetica, sans-serif; font-size: 18px; font-style: normal; font-variant-ligatures: normal; font-variant-caps: normal; font-weight: 400;\">Tienda LovePhone&nbsp;<\/span>empez\u00f3 con una misi\u00f3n sencilla: ofrecer camisetas de f\u00fatbol aut\u00e9nticas y de alta calidad que celebrasen el deporte rey. Entendemos la emoci\u00f3n de vestir los colores de tu equipo y la alegr\u00eda que supone para los aficionados de todas las edades. Nuestro objetivo es ofrecer una amplia gama de camisetas para todos los aficionados al f\u00fatbol, desde los m\u00e1s ocasionales hasta los m\u00e1s ac\u00e9rrimos.<\/p>\n<h3>Lo que nos diferencia<\/h3>\n<ul>\n<li><strong>La calidad es lo primero:<\/strong>&nbsp;Nuestros maillots proceden de fabricantes de confianza para garantizarle productos duraderos y c\u00f3modos.<\/li>\n<li><strong>Amplia selecci\u00f3n:<\/strong>&nbsp;Desde dise\u00f1os cl\u00e1sicos hasta los \u00faltimos lanzamientos, nuestra colecci\u00f3n abarca camisetas de todos los grandes equipos y ligas. Ofrecemos opciones para hombres, mujeres y ni\u00f1os, para que toda la familia pueda apoyar a sus equipos favoritos.<\/li>\n<li><strong>Centrados en el cliente:<\/strong>&nbsp;Su satisfacci\u00f3n es nuestra m\u00e1xima prioridad. Nuestro equipo se dedica a ofrecer un servicio de atenci\u00f3n al cliente excepcional y a garantizar una experiencia de compra perfecta de principio a fin.<\/li>\n<\/ul>\n<h3>Nuestro compromiso<\/h3>\n<p>En&nbsp;<span style=\"font-family: Cabin, Arial, Helvetica, sans-serif; font-size: 18px; font-style: normal; font-variant-ligatures: normal; font-variant-caps: normal; font-weight: 400;\">Tienda LovePhone<\/span>somos algo m\u00e1s que una tienda: somos una comunidad de aficionados al f\u00fatbol. Nos esforzamos por mantener unos precios competitivos y ofrecemos promociones y ofertas especiales para que tu experiencia de compra sea a\u00fan mejor.<\/p>\n<p>Tambi\u00e9n creemos en retribuir a la comunidad que nos apoya. Por eso participamos regularmente en iniciativas de apoyo a programas de f\u00fatbol juvenil y equipos locales.<\/p>\n<h3>Ponte en contacto<\/h3>\n<p>\u00bfTiene preguntas o necesita ayuda? Nuestro amable equipo de asistencia est\u00e1 aqu\u00ed para ayudarle. Puede ponerse en contacto con nosotros en support@lovephone.store o en las redes sociales.<\/p>\n<p>Gracias por elegir&nbsp;<span style=\"font-family: Cabin, Arial, Helvetica, sans-serif; font-size: 18px; font-style: normal; font-variant-ligatures: normal; font-variant-caps: normal; font-weight: 400;\">Tienda LovePhone<\/span>. Estamos encantados de formar parte de tu viaje futbol\u00edstico y esperamos poder ofrecerte las mejores camisetas y equipaciones para aficionados.<\/p>\n<p>Mant\u00e9n viva la pasi\u00f3n y disfruta del juego.<\/p>\n<p><strong>Tienda LovePhone<\/strong><strong style=\"font-size: 18px; text-align: var(--text-align); background-color: var(--wd-main-bgcolor); color: var(--wd-text-color);\">&nbsp;Equipo<\/strong><\/p>\t\t\t\t\t\t\t\t<\/div>\n\t\t\t\t<\/div>\n\t\t\t\t\t<\/div>\n\t\t\t\t<\/div>\n\t\t\t\t<\/div>","protected":false},"excerpt":{"rendered":"<p>Welcome to&nbsp;LovePhone-Shop! At LovePhone-Shop, we\u2019re passionate about football and committed to bringing you the finest selection of football jerseys for<\/p>","protected":false},"author":3,"featured_media":0,"parent":0,"menu_order":0,"comment_status":"closed","ping_status":"closed","template":"","meta":{"_acf_changed":false,"footnotes":""},"class_list":["post-14","page","type-page","status-publish","hentry"],"acf":[],"_links":{"self":[{"href":"https:\/\/lovephone.store\/es\/wp-json\/wp\/v2\/pages\/14","targetHints":{"allow":["GET"]}}],"collection":[{"href":"https:\/\/lovephone.store\/es\/wp-json\/wp\/v2\/pages"}],"about":[{"href":"https:\/\/lovephone.store\/es\/wp-json\/wp\/v2\/types\/page"}],"author":[{"embeddable":true,"href":"https:\/\/lovephone.store\/es\/wp-json\/wp\/v2\/users\/3"}],"replies":[{"embeddable":true,"href":"https:\/\/lovephone.store\/es\/wp-json\/wp\/v2\/comments?post=14"}],"version-history":[{"count":4,"href":"https:\/\/lovephone.store\/es\/wp-json\/wp\/v2\/pages\/14\/revisions"}],"predecessor-version":[{"id":113866,"href":"https:\/\/lovephone.store\/es\/wp-json\/wp\/v2\/pages\/14\/revisions\/113866"}],"wp:attachment":[{"href":"https:\/\/lovephone.store\/es\/wp-json\/wp\/v2\/media?parent=14"}],"curies":[{"name":"wp","href":"https:\/\/api.w.org\/{rel}","templated":true}]}}