{"id":24870,"date":"2024-11-18T17:36:11","date_gmt":"2024-11-18T17:36:11","guid":{"rendered":"https:\/\/lovephone.store\/?page_id=24870"},"modified":"2024-12-16T14:04:30","modified_gmt":"2024-12-16T14:04:30","slug":"billing-terms-conditions","status":"publish","type":"page","link":"https:\/\/lovephone.store\/de\/billing-terms-conditions\/","title":{"rendered":"Billing Terms &#038; Conditions"},"content":{"rendered":"<p>worldsoccerweb akzeptiert derzeit die folgenden Kreditkarten:<\/p>\n<ul class=\"wp-block-list\">\n<li>Visum<\/li>\n<li>Mastercard<\/li>\n<li>Amex<\/li>\n<li>JCb<\/li>\n<\/ul>\n<p>Wir gew\u00e4hrleisten, dass jede Kreditkartentransaktion in einer sicheren Umgebung stattfindet. Das Zahlungssystem verf\u00fcgt \u00fcber eine 128-Bit-SSL-Sicherheitsverschl\u00fcsselung. Dass die Transaktion sicher ist, erkennen Sie daran, dass unten rechts in Ihrem Webbrowser ein Schl\u00fcsselschloss zu sehen ist. Wir speichern Ihre Kreditkarteninformationen nicht, nachdem Ihre Bestellung abgeschlossen ist. Vielmehr werden sie direkt an unsere Banken \u00fcbermittelt. Sie k\u00f6nnen sich darauf verlassen, dass Ihre Kreditkarten- oder Bankkontodaten bei jedem Kauf sicher sind.<\/p>\n<p>Sie haben noch Fragen? Bitte\u00a0<strong><a href=\"https:\/\/lovephone.store\/de\/contact-us\/\" data-type=\"link\" data-id=\"https:\/\/spendexo.com\/contact-us\/\">Kontaktieren Sie uns.<\/a><\/strong><\/p>","protected":false},"excerpt":{"rendered":"<p>worldsoccerweb currently, accepts the following credit cards: Visa Mastercard Amex JCb We ensure that every credit card transaction occurs within<\/p>","protected":false},"author":3,"featured_media":0,"parent":0,"menu_order":0,"comment_status":"closed","ping_status":"closed","template":"","meta":{"_acf_changed":false,"footnotes":""},"class_list":["post-24870","page","type-page","status-publish","hentry"],"acf":[],"_links":{"self":[{"href":"https:\/\/lovephone.store\/de\/wp-json\/wp\/v2\/pages\/24870","targetHints":{"allow":["GET"]}}],"collection":[{"href":"https:\/\/lovephone.store\/de\/wp-json\/wp\/v2\/pages"}],"about":[{"href":"https:\/\/lovephone.store\/de\/wp-json\/wp\/v2\/types\/page"}],"author":[{"embeddable":true,"href":"https:\/\/lovephone.store\/de\/wp-json\/wp\/v2\/users\/3"}],"replies":[{"embeddable":true,"href":"https:\/\/lovephone.store\/de\/wp-json\/wp\/v2\/comments?post=24870"}],"version-history":[{"count":0,"href":"https:\/\/lovephone.store\/de\/wp-json\/wp\/v2\/pages\/24870\/revisions"}],"wp:attachment":[{"href":"https:\/\/lovephone.store\/de\/wp-json\/wp\/v2\/media?parent=24870"}],"curies":[{"name":"wp","href":"https:\/\/api.w.org\/{rel}","templated":true}]}}