{"id":24858,"date":"2024-11-18T17:28:22","date_gmt":"2024-11-18T17:28:22","guid":{"rendered":"https:\/\/lovephone.store\/?page_id=24858"},"modified":"2025-04-12T03:23:36","modified_gmt":"2025-04-12T03:23:36","slug":"shipping-delivery","status":"publish","type":"page","link":"https:\/\/lovephone.store\/de\/shipping-delivery\/","title":{"rendered":"Shipping &#038; Delivery"},"content":{"rendered":"<div data-elementor-type=\"wp-page\" data-elementor-id=\"24858\" class=\"elementor elementor-24858\" data-elementor-post-type=\"page\">\n\t\t\t\t<div class=\"wd-negative-gap elementor-element elementor-element-73f637a8 e-flex e-con-boxed e-con e-parent\" data-id=\"73f637a8\" data-element_type=\"container\">\n\t\t\t\t\t<div class=\"e-con-inner\">\n\t\t\t\t<div class=\"elementor-element elementor-element-6cb23c50 color-scheme-inherit text-left elementor-widget elementor-widget-text-editor\" data-id=\"6cb23c50\" data-element_type=\"widget\" data-widget_type=\"text-editor.default\">\n\t\t\t\t<div class=\"elementor-widget-container\">\n\t\t\t\t\t\t\t\t\t<p>Vielen Dank f\u00fcr Ihren Besuch&nbsp;<strong>LovePhone-Shop<\/strong>. Auf dieser Seite finden Sie die Bedingungen f\u00fcr unsere Versandpolitik. Wir haben viel Wert darauf gelegt, dass die Artikel so schnell wie m\u00f6glich an unsere Kunden geliefert werden.<\/p>\n<figure class=\"wp-block-table\">\n<table class=\"has-fixed-layout\">\n<tbody>\n<tr>\n<td>Land<\/td>\n<td>Arbeitszeiten<\/td>\n<td>Annahmeschluss f\u00fcr Bestellungen<\/td>\n<td>Bearbeitungszeit der Bestellung<\/td>\n<td>Versandzeit<\/td>\n<td>Kosten f\u00fcr den Versand<\/td>\n<\/tr>\n<tr>\n<td>Weltweit<\/td>\n<td>Montag bis Freitag<\/td>\n<td>9:00 AM GMT-8 Pacific Standard Time (Los Angeles)<\/td>\n<td>1-3 Arbeitstage<\/td>\n<td>8-15 Arbeitstage<\/td>\n<td>10,00 USD&nbsp;<\/td>\n<\/tr>\n<tr>\n<td>Weltweit<\/td>\n<td>Montag bis Freitag<\/td>\n<td>9:00 AM GMT-8 Pacific Standard Time (Los Angeles)<\/td>\n<td>1-3 Arbeitstage<\/td>\n<td>5-10 Arbeitstage<\/td>\n<td>22.00 USD&nbsp;<\/td>\n<\/tr>\n<\/tbody>\n<\/table>\n<\/figure>\n<p><strong>Informationen zur Verfolgung:<\/strong><\/p>\n<p>Wir werden Ihnen die Tracking-Nummer per E-Mail oder \u00fcber Ihr Konto mitteilen, sobald Ihr Produkt versandt wurde. Sie k\u00f6nnen diese Tracking-Nummer verwenden, um den Fortschritt Ihres Pakets zu verfolgen. Nach Erhalt der Tracking-Nummer kann es einige Zeit dauern, bis die Tracking-Informationen aktualisiert werden.<\/p>\n<h4 class=\"wp-block-heading\"><strong>30 Tage R\u00fcckgabe<\/strong><\/h4>\n<p>Wir stehen hinter der Qualit\u00e4t unserer Produkte und m\u00f6chten, dass Sie mit Ihrem Kauf vollkommen zufrieden sind. Sollten Ihre Waren Probleme aufweisen oder Ihren Erwartungen nicht entsprechen, k\u00f6nnen Sie sie innerhalb von 30 Tagen gegen volle R\u00fcckerstattung oder Umtausch zur\u00fcckgeben. Ihre Zufriedenheit ist unsere Priorit\u00e4t, und wir bem\u00fchen uns, den R\u00fcckgabeprozess so einfach und bequem wie m\u00f6glich zu gestalten.<\/p>\n<h4 class=\"wp-block-heading\"><strong>Sichere Bezahlung<\/strong><\/h4>\n<p>Kaufen Sie mit dem Wissen ein, dass Ihre Zahlungsinformationen bei uns sicher sind. Wir setzen branchen\u00fcbliche Sicherheitsma\u00dfnahmen ein, um Ihre sensiblen Daten zu sch\u00fctzen und einen reibungslosen und sicheren Zahlungsvorgang zu gew\u00e4hrleisten. Ihre Privatsph\u00e4re und Sicherheit sind f\u00fcr uns von gr\u00f6\u00dfter Bedeutung, und wir treffen alle Vorkehrungen, um Ihre Daten zu sch\u00fctzen.<\/p>\n<h4 class=\"wp-block-heading\"><strong>24\/7 Unterst\u00fctzung<\/strong><\/h4>\n<p>Unser engagiertes Support-Team steht Ihnen rund um die Uhr zur Verf\u00fcgung, um Sie bei allen Fragen und Problemen zu unterst\u00fctzen. Ganz gleich, ob Sie Hilfe bei der Aufgabe einer Bestellung, der Verfolgung einer Sendung oder der L\u00f6sung eines Problems ben\u00f6tigen, unsere sachkundigen und freundlichen Support-Mitarbeiter sind f\u00fcr Sie da. Wir sind bestrebt, Ihnen bei jedem Schritt Ihres Einkaufs einen au\u00dfergew\u00f6hnlichen Kundenservice zu bieten.<\/p>\n<p>Vielen Dank, dass Sie sich f\u00fcr LovePhone-shop entschieden haben. Wir wissen Ihr Vertrauen und Ihre Loyalit\u00e4t zu sch\u00e4tzen und freuen uns darauf, Ihnen auch weiterhin mit hervorragenden Leistungen zur Seite zu stehen. Wenn Sie Fragen haben oder weitere Unterst\u00fctzung ben\u00f6tigen, z\u00f6gern Sie bitte nicht, uns zu kontaktieren. Ihre Zufriedenheit ist unsere Priorit\u00e4t, und wir sind hier, um sicherzustellen, dass Ihre Erfahrung mit uns nichts weniger als au\u00dfergew\u00f6hnlich ist.<\/p>\n<p>Wenn Sie weitere Fragen haben oder Unterst\u00fctzung bei unseren Versandrichtlinien ben\u00f6tigen, wenden Sie sich bitte an&nbsp;<a href=\"https:\/\/lovephone.store\/de\/contact-us\/\">Kontakt<\/a>&nbsp;unser Kundenservice. Wir sind hier, um ausgezeichnete Unterst\u00fctzung zu bieten und einen problemlosen Versand zu gew\u00e4hrleisten.<\/p>\n<p>Danke, dass Sie sich f\u00fcr <strong>LovePhone-Shop<\/strong><strong>!<\/strong>&nbsp;Viel Spa\u00df beim Einkaufen!<\/p>\t\t\t\t\t\t\t\t<\/div>\n\t\t\t\t<\/div>\n\t\t\t\t\t<\/div>\n\t\t\t\t<\/div>\n\t\t\t\t<\/div>","protected":false},"excerpt":{"rendered":"<p>Thank you for visiting&nbsp;LovePhone-Shop. This page details the terms of conditions of our shipping policy. We have put a lot<\/p>","protected":false},"author":3,"featured_media":0,"parent":0,"menu_order":0,"comment_status":"closed","ping_status":"closed","template":"","meta":{"_acf_changed":false,"footnotes":""},"class_list":["post-24858","page","type-page","status-publish","hentry"],"acf":[],"_links":{"self":[{"href":"https:\/\/lovephone.store\/de\/wp-json\/wp\/v2\/pages\/24858","targetHints":{"allow":["GET"]}}],"collection":[{"href":"https:\/\/lovephone.store\/de\/wp-json\/wp\/v2\/pages"}],"about":[{"href":"https:\/\/lovephone.store\/de\/wp-json\/wp\/v2\/types\/page"}],"author":[{"embeddable":true,"href":"https:\/\/lovephone.store\/de\/wp-json\/wp\/v2\/users\/3"}],"replies":[{"embeddable":true,"href":"https:\/\/lovephone.store\/de\/wp-json\/wp\/v2\/comments?post=24858"}],"version-history":[{"count":4,"href":"https:\/\/lovephone.store\/de\/wp-json\/wp\/v2\/pages\/24858\/revisions"}],"predecessor-version":[{"id":113859,"href":"https:\/\/lovephone.store\/de\/wp-json\/wp\/v2\/pages\/24858\/revisions\/113859"}],"wp:attachment":[{"href":"https:\/\/lovephone.store\/de\/wp-json\/wp\/v2\/media?parent=24858"}],"curies":[{"name":"wp","href":"https:\/\/api.w.org\/{rel}","templated":true}]}}