{"id":24846,"date":"2024-11-18T17:19:37","date_gmt":"2024-11-18T17:19:37","guid":{"rendered":"https:\/\/lovephone.store\/?page_id=24846"},"modified":"2024-11-18T17:26:29","modified_gmt":"2024-11-18T17:26:29","slug":"drop-shipping","status":"publish","type":"page","link":"https:\/\/lovephone.store\/de\/drop-shipping\/","title":{"rendered":"Streckengesch\u00e4ft"},"content":{"rendered":"<div data-elementor-type=\"wp-page\" data-elementor-id=\"24846\" class=\"elementor elementor-24846\" data-elementor-post-type=\"page\">\n\t\t\t\t<div class=\"wd-negative-gap elementor-element elementor-element-73f637a8 e-flex e-con-boxed e-con e-parent\" data-id=\"73f637a8\" data-element_type=\"container\">\n\t\t\t\t\t<div class=\"e-con-inner\">\n\t\t\t\t<div class=\"elementor-element elementor-element-0f87453 elementor-widget elementor-widget-heading\" data-id=\"0f87453\" data-element_type=\"widget\" data-widget_type=\"heading.default\">\n\t\t\t\t<div class=\"elementor-widget-container\">\n\t\t\t\t\t<h2 class=\"elementor-heading-title elementor-size-default\">Streckengesch\u00e4ft<\/h2>\t\t\t\t<\/div>\n\t\t\t\t<\/div>\n\t\t\t\t<div class=\"elementor-element elementor-element-6cb23c50 color-scheme-inherit text-left elementor-widget elementor-widget-text-editor\" data-id=\"6cb23c50\" data-element_type=\"widget\" data-widget_type=\"text-editor.default\">\n\t\t\t\t<div class=\"elementor-widget-container\">\n\t\t\t\t\t\t\t\t\t<div><h2><b>Was ist Dropshipping?<\/b><\/h2><\/div><div><div data-zone-id=\"0\" data-line-index=\"0\" data-line=\"true\">Dropshipping ist eine Methode der Auftragsabwicklung, bei der ein Unternehmen die Produkte, die es verkauft, nicht auf Lager hat. Beim Verkauf eines Produkts kauft der Einzelh\u00e4ndler den Artikel \u00fcber einen Drittanbieter, der ihn dann direkt an den Kunden versendet.<\/div><\/div><div><p>Beim Dropshipping entf\u00e4llt der Prozess, bei dem die Lieferungen von den Lieferanten zun\u00e4chst an Ihr Unternehmen gehen, und stattdessen werden die Artikel einfach direkt an den Kunden geliefert.<\/p><\/div><div><p>Mit dieser Methode entfallen unn\u00f6tige Aufgaben wie die Entgegennahme von Bestellungen, die Lagerung und Sortierung der Produkte und der anschlie\u00dfende Versand. Das spart Geld f\u00fcr Porto, Lagerraum, Best\u00e4nde und die f\u00fcr die Bearbeitung der Auftr\u00e4ge erforderlichen Mitarbeiter.<\/p><\/div><div><p>Wir bieten Drop-Shipping Service! Bitte registrieren Sie sich und geben Sie Bestellungen direkt auf, dann hinterlassen Sie die Adresse Ihres Kunden.<\/p><\/div><div><p><strong>Bitte seien Sie versichert, dass wir keine Informationen \u00fcber unser Unternehmen an Ihre Kunden weitergeben werden!<\/strong><\/p><\/div><p><img fetchpriority=\"high\" decoding=\"async\" title=\"1712823701565381.jpg\" src=\"https:\/\/www.gogoalshopcloud.com\/upload\/20240411\/1712823945834253.jpg\" alt=\"\u4ee3\u53d1\u8d27\u6a21\u5f0f.jpg\" width=\"722\" height=\"494\" \/><\/p><h2><b>Warum an unserem Dropshipping-Programm teilnehmen?<\/b><\/h2><div><div data-zone-id=\"0\" data-line-index=\"0\" data-line=\"true\">1. Sie erhalten einen bevorzugten Kundendienst. Wann immer Sie sich an unsere Kundendienstabteilung wenden, wird Ihnen Ihr engagierter Vertriebsmitarbeiter umgehend helfen!<\/div><\/div><div><p>2. Wir k\u00f6nnen Schiff-in-24-Stunden-Service bieten, ist es einfacher und schneller f\u00fcr Ihre Kunden, um die Pakete zu erhalten.<\/p><\/div><div><p>3. Wenn Ihre monatliche Bestellsumme $500 \u00fcbersteigt, k\u00f6nnen Sie einen Rabatt von 15% und kostenlosen Versand auf jede Bestellung erhalten.<\/p><\/div><div><h2><b>Wie kann ich dem Dropshipping-Programm beitreten?<\/b><\/h2><\/div><div><div data-zone-id=\"0\" data-line-index=\"0\" data-line=\"true\">1. Registrieren Sie ein Konto auf der gogoalshop-Website.<\/div><\/div><div><p>2. Setzen Sie sich mit uns in Verbindung und teilen Sie uns mit, wie Sie mit uns zusammenarbeiten werden, und geben Sie eine Sch\u00e4tzung Ihres monatlichen Umsatzes ab. Geben Sie zum Beispiel die Gesamtzahl der Bestellungen und den Transaktionsbetrag an. Wir werden dann Dropshipping-Preise und Rabatte auf der Grundlage Ihrer Sch\u00e4tzung anbieten.<\/p><\/div><div><p>3. Wenn Sie die Bestellung und die Zahlung Ihres K\u00e4ufers erhalten, m\u00fcssen Sie auf unsere Website gehen, sich einloggen, die Bestellung aufgeben, die Lieferadresse Ihres K\u00e4ufers eingeben, f\u00fcr die Bestellung bezahlen, und dann werden wir das Paket an Ihren K\u00e4ufer versenden.<\/p><\/div><div><p>4. Wenn wir Ihre Bestellung erhalten, werden wir es innerhalb von etwa 2-3 Tagen versenden. Wir werden die Versandinformationen Ihrer Bestellung nach dem Versand des Pakets aktualisieren, und Sie k\u00f6nnen sich einloggen, um die Versandinformationen dieser Bestellung zu \u00fcberpr\u00fcfen.<\/p><\/div><div><p>5. Wenn die Bestellung irgendwelche Probleme mit der Qualit\u00e4t oder dem Versand hat, kontaktieren Sie uns bitte, und wir werden einen kostenlosen erneuten Versand anbieten.<\/p><\/div><p><img decoding=\"async\" title=\"1712823859416197.jpg\" src=\"https:\/\/www.gogoalshopcloud.com\/upload\/20240411\/1712823945253868.jpg\" alt=\"\u4ee3\u53d1\u8d27\u6d41\u7a0b.jpg\" width=\"719\" height=\"508\" \/><\/p><div><div data-zone-id=\"0\" data-line-index=\"0\" data-line=\"true\">Ganz gleich, ob Sie sich einen Nebenerwerb suchen, ein neues Vollzeitunternehmen gr\u00fcnden oder das Gesch\u00e4ftsmodell Ihres bestehenden Online-Shops \u00e4ndern m\u00f6chten, Dropshipping k\u00f6nnte die Antwort sein, nach der Sie suchen. Z\u00f6gern Sie nicht und nehmen Sie an unserem Dropshipping-Programm teil.<\/div><\/div>\t\t\t\t\t\t\t\t<\/div>\n\t\t\t\t<\/div>\n\t\t\t\t\t<\/div>\n\t\t\t\t<\/div>\n\t\t\t\t<\/div>","protected":false},"excerpt":{"rendered":"<p>Drop Shipping What is dropshipping? Dropshipping is an order fulfillment method where a business doesn&#8217;t keep the products it sells<\/p>","protected":false},"author":3,"featured_media":0,"parent":0,"menu_order":0,"comment_status":"closed","ping_status":"closed","template":"","meta":{"_acf_changed":false,"footnotes":""},"class_list":["post-24846","page","type-page","status-publish","hentry"],"acf":[],"_links":{"self":[{"href":"https:\/\/lovephone.store\/de\/wp-json\/wp\/v2\/pages\/24846","targetHints":{"allow":["GET"]}}],"collection":[{"href":"https:\/\/lovephone.store\/de\/wp-json\/wp\/v2\/pages"}],"about":[{"href":"https:\/\/lovephone.store\/de\/wp-json\/wp\/v2\/types\/page"}],"author":[{"embeddable":true,"href":"https:\/\/lovephone.store\/de\/wp-json\/wp\/v2\/users\/3"}],"replies":[{"embeddable":true,"href":"https:\/\/lovephone.store\/de\/wp-json\/wp\/v2\/comments?post=24846"}],"version-history":[{"count":0,"href":"https:\/\/lovephone.store\/de\/wp-json\/wp\/v2\/pages\/24846\/revisions"}],"wp:attachment":[{"href":"https:\/\/lovephone.store\/de\/wp-json\/wp\/v2\/media?parent=24846"}],"curies":[{"name":"wp","href":"https:\/\/api.w.org\/{rel}","templated":true}]}}