{"id":24799,"date":"2024-11-18T14:10:04","date_gmt":"2024-11-18T14:10:04","guid":{"rendered":"https:\/\/lovephone.store\/?page_id=24799"},"modified":"2024-12-31T15:16:40","modified_gmt":"2024-12-31T15:16:40","slug":"shipping-guide","status":"publish","type":"page","link":"https:\/\/lovephone.store\/de\/shipping-guide\/","title":{"rendered":"Leitfaden f\u00fcr den Versand"},"content":{"rendered":"<div data-elementor-type=\"wp-page\" data-elementor-id=\"24799\" class=\"elementor elementor-24799\" data-elementor-post-type=\"page\">\n\t\t\t\t<div class=\"wd-negative-gap elementor-element elementor-element-38d1e6f e-flex e-con-boxed e-con e-parent\" data-id=\"38d1e6f\" data-element_type=\"container\">\n\t\t\t\t\t<div class=\"e-con-inner\">\n\t\t\t\t<div class=\"elementor-element elementor-element-fce173d color-scheme-inherit text-left elementor-widget elementor-widget-text-editor\" data-id=\"fce173d\" data-element_type=\"widget\" data-widget_type=\"text-editor.default\">\n\t\t\t\t<div class=\"elementor-widget-container\">\n\t\t\t\t\t\t\t\t\t<p>Gute Nachrichten: Kostenloser Versand bei Bestellungen \u00fcber $120.<\/p>\t\t\t\t\t\t\t\t<\/div>\n\t\t\t\t<\/div>\n\t\t\t\t<div class=\"elementor-element elementor-element-7a70aae elementor-widget elementor-widget-heading\" data-id=\"7a70aae\" data-element_type=\"widget\" data-widget_type=\"heading.default\">\n\t\t\t\t<div class=\"elementor-widget-container\">\n\t\t\t\t\t<h2 class=\"elementor-heading-title elementor-size-default\">Versand-Informationen<\/h2>\t\t\t\t<\/div>\n\t\t\t\t<\/div>\n\t\t\t\t\t<\/div>\n\t\t\t\t<\/div>\n\t\t<div class=\"wd-negative-gap elementor-element elementor-element-eea7c69 e-flex e-con-boxed e-con e-parent\" data-id=\"eea7c69\" data-element_type=\"container\">\n\t\t\t\t\t<div class=\"e-con-inner\">\n\t\t\t\t<div class=\"elementor-element elementor-element-68d7833 elementor-widget elementor-widget-heading\" data-id=\"68d7833\" data-element_type=\"widget\" data-widget_type=\"heading.default\">\n\t\t\t\t<div class=\"elementor-widget-container\">\n\t\t\t\t\t<h2 class=\"elementor-heading-title elementor-size-default\">Wir bedienen \u00fcber 100 L\u00e4nder:<\/h2>\t\t\t\t<\/div>\n\t\t\t\t<\/div>\n\t\t\t\t<div class=\"elementor-element elementor-element-6ad70c7 color-scheme-inherit text-left elementor-widget elementor-widget-text-editor\" data-id=\"6ad70c7\" data-element_type=\"widget\" data-widget_type=\"text-editor.default\">\n\t\t\t\t<div class=\"elementor-widget-container\">\n\t\t\t\t\t\t\t\t\t<div class=\"shipping_list__gggCx flex-x-start flex-wrap\"><div class=\"shipping_item__MMZrL\">Vereinigte Staaten<\/div><div class=\"shipping_item__MMZrL\">Kanada<\/div><div class=\"shipping_item__MMZrL\">\u00d6sterreich<\/div><div class=\"shipping_item__MMZrL\">Vereinigtes K\u00f6nigreich<\/div><div class=\"shipping_item__MMZrL\">Portugal<\/div><div class=\"shipping_item__MMZrL\">Albanien<\/div><div class=\"shipping_item__MMZrL\">Anguilla<\/div><div class=\"shipping_item__MMZrL\">Argentinien<\/div><div class=\"shipping_item__MMZrL\">Armenien<\/div><div class=\"shipping_item__MMZrL\">Australien<\/div><div class=\"shipping_item__MMZrL\">Bahrain<\/div><div class=\"shipping_item__MMZrL\">Bangladesch<\/div><div class=\"shipping_item__MMZrL\">Barbados<\/div><div class=\"shipping_item__MMZrL\">Belgien<\/div><div class=\"shipping_item__MMZrL\">Bhutan<\/div><div class=\"shipping_item__MMZrL\">Bosnien und Herzegowina<\/div><div class=\"shipping_item__MMZrL\">Botswana<\/div><div class=\"shipping_item__MMZrL\">Brasilien<\/div><div class=\"shipping_item__MMZrL\">Bulgarien<\/div><div class=\"shipping_item__MMZrL\">Kambodscha<\/div><div class=\"shipping_item__MMZrL\">Kaimaninseln<\/div><div class=\"shipping_item__MMZrL\">Chile<\/div><div class=\"shipping_item__MMZrL\">Kolumbien<\/div><div class=\"shipping_item__MMZrL\">Costa Rica<\/div><div class=\"shipping_item__MMZrL\">Kroatien<\/div><div class=\"shipping_item__MMZrL\">Zypern<\/div><div class=\"shipping_item__MMZrL\">Tschechische Republik<\/div><div class=\"shipping_item__MMZrL\">D\u00e4nemark<\/div><div class=\"shipping_item__MMZrL\">Dominikanische Republik<\/div><div class=\"shipping_item__MMZrL\">Ecuador<\/div><div class=\"shipping_item__MMZrL\">\u00c4gypten<\/div><div class=\"shipping_item__MMZrL\">El Salvador<\/div><div class=\"shipping_item__MMZrL\">Estland<\/div><div class=\"shipping_item__MMZrL\">Fidschi<\/div><div class=\"shipping_item__MMZrL\">Finnland<\/div><div class=\"shipping_item__MMZrL\">Frankreich<\/div><div class=\"shipping_item__MMZrL\">Franz\u00f6sisch-Guayana<\/div><div class=\"shipping_item__MMZrL\">Franz\u00f6sisch-Polynesien<\/div><div class=\"shipping_item__MMZrL\">Georgien<\/div><div class=\"shipping_item__MMZrL\">Deutschland<\/div><div class=\"shipping_item__MMZrL\">Ghana<\/div><div class=\"shipping_item__MMZrL\">Gibraltar<\/div><div class=\"shipping_item__MMZrL\">Griechenland<\/div><div class=\"shipping_item__MMZrL\">Gr\u00f6nland<\/div><div class=\"shipping_item__MMZrL\">Guam<\/div><div class=\"shipping_item__MMZrL\">Guatemala<\/div><div class=\"shipping_item__MMZrL\">Honduras<\/div><div class=\"shipping_item__MMZrL\">Ungarn<\/div><div class=\"shipping_item__MMZrL\">Island<\/div><div class=\"shipping_item__MMZrL\">Indien<\/div><div class=\"shipping_item__MMZrL\">Indonesien<\/div><div class=\"shipping_item__MMZrL\">Irland<\/div><div class=\"shipping_item__MMZrL\">Israel<\/div><div class=\"shipping_item__MMZrL\">Italien<\/div><div class=\"shipping_item__MMZrL\">Japan<\/div><div class=\"shipping_item__MMZrL\">Jordanien<\/div><div class=\"shipping_item__MMZrL\">Kasachstan<\/div><div class=\"shipping_item__MMZrL\">Kenia<\/div><div class=\"shipping_item__MMZrL\">Kiribati<\/div><div class=\"shipping_item__MMZrL\">Kuwait<\/div><div class=\"shipping_item__MMZrL\">Lettland<\/div><div class=\"shipping_item__MMZrL\">Litauen<\/div><div class=\"shipping_item__MMZrL\">Luxemburg<\/div><div class=\"shipping_item__MMZrL\">Macau<\/div><div class=\"shipping_item__MMZrL\">Malaysia<\/div><div class=\"shipping_item__MMZrL\">Malediven<\/div><div class=\"shipping_item__MMZrL\">Malta<\/div><div class=\"shipping_item__MMZrL\">Mauritius<\/div><div class=\"shipping_item__MMZrL\">Mexiko<\/div><div class=\"shipping_item__MMZrL\">Mikronesien<\/div><div class=\"shipping_item__MMZrL\">Moldawien<\/div><div class=\"shipping_item__MMZrL\">Montserrat<\/div><div class=\"shipping_item__MMZrL\">Marokko<\/div><div class=\"shipping_item__MMZrL\">Nepal<\/div><div class=\"shipping_item__MMZrL\">Niederlande<\/div><div class=\"shipping_item__MMZrL\">Niederl\u00e4ndische Antillen<\/div><div class=\"shipping_item__MMZrL\">Neuseeland<\/div><div class=\"shipping_item__MMZrL\">Nicaragua<\/div><div class=\"shipping_item__MMZrL\">Nigeria<\/div><div class=\"shipping_item__MMZrL\">Niue<\/div><div class=\"shipping_item__MMZrL\">Norwegen<\/div><div class=\"shipping_item__MMZrL\">Oman<\/div><div class=\"shipping_item__MMZrL\">Pakistan<\/div><div class=\"shipping_item__MMZrL\">Panama<\/div><div class=\"shipping_item__MMZrL\">Papua-Neuguinea<\/div><div class=\"shipping_item__MMZrL\">Paraguay<\/div><div class=\"shipping_item__MMZrL\">Peru<\/div><div class=\"shipping_item__MMZrL\">Philippinen<\/div><div class=\"shipping_item__MMZrL\">Polen<\/div><div class=\"shipping_item__MMZrL\">Puerto Rico<\/div><div class=\"shipping_item__MMZrL\">Katar<\/div><div class=\"shipping_item__MMZrL\">Insel Reunion<\/div><div class=\"shipping_item__MMZrL\">Rum\u00e4nien<\/div><div class=\"shipping_item__MMZrL\">St. Barthelemy<\/div><div class=\"shipping_item__MMZrL\">St. Kitts und Nevis<\/div><div class=\"shipping_item__MMZrL\">Saudi-Arabien<\/div><div class=\"shipping_item__MMZrL\">Senegal<\/div><div class=\"shipping_item__MMZrL\">Serbien<\/div><div class=\"shipping_item__MMZrL\">Singapur<\/div><div class=\"shipping_item__MMZrL\">Slowakei<\/div><div class=\"shipping_item__MMZrL\">Slowenien<\/div><div class=\"shipping_item__MMZrL\">Salomoninseln<\/div><div class=\"shipping_item__MMZrL\">S\u00fcdafrika<\/div><div class=\"shipping_item__MMZrL\">S\u00fcdkorea<\/div><div class=\"shipping_item__MMZrL\">Spanien<\/div><div class=\"shipping_item__MMZrL\">Sri Lanka<\/div><div class=\"shipping_item__MMZrL\">Schweden<\/div><div class=\"shipping_item__MMZrL\">Schweiz<\/div><div class=\"shipping_item__MMZrL\">Taiwan<\/div><div class=\"shipping_item__MMZrL\">Tadschikistan<\/div><div class=\"shipping_item__MMZrL\">Thailand<\/div><div class=\"shipping_item__MMZrL\">Trinidad und Tobago<\/div><div class=\"shipping_item__MMZrL\">Tunesien<\/div><div class=\"shipping_item__MMZrL\">T\u00fcrkei<\/div><div class=\"shipping_item__MMZrL\">Turkmenistan<\/div><div class=\"shipping_item__MMZrL\">Turks- und Caicosinseln<\/div><div class=\"shipping_item__MMZrL\">Tuvalu<\/div><div class=\"shipping_item__MMZrL\">Ukraine<\/div><div class=\"shipping_item__MMZrL\">Vereinigte Arabische Emirate<\/div><div class=\"shipping_item__MMZrL\">Uruguay<\/div><div class=\"shipping_item__MMZrL\">Usbekistan<\/div><div class=\"shipping_item__MMZrL\">Venezuela<\/div><div class=\"shipping_item__MMZrL\">Vietnam<\/div><div class=\"shipping_item__MMZrL\">Jungferninseln (Britisch)<\/div><div class=\"shipping_item__MMZrL\">Sambia<\/div><\/div>\t\t\t\t\t\t\t\t<\/div>\n\t\t\t\t<\/div>\n\t\t\t\t\t<\/div>\n\t\t\t\t<\/div>\n\t\t<div class=\"wd-negative-gap elementor-element elementor-element-c70f2d1 e-flex e-con-boxed e-con e-parent\" data-id=\"c70f2d1\" data-element_type=\"container\">\n\t\t\t\t\t<div class=\"e-con-inner\">\n\t\t\t\t<div class=\"elementor-element elementor-element-6e8e315 elementor-widget elementor-widget-heading\" data-id=\"6e8e315\" data-element_type=\"widget\" data-widget_type=\"heading.default\">\n\t\t\t\t<div class=\"elementor-widget-container\">\n\t\t\t\t\t<h5 class=\"elementor-heading-title elementor-size-default\">Wenn Ihr Land nicht in der Liste aufgef\u00fchrt ist, wenden Sie sich bitte an den Kundendienst.<\/h5>\t\t\t\t<\/div>\n\t\t\t\t<\/div>\n\t\t\t\t<div class=\"elementor-element elementor-element-0023dc8 elementor-widget elementor-widget-heading\" data-id=\"0023dc8\" data-element_type=\"widget\" data-widget_type=\"heading.default\">\n\t\t\t\t<div class=\"elementor-widget-container\">\n\t\t\t\t\t<h2 class=\"elementor-heading-title elementor-size-default\">FAQ:<\/h2>\t\t\t\t<\/div>\n\t\t\t\t<\/div>\n\t\t\t\t<div class=\"elementor-element elementor-element-6b09cf2 elementor-widget elementor-widget-wd_accordion\" data-id=\"6b09cf2\" data-element_type=\"widget\" data-widget_type=\"wd_accordion.default\">\n\t\t\t\t<div class=\"elementor-widget-container\">\n\t\t\t\t\t\n\t\t<div class=\"wd-accordion wd-style-default\" data-state=\"all_closed\">\n\t\t\t\t\t\t\t\n\t\t\t\t<div class=\"wd-accordion-item\">\n\t\t\t\t\t<div class=\"wd-accordion-title text-left wd-opener-pos-right\" data-accordion-index=\"0\">\n\t\t\t\t\t\t<div class=\"wd-accordion-title-text\">\n\t\t\t\t\t\t\t\t\t\t\t\t\t\t<span>\n\t\t\t\t\t\t\t\tWann werde ich meine Bestellung erhalten?\t\t\t\t\t\t\t<\/span>\n\t\t\t\t\t\t<\/div>\n\t\t\t\t\t\t<span class=\"wd-accordion-opener wd-opener-style-arrow\"><\/span>\n\t\t\t\t\t<\/div>\n\n\t\t\t\t\t<div class=\"wd-accordion-content reset-last-child\" data-accordion-index=\"0\">\n\t\t\t\t\t\t\t\t\t\t\t\t\t\n\t\t\t\t\t\t\t<div><p>Das voraussichtliche Lieferdatum wird w\u00e4hrend des Bestellvorgangs angegeben und h\u00e4ngt von den ausgew\u00e4hlten Produkten, der Versandadresse und der Versandart ab.<\/p><\/div><div><p>Nach den Erfahrungen vieler unserer Kunden erfolgt die Lieferung an die meisten physischen Adressen innerhalb von 5 bis 25 Werktagen. Gesch\u00e4ftstage sind Montag bis Freitag.<\/p><\/div>\n\t\t\t\t\t\t\t\t\t\t\t\t\t\t\t\t\t\t<\/div>\n\t\t\t\t<\/div>\n\t\t\t\t\t\t\t\n\t\t\t\t<div class=\"wd-accordion-item\">\n\t\t\t\t\t<div class=\"wd-accordion-title text-left wd-opener-pos-right\" data-accordion-index=\"1\">\n\t\t\t\t\t\t<div class=\"wd-accordion-title-text\">\n\t\t\t\t\t\t\t\t\t\t\t\t\t\t<span>\n\t\t\t\t\t\t\t\tErheben Sie Steuern?\t\t\t\t\t\t\t<\/span>\n\t\t\t\t\t\t<\/div>\n\t\t\t\t\t\t<span class=\"wd-accordion-opener wd-opener-style-arrow\"><\/span>\n\t\t\t\t\t<\/div>\n\n\t\t\t\t\t<div class=\"wd-accordion-content reset-last-child\" data-accordion-index=\"1\">\n\t\t\t\t\t\t\t\t\t\t\t\t\t\n\t\t\t\t\t\t\t<div><p>Wir erheben keine Steuern. Allerdings k\u00f6nnen die \u00f6rtlichen Zollbeh\u00f6rden bei der Ankunft Steuern erheben. Der Spediteur zahlt diese Geb\u00fchren in der Regel in Ihrem Namen und zieht sie zum Zeitpunkt der Lieferung bei Ihnen ein.<\/p><\/div><div><p>F\u00fcr EU-L\u00e4nder, Zoll in der Regel 20% oder mehr in der Steuer zu laden. Wir \u00fcbernehmen diese Steuer und berechnen Ihnen nur 8% der Bestellsumme, wenn Sie zur Kasse gehen.<\/p><\/div>\n\t\t\t\t\t\t\t\t\t\t\t\t\t\t\t\t\t\t<\/div>\n\t\t\t\t<\/div>\n\t\t\t\t\t\t\t\n\t\t\t\t<div class=\"wd-accordion-item\">\n\t\t\t\t\t<div class=\"wd-accordion-title text-left wd-opener-pos-right\" data-accordion-index=\"2\">\n\t\t\t\t\t\t<div class=\"wd-accordion-title-text\">\n\t\t\t\t\t\t\t\t\t\t\t\t\t\t<span>\n\t\t\t\t\t\t\t\tWie kann ich meine Sendung verfolgen?\t\t\t\t\t\t\t<\/span>\n\t\t\t\t\t\t<\/div>\n\t\t\t\t\t\t<span class=\"wd-accordion-opener wd-opener-style-arrow\"><\/span>\n\t\t\t\t\t<\/div>\n\n\t\t\t\t\t<div class=\"wd-accordion-content reset-last-child\" data-accordion-index=\"2\">\n\t\t\t\t\t\t\t\t\t\t\t\t\t\n\t\t\t\t\t\t\t<p>Sie k\u00f6nnen den Status Ihrer Sendung auf unserer Seite \"Bestellung verfolgen\" oder \u00fcber die per E-Mail erhaltene Mitteilung einsehen. Bitte beachten Sie, dass es bis zu einer Woche dauern kann, bis ein Spediteur Ihre Bestellung in das Tracking-System einscannt.<\/p>\n\t\t\t\t\t\t\t\t\t\t\t\t\t\t\t\t\t\t<\/div>\n\t\t\t\t<\/div>\n\t\t\t\t\t\t\t\n\t\t\t\t<div class=\"wd-accordion-item\">\n\t\t\t\t\t<div class=\"wd-accordion-title text-left wd-opener-pos-right\" data-accordion-index=\"3\">\n\t\t\t\t\t\t<div class=\"wd-accordion-title-text\">\n\t\t\t\t\t\t\t\t\t\t\t\t\t\t<span>\n\t\t\t\t\t\t\t\tKann ich meine Versandinformationen \u00e4ndern?\t\t\t\t\t\t\t<\/span>\n\t\t\t\t\t\t<\/div>\n\t\t\t\t\t\t<span class=\"wd-accordion-opener wd-opener-style-arrow\"><\/span>\n\t\t\t\t\t<\/div>\n\n\t\t\t\t\t<div class=\"wd-accordion-content reset-last-child\" data-accordion-index=\"3\">\n\t\t\t\t\t\t\t\t\t\t\t\t\t\n\t\t\t\t\t\t\t<div><p>Sie k\u00f6nnen Ihre Versandinformationen jederzeit \u00e4ndern, bevor sie in den Versandprozess eingehen.<\/p><\/div><div><p>Bitte kontaktieren Sie unseren Kundenservice so schnell wie m\u00f6glich, wenn Sie Ihre Versandinformationen \u00e4ndern m\u00f6chten.<\/p><\/div><div><p>Wir k\u00f6nnen Ihre Versandinformationen nicht mehr \u00e4ndern, nachdem sie in unseren Versandprozess eingegangen sind.<\/p><\/div><div><p>Um eine rechtzeitige Zustellung Ihres Pakets zu gew\u00e4hrleisten, geben Sie bitte bei der Bestellung eine genaue Lieferadresse und Kontaktinformationen an.<\/p><\/div>\n\t\t\t\t\t\t\t\t\t\t\t\t\t\t\t\t\t\t<\/div>\n\t\t\t\t<\/div>\n\t\t\t\t\t\t\t\n\t\t\t\t<div class=\"wd-accordion-item\">\n\t\t\t\t\t<div class=\"wd-accordion-title text-left wd-opener-pos-right\" data-accordion-index=\"4\">\n\t\t\t\t\t\t<div class=\"wd-accordion-title-text\">\n\t\t\t\t\t\t\t\t\t\t\t\t\t\t<span>\n\t\t\t\t\t\t\t\tWas ist, wenn ich meine Bestellung nie erhalten habe?\t\t\t\t\t\t\t<\/span>\n\t\t\t\t\t\t<\/div>\n\t\t\t\t\t\t<span class=\"wd-accordion-opener wd-opener-style-arrow\"><\/span>\n\t\t\t\t\t<\/div>\n\n\t\t\t\t\t<div class=\"wd-accordion-content reset-last-child\" data-accordion-index=\"4\">\n\t\t\t\t\t\t\t\t\t\t\t\t\t\n\t\t\t\t\t\t\t<div><p>Wenn Ihre Bestellung nicht wie erwartet ankommt, kann sie auf dem Transportweg verloren gegangen sein. Sie k\u00f6nnen sich an unseren Kundenservice wenden, um das Paket f\u00fcr Sie erneut zu versenden.<\/p><\/div><div><p>Bevor Sie sich jedoch an unseren Kundendienst wenden, erkundigen Sie sich bitte bei Ihrer Familie oder Ihren Nachbarn, ob sie das Paket in Ihrem Namen erhalten haben, oder erkundigen Sie sich beim \u00f6rtlichen Zusteller, ob das Paket zugestellt wurde.<\/p><\/div>\n\t\t\t\t\t\t\t\t\t\t\t\t\t\t\t\t\t\t<\/div>\n\t\t\t\t<\/div>\n\t\t\t\t\t\t\t\n\t\t\t\t<div class=\"wd-accordion-item\">\n\t\t\t\t\t<div class=\"wd-accordion-title text-left wd-opener-pos-right\" data-accordion-index=\"5\">\n\t\t\t\t\t\t<div class=\"wd-accordion-title-text\">\n\t\t\t\t\t\t\t\t\t\t\t\t\t\t<span>\n\t\t\t\t\t\t\t\tKann ich einen Artikel zur\u00fcckgeben oder umtauschen?\t\t\t\t\t\t\t<\/span>\n\t\t\t\t\t\t<\/div>\n\t\t\t\t\t\t<span class=\"wd-accordion-opener wd-opener-style-arrow\"><\/span>\n\t\t\t\t\t<\/div>\n\n\t\t\t\t\t<div class=\"wd-accordion-content reset-last-child\" data-accordion-index=\"5\">\n\t\t\t\t\t\t\t\t\t\t\t\t\t\n\t\t\t\t\t\t\t<div><p>Wenn Sie mit Ihrem Kauf nicht 100% zufrieden sind, k\u00f6nnen Sie Ihren Artikel innerhalb von 30 Tagen nach Erhalt des Pakets an uns zur\u00fccksenden, um eine volle R\u00fcckerstattung oder einen Umtausch gegen einen neuen Artikel zu erhalten.<\/p><\/div><div><p>Was auch immer der Grund f\u00fcr Ihre Unzufriedenheit ist.<\/p><\/div><div><p>Bitte setzen Sie sich mit uns in Verbindung und senden Sie den Artikel in marktf\u00e4higem Zustand an die richtige Adresse.<\/p><\/div><div><p>(Wir nehmen nur Trikots ohne individuelle Aufkleber, Namen oder Nummern zur\u00fcck)<\/p><\/div>\n\t\t\t\t\t\t\t\t\t\t\t\t\t\t\t\t\t\t<\/div>\n\t\t\t\t<\/div>\n\t\t\t\t\t\t\t\n\t\t\t\t<div class=\"wd-accordion-item\">\n\t\t\t\t\t<div class=\"wd-accordion-title text-left wd-opener-pos-right\" data-accordion-index=\"6\">\n\t\t\t\t\t\t<div class=\"wd-accordion-title-text\">\n\t\t\t\t\t\t\t\t\t\t\t\t\t\t<span>\n\t\t\t\t\t\t\t\tWie kontaktiere ich unseren Kundendienst?\t\t\t\t\t\t\t<\/span>\n\t\t\t\t\t\t<\/div>\n\t\t\t\t\t\t<span class=\"wd-accordion-opener wd-opener-style-arrow\"><\/span>\n\t\t\t\t\t<\/div>\n\n\t\t\t\t\t<div class=\"wd-accordion-content reset-last-child\" data-accordion-index=\"6\">\n\t\t\t\t\t\t\t\t\t\t\t\t\t\n\t\t\t\t\t\t\t<div><p>Bitte kontaktieren Sie uns w\u00e4hrend der Gesch\u00e4ftszeiten \u00fcber den Online-Chat. Au\u00dferhalb der Gesch\u00e4ftszeiten wenden Sie sich bitte per E-Mail oder WhatsApp an unseren Kundenservice, um eine schnellere Antwort zu erhalten.<\/p><\/div><div><p>Unsere Arbeitszeiten sind t\u00e4glich von 20:00-5:00 Uhr (Eastern Time).<\/p><p>E-Mail: contact@lovephone.store<\/p><\/div>\n\t\t\t\t\t\t\t\t\t\t\t\t\t\t\t\t\t\t<\/div>\n\t\t\t\t<\/div>\n\t\t\t\t\t<\/div>\n\t\t\t\t\t\t<\/div>\n\t\t\t\t<\/div>\n\t\t\t\t\t<\/div>\n\t\t\t\t<\/div>\n\t\t\t\t<\/div>","protected":false},"excerpt":{"rendered":"<p>Good news: Free Shipping On Orders Over $120. Shipping Info We serve over 100 countries: United StatesCanadaAustriaUnited KingdomPortugalAlbaniaAnguillaArgentinaArmeniaAustraliaBahrainBangladeshBarbadosBelgiumBhutanBosnia and HerzegovinaBotswanaBrazilBulgariaCambodiaCayman<\/p>","protected":false},"author":3,"featured_media":0,"parent":0,"menu_order":0,"comment_status":"closed","ping_status":"closed","template":"","meta":{"_acf_changed":false,"footnotes":""},"class_list":["post-24799","page","type-page","status-publish","hentry"],"acf":[],"_links":{"self":[{"href":"https:\/\/lovephone.store\/de\/wp-json\/wp\/v2\/pages\/24799","targetHints":{"allow":["GET"]}}],"collection":[{"href":"https:\/\/lovephone.store\/de\/wp-json\/wp\/v2\/pages"}],"about":[{"href":"https:\/\/lovephone.store\/de\/wp-json\/wp\/v2\/types\/page"}],"author":[{"embeddable":true,"href":"https:\/\/lovephone.store\/de\/wp-json\/wp\/v2\/users\/3"}],"replies":[{"embeddable":true,"href":"https:\/\/lovephone.store\/de\/wp-json\/wp\/v2\/comments?post=24799"}],"version-history":[{"count":1,"href":"https:\/\/lovephone.store\/de\/wp-json\/wp\/v2\/pages\/24799\/revisions"}],"predecessor-version":[{"id":87668,"href":"https:\/\/lovephone.store\/de\/wp-json\/wp\/v2\/pages\/24799\/revisions\/87668"}],"wp:attachment":[{"href":"https:\/\/lovephone.store\/de\/wp-json\/wp\/v2\/media?parent=24799"}],"curies":[{"name":"wp","href":"https:\/\/api.w.org\/{rel}","templated":true}]}}