{"id":14,"date":"2023-06-15T12:33:10","date_gmt":"2023-06-15T12:33:10","guid":{"rendered":"https:\/\/dummy.xtemos.com\/woodmart2\/kids-elementor\/?page_id=14"},"modified":"2025-04-12T03:35:24","modified_gmt":"2025-04-12T03:35:24","slug":"about-us","status":"publish","type":"page","link":"https:\/\/lovephone.store\/de\/about-us\/","title":{"rendered":"About us"},"content":{"rendered":"<div data-elementor-type=\"wp-page\" data-elementor-id=\"14\" class=\"elementor elementor-14\" data-elementor-post-type=\"page\">\n\t\t\t\t<div class=\"wd-negative-gap elementor-element elementor-element-38d1e6f e-flex e-con-boxed e-con e-parent\" data-id=\"38d1e6f\" data-element_type=\"container\">\n\t\t\t\t\t<div class=\"e-con-inner\">\n\t\t\t\t<div class=\"elementor-element elementor-element-e4fce59 color-scheme-inherit text-left elementor-widget elementor-widget-text-editor\" data-id=\"e4fce59\" data-element_type=\"widget\" data-widget_type=\"text-editor.default\">\n\t\t\t\t<div class=\"elementor-widget-container\">\n\t\t\t\t\t\t\t\t\t<p>Willkommen bei&nbsp;<span style=\"font-family: Cabin, Arial, Helvetica, sans-serif; font-size: 18px; font-style: normal; font-variant-ligatures: normal; font-variant-caps: normal; font-weight: 400;\">LovePhone-Shop<\/span><strong>!<\/strong><\/p>\n<p>Wir bei LovePhone-Shop sind leidenschaftliche Fu\u00dfballfans und haben uns verpflichtet, Ihnen die beste Auswahl an Fu\u00dfballtrikots f\u00fcr M\u00e4nner, Frauen und Kinder zu bieten. Egal, ob Sie ein leidenschaftlicher Fan eines Top-Teams sind oder einfach nur ein schickes Trikot suchen, um Ihre Liebe zum Fu\u00dfball zu zeigen - wir haben das Richtige f\u00fcr Sie.<\/p>\n<h3>Unsere Geschichte<\/h3>\n<p>Gegr\u00fcndet mit einer tiefen Liebe f\u00fcr den Sport,&nbsp;<span style=\"font-family: Cabin, Arial, Helvetica, sans-serif; font-size: 18px; font-style: normal; font-variant-ligatures: normal; font-variant-caps: normal; font-weight: 400;\">LovePhone-Shop&nbsp;<\/span>begann mit einer einfachen Mission: hochwertige, authentische Fu\u00dfballtrikots anzubieten, die das sch\u00f6ne Spiel feiern. Wir wissen, wie aufregend es ist, die Farben des eigenen Teams zu tragen, und welche Freude das f\u00fcr Fans jeden Alters bedeutet. Unser Ziel ist es, eine breite Palette von Trikots anzubieten, die jeden Fu\u00dfballbegeisterten ansprechen, vom Gelegenheitsfan bis zum eingefleischten Anh\u00e4nger.<\/p>\n<h3>Was uns auszeichnet<\/h3>\n<ul>\n<li><strong>Qualit\u00e4t geht vor:<\/strong>&nbsp;Wir beziehen unsere Trikots von zuverl\u00e4ssigen Herstellern, um sicherzustellen, dass Sie Produkte erhalten, die sowohl langlebig als auch bequem sind.<\/li>\n<li><strong>Gro\u00dfe Auswahl:<\/strong>&nbsp;Unsere Kollektion umfasst Trikots f\u00fcr alle gro\u00dfen Mannschaften und Ligen, von klassischen Designs bis hin zu den neuesten Ver\u00f6ffentlichungen. Wir bieten Optionen f\u00fcr M\u00e4nner, Frauen und Kinder, so dass die ganze Familie ihre Lieblingsteams unterst\u00fctzen kann.<\/li>\n<li><strong>Kundenorientiert:<\/strong>&nbsp;Ihre Zufriedenheit ist unsere oberste Priorit\u00e4t. Unser Team ist bestrebt, Ihnen einen au\u00dfergew\u00f6hnlichen Kundenservice zu bieten und ein reibungsloses Einkaufserlebnis von Anfang bis Ende zu gew\u00e4hrleisten.<\/li>\n<\/ul>\n<h3>Unser Engagement<\/h3>\n<p>Unter&nbsp;<span style=\"font-family: Cabin, Arial, Helvetica, sans-serif; font-size: 18px; font-style: normal; font-variant-ligatures: normal; font-variant-caps: normal; font-weight: 400;\">LovePhone-Shop<\/span>Wir sind mehr als nur ein Gesch\u00e4ft - wir sind eine Gemeinschaft von Fu\u00dfballfans. Wir bem\u00fchen uns, unsere Preise wettbewerbsf\u00e4hig zu halten und bieten Aktionen und Sonderangebote, um Ihr Einkaufserlebnis noch besser zu machen.<\/p>\n<p>Wir glauben auch daran, der Gemeinschaft, die uns unterst\u00fctzt, etwas zur\u00fcckzugeben. Deshalb engagieren wir uns regelm\u00e4\u00dfig in Initiativen, die Jugendfu\u00dfballprogramme und lokale Mannschaften unterst\u00fctzen.<\/p>\n<h3>Kontakt aufnehmen<\/h3>\n<p>Sie haben Fragen oder ben\u00f6tigen Hilfe? Unser freundliches Support-Team ist f\u00fcr Sie da! Sie k\u00f6nnen uns unter support@lovephone.store erreichen oder mit uns \u00fcber soziale Medien in Kontakt treten.<\/p>\n<p>Danke, dass Sie sich f\u00fcr&nbsp;<span style=\"font-family: Cabin, Arial, Helvetica, sans-serif; font-size: 18px; font-style: normal; font-variant-ligatures: normal; font-variant-caps: normal; font-weight: 400;\">LovePhone-Shop<\/span>. Wir freuen uns, Teil deiner Fu\u00dfballreise zu sein und dich mit den besten Trikots und Fanartikeln zu versorgen.<\/p>\n<p>Halten Sie die Leidenschaft am Leben und genie\u00dfen Sie das Spiel!<\/p>\n<p><strong>Der LovePhone-Shop<\/strong><strong style=\"font-size: 18px; text-align: var(--text-align); background-color: var(--wd-main-bgcolor); color: var(--wd-text-color);\">&nbsp;Team<\/strong><\/p>\t\t\t\t\t\t\t\t<\/div>\n\t\t\t\t<\/div>\n\t\t\t\t\t<\/div>\n\t\t\t\t<\/div>\n\t\t\t\t<\/div>","protected":false},"excerpt":{"rendered":"<p>Welcome to&nbsp;LovePhone-Shop! At LovePhone-Shop, we\u2019re passionate about football and committed to bringing you the finest selection of football jerseys for<\/p>","protected":false},"author":3,"featured_media":0,"parent":0,"menu_order":0,"comment_status":"closed","ping_status":"closed","template":"","meta":{"_acf_changed":false,"footnotes":""},"class_list":["post-14","page","type-page","status-publish","hentry"],"acf":[],"_links":{"self":[{"href":"https:\/\/lovephone.store\/de\/wp-json\/wp\/v2\/pages\/14","targetHints":{"allow":["GET"]}}],"collection":[{"href":"https:\/\/lovephone.store\/de\/wp-json\/wp\/v2\/pages"}],"about":[{"href":"https:\/\/lovephone.store\/de\/wp-json\/wp\/v2\/types\/page"}],"author":[{"embeddable":true,"href":"https:\/\/lovephone.store\/de\/wp-json\/wp\/v2\/users\/3"}],"replies":[{"embeddable":true,"href":"https:\/\/lovephone.store\/de\/wp-json\/wp\/v2\/comments?post=14"}],"version-history":[{"count":4,"href":"https:\/\/lovephone.store\/de\/wp-json\/wp\/v2\/pages\/14\/revisions"}],"predecessor-version":[{"id":113866,"href":"https:\/\/lovephone.store\/de\/wp-json\/wp\/v2\/pages\/14\/revisions\/113866"}],"wp:attachment":[{"href":"https:\/\/lovephone.store\/de\/wp-json\/wp\/v2\/media?parent=14"}],"curies":[{"name":"wp","href":"https:\/\/api.w.org\/{rel}","templated":true}]}}