{"id":1343,"date":"2024-11-04T08:23:20","date_gmt":"2024-11-04T08:23:20","guid":{"rendered":"https:\/\/lovephone.store\/?page_id=1343"},"modified":"2024-12-10T17:09:30","modified_gmt":"2024-12-10T17:09:30","slug":"real-sociedad","status":"publish","type":"page","link":"https:\/\/lovephone.store\/de\/club\/la-liga\/real-sociedad\/","title":{"rendered":"Real Sociedad"},"content":{"rendered":"<div data-elementor-type=\"wp-page\" data-elementor-id=\"1343\" class=\"elementor elementor-1343\" data-elementor-post-type=\"page\">\n\t\t\t\t<div class=\"wd-negative-gap elementor-element elementor-element-f7bec97 e-flex e-con-boxed e-con e-parent\" data-id=\"f7bec97\" data-element_type=\"container\">\n\t\t\t\t\t<div class=\"e-con-inner\">\n\t\t\t\t<div class=\"elementor-element elementor-element-89c6989 elementor-widget elementor-widget-heading\" data-id=\"89c6989\" data-element_type=\"widget\" data-widget_type=\"heading.default\">\n\t\t\t\t<div class=\"elementor-widget-container\">\n\t\t\t\t\t<h3 class=\"elementor-heading-title elementor-size-default\">Real Sociedad Trikots<\/h3>\t\t\t\t<\/div>\n\t\t\t\t<\/div>\n\t\t\t\t<div class=\"elementor-element elementor-element-4738f07 color-scheme-inherit text-left elementor-widget elementor-widget-text-editor\" data-id=\"4738f07\" data-element_type=\"widget\" data-widget_type=\"text-editor.default\">\n\t\t\t\t<div class=\"elementor-widget-container\">\n\t\t\t\t\t\t\t\t\t<div class=\"single-line-text\">La Real Sociedad de F\u00fatbol, SAD, m\u00e1s com\u00fanmente conocida como Real Sociedad, La Real en espa\u00f1ol, Erreala en euskera, es un club deportivo profesional espa\u00f1ol en la ciudad de San Sebasti\u00e1n, Pa\u00eds Vasco, foundado el 7 de septiembre de 1909. Der Verein spielt im Estadio de Anoeta. El club tambi\u00e9n ha ganado la Copa del Rey en tres ocasiones, en 1909, 1987 y 2020. Disputa el derbi vasco contra su rival Athletic Bilbao. Alejandro Remiro Gargallo, Alexander Sorloth, Brais M\u00e9ndez y Robin Le Normand son algunos de los jugadores destacados del club.<\/div>\t\t\t\t\t\t\t\t<\/div>\n\t\t\t\t<\/div>\n\t\t\t\t\t<\/div>\n\t\t\t\t<\/div>\n\t\t<div class=\"elementor-element elementor-element-5485efa e-flex e-con-boxed e-con e-parent\" data-id=\"5485efa\" data-element_type=\"container\">\n\t\t\t\t\t<div class=\"e-con-inner\">\n\t\t\t\t<div class=\"elementor-element elementor-element-8eff20a elementor-hidden-mobile elementor-widget elementor-widget-wd_product_filters\" data-id=\"8eff20a\" data-element_type=\"widget\" data-widget_type=\"wd_product_filters.default\">\n\t\t\t\t<div class=\"elementor-widget-container\">\n\t\t\t\t\t\t\t<form class=\"wd-product-filters  wd-style-form  wd-grid-g\" action=\"\/de\/shop\/\" method=\"GET\" style=\"--wd-col-lg:4;--wd-col-md:4;--wd-col-sm:1; --wd-gap-lg:30px;\" data-trp-original-action=\"https:\/\/lovephone.store\/de\/shop\/\">\n\t\t\t\t\t\t\t\n\t\t\t\t\t\t\t\t\t\t\t\t\t\t\t\t<div class=\"wd-pf-checkboxes wd-pf-price-range multi_select widget_price_filter wd-col wd-event-click\">\n\t\t\t<div class=\"wd-pf-title\">\n\t\t\t\t<span class=\"title-text\">\n\t\t\t\t\tNach Preis filtern\t\t\t\t<\/span>\n\n\t\t\t\t\t\t\t\t\t<ul class=\"wd-pf-results\"><\/ul>\n\t\t\t\t\t\t\t<\/div>\n\n\t\t\t<div class=\"wd-pf-dropdown wd-dropdown\">\n\t\t\t\t<div class=\"price_slider_wrapper\">\n\t\t\t\t\t<div class=\"price_slider_widget\" style=\"display:none;\"><\/div>\n\n\t\t\t\t\t<div class=\"filter_price_slider_amount\">\n\t\t\t\t\t\t<input type=\"hidden\" class=\"min_price\" name=\"min_price\" value=\"0\" data-min=\"0\">\n\t\t\t\t\t\t<input type=\"hidden\" class=\"max_price\" name=\"max_price\" value=\"59\" data-max=\"59\">\n\n\t\t\t\t\t\t\n\t\t\t\t\t\t<div class=\"price_label\" style=\"display:none;\">\n\t\t\t\t\t\t\t<span class=\"from\"><\/span>\n\t\t\t\t\t\t\t<span class=\"to\"><\/span>\n\t\t\t\t\t\t<\/div>\n\t\t\t\t\t<\/div>\n\t\t\t\t<\/div>\n\t\t\t<\/div>\n\t\t<\/div>\n\t\t\t\t\t\t\t\t\t\t\t\t\t\n\t\t\t\t\t\t\t\t\t\t\t\t\t\t\t\t\t\t\t\t\n\t\t\t\t\t\t\t\t\t\t\t\t\t\t\t\t\n\t\t\t\t\t<div class=\"wd-pf-btn wd-col\">\n\t\t\t\t<button type=\"submit\">\n\t\t\t\t\tFilter\t\t\t\t<\/button>\n\t\t\t<\/div>\n\t\t\t\t<input type=\"hidden\" name=\"trp-form-language\" value=\"de\"\/><\/form>\n\t\t\t\t\t\t<\/div>\n\t\t\t\t<\/div>\n\t\t\t\t<div class=\"elementor-element elementor-element-48f3d61 elementor-widget elementor-widget-shortcode\" data-id=\"48f3d61\" data-element_type=\"widget\" data-widget_type=\"shortcode.default\">\n\t\t\t\t<div class=\"elementor-widget-container\">\n\t\t\t\t\t\t\t<div class=\"elementor-shortcode\">[wpcode id=\"85487\"]<\/div>\n\t\t\t\t\t\t<\/div>\n\t\t\t\t<\/div>\n\t\t\t\t\t<\/div>\n\t\t\t\t<\/div>\n\t\t\t\t<\/div>","protected":false},"excerpt":{"rendered":"<p>Real Sociedad Jerseys La Real Sociedad de F\u00fatbol, SAD, m\u00e1s com\u00fanmente conocida como Real Sociedad, La Real en espa\u00f1ol, Erreala<\/p>","protected":false},"author":3,"featured_media":0,"parent":1043,"menu_order":0,"comment_status":"closed","ping_status":"closed","template":"","meta":{"_acf_changed":false,"footnotes":""},"class_list":["post-1343","page","type-page","status-publish","hentry"],"acf":[],"_links":{"self":[{"href":"https:\/\/lovephone.store\/de\/wp-json\/wp\/v2\/pages\/1343","targetHints":{"allow":["GET"]}}],"collection":[{"href":"https:\/\/lovephone.store\/de\/wp-json\/wp\/v2\/pages"}],"about":[{"href":"https:\/\/lovephone.store\/de\/wp-json\/wp\/v2\/types\/page"}],"author":[{"embeddable":true,"href":"https:\/\/lovephone.store\/de\/wp-json\/wp\/v2\/users\/3"}],"replies":[{"embeddable":true,"href":"https:\/\/lovephone.store\/de\/wp-json\/wp\/v2\/comments?post=1343"}],"version-history":[{"count":0,"href":"https:\/\/lovephone.store\/de\/wp-json\/wp\/v2\/pages\/1343\/revisions"}],"up":[{"embeddable":true,"href":"https:\/\/lovephone.store\/de\/wp-json\/wp\/v2\/pages\/1043"}],"wp:attachment":[{"href":"https:\/\/lovephone.store\/de\/wp-json\/wp\/v2\/media?parent=1343"}],"curies":[{"name":"wp","href":"https:\/\/api.w.org\/{rel}","templated":true}]}}